{"id":8092,"date":"2022-05-28T17:42:58","date_gmt":"2022-05-28T23:42:58","guid":{"rendered":"https:\/\/paradiseproductscr.com\/product\/moi-la-plus-paresseuse\/"},"modified":"2022-05-28T17:42:58","modified_gmt":"2022-05-28T11:42:58","slug":"moi-la-plus-paresseuse","status":"publish","type":"product","link":"https:\/\/paradiseproductscr.com\/fr\/produit\/moi-la-plus-paresseuse\/","title":{"rendered":"Moi, la plus paresseuse"},"content":{"rendered":"<p><strong>\u00c2ge:<\/strong> 3 \u00e0 7 ans<\/p>\n<p><strong>Pages:<\/strong>16<\/p>\n<p><strong>Finition:<\/strong> chevalet rustique,<\/p>\n<p>papier couche 150g<\/p>\n<p><strong>Auteur:<\/strong> Anne Se\u00f1ol<\/p>\n<p><strong>llustrateur: <\/strong>Adi\u00e1n Gonz\u00e1lez<\/p>\n<p>Il y a quelque chose d\u2019injuste dans le fait d\u2019avoir trait\u00e9 un animal de paresseux qui prend simplement les choses \u00e0 la l\u00e9g\u00e8re. Bien s\u00fbr, c\u2019est si calme que seule une tortue pourrait bien le comprendre.<\/p>\n<p>Ses r\u00e9flexions semblent avoir \u00e9t\u00e9 film\u00e9es au ralenti, mais le paresseux s&rsquo;en moque.<\/p>\n<p>Elle est indolence, parcimonie, \u00e9ternit\u00e9. Ne joue pas la star d\u2019un film sur rapides et dangereux . Au contraire, il va dans la vie sans h\u00e2te et en plus avec pause, que ce soit pour manger, d\u00e9f\u00e9quer ou se reproduire.<\/p>\n<p>Il est adorable. (GBG)<\/p>\n","protected":false},"excerpt":{"rendered":"<p>Il y a quelque chose d\u2019injuste dans le fait d\u2019avoir trait\u00e9 un animal de paresseux qui prend simplement les choses \u00e0 la l\u00e9g\u00e8re. Bien s\u00fbr, c\u2019est si calme que seule une tortue pourrait bien le comprendre.<\/p>\n<p>Ses r\u00e9flexions semblent avoir \u00e9t\u00e9 film\u00e9es au ralenti, mais le paresseux s&rsquo;en moque.<\/p>\n<p>Elle est indolence, parcimonie, \u00e9ternit\u00e9. Ne joue pas la star d\u2019un film sur rapides et dangereux . Au contraire, il va dans la vie sans h\u00e2te et en plus avec pause, que ce soit pour manger, d\u00e9f\u00e9quer ou se reproduire.<\/p>\n<p>Il est adorable. (GBG)<\/p>\n","protected":false},"featured_media":5818,"comment_status":"closed","ping_status":"closed","template":"","meta":[],"etheme_brands":[],"product_brand":[],"product_cat":[74],"product_tag":[],"class_list":{"0":"post-8092","1":"product","2":"type-product","3":"status-publish","4":"has-post-thumbnail","6":"product_cat-alimentos","8":"first","9":"instock","10":"taxable","11":"shipping-taxable","12":"purchasable","13":"product-type-simple"},"exclude_global_add_ons":[],"addons":[],"_links":{"self":[{"href":"https:\/\/paradiseproductscr.com\/fr\/wp-json\/wp\/v2\/product\/8092","targetHints":{"allow":["GET"]}}],"collection":[{"href":"https:\/\/paradiseproductscr.com\/fr\/wp-json\/wp\/v2\/product"}],"about":[{"href":"https:\/\/paradiseproductscr.com\/fr\/wp-json\/wp\/v2\/types\/product"}],"replies":[{"embeddable":true,"href":"https:\/\/paradiseproductscr.com\/fr\/wp-json\/wp\/v2\/comments?post=8092"}],"version-history":[{"count":0,"href":"https:\/\/paradiseproductscr.com\/fr\/wp-json\/wp\/v2\/product\/8092\/revisions"}],"wp:featuredmedia":[{"embeddable":true,"href":"https:\/\/paradiseproductscr.com\/fr\/wp-json\/wp\/v2\/media\/5818"}],"wp:attachment":[{"href":"https:\/\/paradiseproductscr.com\/fr\/wp-json\/wp\/v2\/media?parent=8092"}],"wp:term":[{"taxonomy":"brand","embeddable":true,"href":"https:\/\/paradiseproductscr.com\/fr\/wp-json\/wp\/v2\/etheme_brands?post=8092"},{"taxonomy":"product_brand","embeddable":true,"href":"https:\/\/paradiseproductscr.com\/fr\/wp-json\/wp\/v2\/product_brand?post=8092"},{"taxonomy":"product_cat","embeddable":true,"href":"https:\/\/paradiseproductscr.com\/fr\/wp-json\/wp\/v2\/product_cat?post=8092"},{"taxonomy":"product_tag","embeddable":true,"href":"https:\/\/paradiseproductscr.com\/fr\/wp-json\/wp\/v2\/product_tag?post=8092"}],"curies":[{"name":"wp","href":"https:\/\/api.w.org\/{rel}","templated":true}]}}