{"id":8093,"date":"2022-05-28T11:42:58","date_gmt":"2022-05-28T17:42:58","guid":{"rendered":"https:\/\/paradiseproductscr.com\/product\/la-cosecha-del-cristofue-la-recolte-du-cristofue\/"},"modified":"2022-05-28T17:42:58","modified_gmt":"2022-05-28T11:42:58","slug":"la-cosecha-del-cristofue-la-recolte-du-cristofue","status":"publish","type":"product","link":"https:\/\/paradiseproductscr.com\/fr\/produit\/la-cosecha-del-cristofue-la-recolte-du-cristofue\/","title":{"rendered":"La cosecha del cristofue (La r\u00e9colte du cristofue)"},"content":{"rendered":"<p class=\"franja\"><strong>\u00c2ge:<\/strong> 3 \u00e0 7 ans<\/p>\n<p><strong>Pages:<\/strong>14<\/p>\n<p><strong>Finition:<\/strong> chevalet rustique,<\/p>\n<p>papier couche 150g<\/p>\n<p><strong>Auteur:<\/strong> Anne Se\u00f1ol<\/p>\n<p><strong>Ilustrateur:<\/strong> Adi\u00e1n Gonz\u00e1lez<\/p>\n<p>Anne Se\u00f1ol, fine observatrice des petits d\u00e9tails de la vie \u00e0 la campagne, a remarqu\u00e9 le dynamique petit oiseau appel\u00e9 cristofu\u00e9 (Pitangus sulphuratus). Lorsqu&rsquo;il chante, les oreilles du peuple n&rsquo;entendent que cela : cristofu\u00e9 !<\/p>\n<p>Avec ce bref r\u00e9cit, la maison d\u2019\u00e9dition La Jirafa y Yo, en pensant aux plus jeunes enfants, commence la collection ZOORPRENDENTES.<\/p>\n","protected":false},"excerpt":{"rendered":"<p>Anne Se\u00f1ol, fine observatrice des petits d\u00e9tails de la vie \u00e0 la campagne, a remarqu\u00e9 le dynamique petit oiseau appel\u00e9 cristofu\u00e9 (Pitangus sulphuratus). Lorsqu&rsquo;il chante, les oreilles du peuple n&rsquo;entendent que cela : cristofu\u00e9 !<\/p>\n<p>Avec ce bref r\u00e9cit, la maison d\u2019\u00e9dition La Jirafa y Yo, en pensant aux plus jeunes enfants, commence la collection ZOORPRENDENTES.<\/p>\n","protected":false},"featured_media":5820,"comment_status":"closed","ping_status":"closed","template":"","meta":[],"etheme_brands":[],"product_brand":[],"product_cat":[593],"product_tag":[594,595,603,602,597,604,599,598,600,601,596],"class_list":{"0":"post-8093","1":"product","2":"type-product","3":"status-publish","4":"has-post-thumbnail","6":"product_cat-medias-et-musique","7":"product_tag-apprentissage","8":"product_tag-contes","9":"product_tag-enfants","10":"product_tag-filles","11":"product_tag-histoires","12":"product_tag-infantile-fr","13":"product_tag-la-girafe-et-moi","14":"product_tag-langues","15":"product_tag-lecture","16":"product_tag-livres","17":"product_tag-scolaire","19":"first","20":"instock","21":"taxable","22":"shipping-taxable","23":"purchasable","24":"product-type-simple"},"exclude_global_add_ons":[],"addons":[],"_links":{"self":[{"href":"https:\/\/paradiseproductscr.com\/fr\/wp-json\/wp\/v2\/product\/8093","targetHints":{"allow":["GET"]}}],"collection":[{"href":"https:\/\/paradiseproductscr.com\/fr\/wp-json\/wp\/v2\/product"}],"about":[{"href":"https:\/\/paradiseproductscr.com\/fr\/wp-json\/wp\/v2\/types\/product"}],"replies":[{"embeddable":true,"href":"https:\/\/paradiseproductscr.com\/fr\/wp-json\/wp\/v2\/comments?post=8093"}],"version-history":[{"count":0,"href":"https:\/\/paradiseproductscr.com\/fr\/wp-json\/wp\/v2\/product\/8093\/revisions"}],"wp:featuredmedia":[{"embeddable":true,"href":"https:\/\/paradiseproductscr.com\/fr\/wp-json\/wp\/v2\/media\/5820"}],"wp:attachment":[{"href":"https:\/\/paradiseproductscr.com\/fr\/wp-json\/wp\/v2\/media?parent=8093"}],"wp:term":[{"taxonomy":"brand","embeddable":true,"href":"https:\/\/paradiseproductscr.com\/fr\/wp-json\/wp\/v2\/etheme_brands?post=8093"},{"taxonomy":"product_brand","embeddable":true,"href":"https:\/\/paradiseproductscr.com\/fr\/wp-json\/wp\/v2\/product_brand?post=8093"},{"taxonomy":"product_cat","embeddable":true,"href":"https:\/\/paradiseproductscr.com\/fr\/wp-json\/wp\/v2\/product_cat?post=8093"},{"taxonomy":"product_tag","embeddable":true,"href":"https:\/\/paradiseproductscr.com\/fr\/wp-json\/wp\/v2\/product_tag?post=8093"}],"curies":[{"name":"wp","href":"https:\/\/api.w.org\/{rel}","templated":true}]}}