{"id":8095,"date":"2022-05-28T11:42:37","date_gmt":"2022-05-28T17:42:37","guid":{"rendered":"https:\/\/paradiseproductscr.com\/product\/abc-de-josefina\/"},"modified":"2022-05-28T17:42:37","modified_gmt":"2022-05-28T11:42:37","slug":"abc-de-josefina","status":"publish","type":"product","link":"https:\/\/paradiseproductscr.com\/fr\/produit\/abc-de-josefina\/","title":{"rendered":"ABC de Josefina"},"content":{"rendered":"<div class=\"woocommerce-tabs wc-tabs-wrapper\">\n<div id=\"tab-description\" class=\"woocommerce-Tabs-panel woocommerce-Tabs-panel--description panel entry-content wc-tab\" role=\"tabpanel\" aria-labelledby=\"tab-title-description\">\n<p class=\"franja\"><strong>\u00c2ge :<\/strong> pour tous les \u00e2ges<\/p>\n<p><strong>Pages:<\/strong>64<\/p>\n<p><strong>Finition:<\/strong> broch\u00e9 et coll\u00e9, papier couch\u00e9 150g<\/p>\n<p><strong>Illustrations:<\/strong> Adi\u00e1n Gonz\u00e1lez<\/p>\n<p>Depuis qu&rsquo;elle est toute petite, Josefina aime d\u00e9vorer les pages des livres et se vante de conna\u00eetre le sens de tous les mots et leur orthographe.<\/p>\n<p>Notez ce d\u00e9tail : les girafes sont essentiellement muettes. Mais JOSEFINA sait peindre ! Avec l&rsquo;aide d&rsquo;Adi\u00e1n Gonz\u00e1lez, dompteur de girafes et de r\u00eaves, il a illustr\u00e9 des centaines d&rsquo;objets et de situations, par ordre alphab\u00e9tique. Josefina met les lecteurs au d\u00e9fi de les trouver et de les nommer, ainsi que de la chercher \u00e0 chaque page.<\/p>\n<\/div>\n<\/div>\n","protected":false},"excerpt":{"rendered":"<p>Depuis qu&rsquo;elle est toute petite, Josefina aime d\u00e9vorer les pages des livres et se vante de conna\u00eetre le sens de tous les mots et leur orthographe.<\/p>\n<p>Notez ce d\u00e9tail : les girafes sont essentiellement muettes. Mais JOSEFINA sait peindre ! Avec l&rsquo;aide d&rsquo;Adi\u00e1n Gonz\u00e1lez, dompteur de girafes et de r\u00eaves, il a illustr\u00e9 des centaines d&rsquo;objets et de situations, par ordre alphab\u00e9tique. Josefina met les lecteurs au d\u00e9fi de les trouver et de les nommer, ainsi que de la chercher \u00e0 chaque page.<\/p>\n","protected":false},"featured_media":5790,"comment_status":"closed","ping_status":"closed","template":"","meta":[],"etheme_brands":[],"product_brand":[],"product_cat":[593],"product_tag":[594,595,603,602,597,599,598,600,601,596],"class_list":{"0":"post-8095","1":"product","2":"type-product","3":"status-publish","4":"has-post-thumbnail","6":"product_cat-medias-et-musique","7":"product_tag-apprentissage","8":"product_tag-contes","9":"product_tag-enfants","10":"product_tag-filles","11":"product_tag-histoires","12":"product_tag-la-girafe-et-moi","13":"product_tag-langues","14":"product_tag-lecture","15":"product_tag-livres","16":"product_tag-scolaire","18":"first","19":"instock","20":"taxable","21":"shipping-taxable","22":"purchasable","23":"product-type-simple"},"exclude_global_add_ons":[],"addons":[],"_links":{"self":[{"href":"https:\/\/paradiseproductscr.com\/fr\/wp-json\/wp\/v2\/product\/8095","targetHints":{"allow":["GET"]}}],"collection":[{"href":"https:\/\/paradiseproductscr.com\/fr\/wp-json\/wp\/v2\/product"}],"about":[{"href":"https:\/\/paradiseproductscr.com\/fr\/wp-json\/wp\/v2\/types\/product"}],"replies":[{"embeddable":true,"href":"https:\/\/paradiseproductscr.com\/fr\/wp-json\/wp\/v2\/comments?post=8095"}],"version-history":[{"count":0,"href":"https:\/\/paradiseproductscr.com\/fr\/wp-json\/wp\/v2\/product\/8095\/revisions"}],"wp:featuredmedia":[{"embeddable":true,"href":"https:\/\/paradiseproductscr.com\/fr\/wp-json\/wp\/v2\/media\/5790"}],"wp:attachment":[{"href":"https:\/\/paradiseproductscr.com\/fr\/wp-json\/wp\/v2\/media?parent=8095"}],"wp:term":[{"taxonomy":"brand","embeddable":true,"href":"https:\/\/paradiseproductscr.com\/fr\/wp-json\/wp\/v2\/etheme_brands?post=8095"},{"taxonomy":"product_brand","embeddable":true,"href":"https:\/\/paradiseproductscr.com\/fr\/wp-json\/wp\/v2\/product_brand?post=8095"},{"taxonomy":"product_cat","embeddable":true,"href":"https:\/\/paradiseproductscr.com\/fr\/wp-json\/wp\/v2\/product_cat?post=8095"},{"taxonomy":"product_tag","embeddable":true,"href":"https:\/\/paradiseproductscr.com\/fr\/wp-json\/wp\/v2\/product_tag?post=8095"}],"curies":[{"name":"wp","href":"https:\/\/api.w.org\/{rel}","templated":true}]}}