{"id":8097,"date":"2022-05-28T17:42:37","date_gmt":"2022-05-28T23:42:37","guid":{"rendered":"https:\/\/paradiseproductscr.com\/product\/qui-etait-le-general-guardia\/"},"modified":"2022-05-28T17:42:37","modified_gmt":"2022-05-28T11:42:37","slug":"qui-etait-le-general-guardia","status":"publish","type":"product","link":"https:\/\/paradiseproductscr.com\/fr\/produit\/qui-etait-le-general-guardia\/","title":{"rendered":"Qui \u00e9tait le g\u00e9n\u00e9ral Guardia ?"},"content":{"rendered":"<p><b>\u00c2ge :<\/b> 10 \u00e0 17 ans<\/p>\n<p><b>Pages:<\/b> 40<\/p>\n<p><b>Finition :<\/b> dimensionn\u00e9 et cuit, papier \u00e9ditorial 90g<\/p>\n<p><b>Auteur:<\/b> Anne Se\u00f1ol<\/p>\n<p><b>Ilustrateur: <\/b>Ebenezer Leyva<\/p>\n<p>Qui a aboli la peine de mort au Costa Rica ?<\/p>\n<p>Qui a entrepris la t\u00e2che titanesque de relier nos deux mers par le rail ?<\/p>\n<p>Qui s&rsquo;est inspir\u00e9 du cheval de Troie pour prendre le pouvoir et gouverner le Costa Rica plus longtemps que n&rsquo;importe quel autre pr\u00e9sident ?<\/p>\n<p>Les r\u00e9ponses \u00e0 ces questions et \u00e0 d&rsquo;autres se trouvent dans cette biographie divertissante du g\u00e9n\u00e9ral Tom\u00e1s Guardia Guti\u00e9rrez, avec laquelle la maison d&rsquo;\u00e9dition La Jirafa y Yo ouvre la collection PERSONAJES, consacr\u00e9e \u00e0 la diffusion aupr\u00e8s des enfants et des jeunes des histoires de ceux qui ont forg\u00e9 notre patrie.<\/p>\n<p>Figure embl\u00e9matique du Costa Rica et surtout du XIXe si\u00e8cle, le g\u00e9n\u00e9ral Guardia a captiv\u00e9 l&rsquo;\u00e9crivain Anne Se\u00f1ol et l&rsquo;a amen\u00e9e \u00e0 faire des recherches sur une vie qui m\u00e9rite d&rsquo;\u00eatre mieux connue.<\/p>\n<p>Tout aussi int\u00e9ress\u00e9, Ebenezer Leyva a apport\u00e9 son talent artistique et a mat\u00e9rialis\u00e9 le personnage dans des vignettes tr\u00e8s int\u00e9ressantes.<\/p>\n<p>Bienvenue \u00e0 bord de notre nouvelle collection ! (GBG)<\/p>\n","protected":false},"excerpt":{"rendered":"<p>Qui a aboli la peine de mort au Costa Rica ?<\/p>\n<p>Qui a entrepris la t\u00e2che titanesque de relier nos deux mers par le rail ?<\/p>\n<p>Qui s&rsquo;est inspir\u00e9 du cheval de Troie pour prendre le pouvoir et gouverner le Costa Rica plus longtemps que n&rsquo;importe quel autre pr\u00e9sident ?<\/p>\n<p>Les r\u00e9ponses \u00e0 ces questions et \u00e0 d&rsquo;autres se trouvent dans cette biographie divertissante du g\u00e9n\u00e9ral Tom\u00e1s Guardia Guti\u00e9rrez, avec laquelle la maison d&rsquo;\u00e9dition La Jirafa y Yo ouvre la collection PERSONAJES, consacr\u00e9e \u00e0 la diffusion aupr\u00e8s des enfants et des jeunes des histoires de ceux qui ont forg\u00e9 notre patrie.<\/p>\n<p>Figure embl\u00e9matique du Costa Rica et surtout du XIXe si\u00e8cle, le g\u00e9n\u00e9ral Guardia a captiv\u00e9 l&rsquo;\u00e9crivain Anne Se\u00f1ol et l&rsquo;a amen\u00e9e \u00e0 faire des recherches sur une vie qui m\u00e9rite d&rsquo;\u00eatre mieux connue.<\/p>\n<p>Tout aussi int\u00e9ress\u00e9, Ebenezer Leyva a apport\u00e9 son talent artistique et a mat\u00e9rialis\u00e9 le personnage dans des vignettes tr\u00e8s int\u00e9ressantes.<\/p>\n<p>Bienvenue \u00e0 bord de notre nouvelle collection ! (GBG)<\/p>\n","protected":false},"featured_media":5794,"comment_status":"closed","ping_status":"closed","template":"","meta":[],"etheme_brands":[],"product_brand":[],"product_cat":[74],"product_tag":[],"class_list":{"0":"post-8097","1":"product","2":"type-product","3":"status-publish","4":"has-post-thumbnail","6":"product_cat-alimentos","8":"first","9":"instock","10":"taxable","11":"shipping-taxable","12":"purchasable","13":"product-type-simple"},"exclude_global_add_ons":[],"addons":[],"_links":{"self":[{"href":"https:\/\/paradiseproductscr.com\/fr\/wp-json\/wp\/v2\/product\/8097","targetHints":{"allow":["GET"]}}],"collection":[{"href":"https:\/\/paradiseproductscr.com\/fr\/wp-json\/wp\/v2\/product"}],"about":[{"href":"https:\/\/paradiseproductscr.com\/fr\/wp-json\/wp\/v2\/types\/product"}],"replies":[{"embeddable":true,"href":"https:\/\/paradiseproductscr.com\/fr\/wp-json\/wp\/v2\/comments?post=8097"}],"version-history":[{"count":0,"href":"https:\/\/paradiseproductscr.com\/fr\/wp-json\/wp\/v2\/product\/8097\/revisions"}],"wp:featuredmedia":[{"embeddable":true,"href":"https:\/\/paradiseproductscr.com\/fr\/wp-json\/wp\/v2\/media\/5794"}],"wp:attachment":[{"href":"https:\/\/paradiseproductscr.com\/fr\/wp-json\/wp\/v2\/media?parent=8097"}],"wp:term":[{"taxonomy":"brand","embeddable":true,"href":"https:\/\/paradiseproductscr.com\/fr\/wp-json\/wp\/v2\/etheme_brands?post=8097"},{"taxonomy":"product_brand","embeddable":true,"href":"https:\/\/paradiseproductscr.com\/fr\/wp-json\/wp\/v2\/product_brand?post=8097"},{"taxonomy":"product_cat","embeddable":true,"href":"https:\/\/paradiseproductscr.com\/fr\/wp-json\/wp\/v2\/product_cat?post=8097"},{"taxonomy":"product_tag","embeddable":true,"href":"https:\/\/paradiseproductscr.com\/fr\/wp-json\/wp\/v2\/product_tag?post=8097"}],"curies":[{"name":"wp","href":"https:\/\/api.w.org\/{rel}","templated":true}]}}