{"id":8099,"date":"2022-05-28T17:42:37","date_gmt":"2022-05-28T23:42:37","guid":{"rendered":"https:\/\/paradiseproductscr.com\/product\/qui-etait-fadrique-gutierrez\/"},"modified":"2022-05-28T17:42:37","modified_gmt":"2022-05-28T11:42:37","slug":"qui-etait-fadrique-gutierrez","status":"publish","type":"product","link":"https:\/\/paradiseproductscr.com\/fr\/produit\/qui-etait-fadrique-gutierrez\/","title":{"rendered":"Qui \u00e9tait Fadrique Guti\u00e9rrez?"},"content":{"rendered":"<p><b>\u00c2ge :<\/b> 10 \u00e0 17 ans<\/p>\n<p><b>Pages:<\/b>40<\/p>\n<p><b>Finition :<\/b> dimensionn\u00e9 et cuit, papier \u00e9ditorial 90g<\/p>\n<p><b>Auteur:<\/b> Anne Se\u00f1ol<\/p>\n<p><b>llustrateur: <\/b>Adi\u00e1n Gonz\u00e1lez<\/p>\n<p>Chaque pays a ses personnages aventureux, rebelles avec ou sans cause, qui sortent du cercle marqu\u00e9 par les conventions de leur \u00e9poque.<\/p>\n<p>C&rsquo;est le cas de Fadrique Guti\u00e9rrez Flores, un herediano de pure souche qui a scandalis\u00e9 le bon peuple du XIXe si\u00e8cle par son go\u00fbt pour les intrigues politiques et les affaires de jupes, le tout teint\u00e9 de sa<br \/>\ndes go\u00fbts artistiques provocateurs.<\/p>\n<p>Complice de son cousin, le g\u00e9n\u00e9ral Tom\u00e1s Guardia, il l&rsquo;a aid\u00e9 \u00e0 acc\u00e9der au pouvoir, mais il est rapidement tomb\u00e9 en disgr\u00e2ce.<\/p>\n<p>Aux vaches maigres de son existence, parmi lesquelles le bannissement figure en bonne place, ont succ\u00e9d\u00e9 les canonicats et la douceur que procure la proximit\u00e9 des puissants.<\/p>\n<p>Aujourd&rsquo;hui, on ne se souvient de lui que par un curieux pr\u00e9nom et par une ortine qui est devenue l&#8217;embl\u00e8me de toute une province.<\/p>\n<p>Anne Se\u00f1ol a lev\u00e9 le voile sur cette existence mouvement\u00e9e qu&rsquo;Adi\u00e1n Gonz\u00e1lez a dessin\u00e9e pour le plaisir des lecteurs de la collection PERSONAJES, publi\u00e9e par La Jirafa y Yo.<\/p>\n","protected":false},"excerpt":{"rendered":"<p>Chaque pays a ses personnages aventureux, rebelles avec ou sans cause, qui sortent du cercle marqu\u00e9 par les conventions de leur \u00e9poque.<\/p>\n<p>C&rsquo;est le cas de Fadrique Guti\u00e9rrez Flores, un herediano de pure souche qui a scandalis\u00e9 le bon peuple du XIXe si\u00e8cle par son go\u00fbt pour les intrigues politiques et les affaires de jupes, le tout teint\u00e9 de sa<br \/>\ndes go\u00fbts artistiques provocateurs.<\/p>\n<p>Complice de son cousin, le g\u00e9n\u00e9ral Tom\u00e1s Guardia, il l&rsquo;a aid\u00e9 \u00e0 acc\u00e9der au pouvoir, mais il est rapidement tomb\u00e9 en disgr\u00e2ce.<\/p>\n<p>Aux vaches maigres de son existence, parmi lesquelles le bannissement figure en bonne place, ont succ\u00e9d\u00e9 les canonicats et la douceur que procure la proximit\u00e9 des puissants.<\/p>\n<p>Aujourd&rsquo;hui, on ne se souvient de lui que par un curieux pr\u00e9nom et par une ortine qui est devenue l&#8217;embl\u00e8me de toute une province.<\/p>\n<p>Anne Se\u00f1ol a lev\u00e9 le voile sur cette existence mouvement\u00e9e qu&rsquo;Adi\u00e1n Gonz\u00e1lez a dessin\u00e9e pour le plaisir des lecteurs de la collection PERSONAJES, publi\u00e9e par La Jirafa y Yo.<\/p>\n","protected":false},"featured_media":5796,"comment_status":"closed","ping_status":"closed","template":"","meta":[],"etheme_brands":[],"product_brand":[],"product_cat":[74],"product_tag":[],"class_list":{"0":"post-8099","1":"product","2":"type-product","3":"status-publish","4":"has-post-thumbnail","6":"product_cat-alimentos","8":"first","9":"instock","10":"taxable","11":"shipping-taxable","12":"purchasable","13":"product-type-simple"},"exclude_global_add_ons":[],"addons":[],"_links":{"self":[{"href":"https:\/\/paradiseproductscr.com\/fr\/wp-json\/wp\/v2\/product\/8099","targetHints":{"allow":["GET"]}}],"collection":[{"href":"https:\/\/paradiseproductscr.com\/fr\/wp-json\/wp\/v2\/product"}],"about":[{"href":"https:\/\/paradiseproductscr.com\/fr\/wp-json\/wp\/v2\/types\/product"}],"replies":[{"embeddable":true,"href":"https:\/\/paradiseproductscr.com\/fr\/wp-json\/wp\/v2\/comments?post=8099"}],"version-history":[{"count":0,"href":"https:\/\/paradiseproductscr.com\/fr\/wp-json\/wp\/v2\/product\/8099\/revisions"}],"wp:featuredmedia":[{"embeddable":true,"href":"https:\/\/paradiseproductscr.com\/fr\/wp-json\/wp\/v2\/media\/5796"}],"wp:attachment":[{"href":"https:\/\/paradiseproductscr.com\/fr\/wp-json\/wp\/v2\/media?parent=8099"}],"wp:term":[{"taxonomy":"brand","embeddable":true,"href":"https:\/\/paradiseproductscr.com\/fr\/wp-json\/wp\/v2\/etheme_brands?post=8099"},{"taxonomy":"product_brand","embeddable":true,"href":"https:\/\/paradiseproductscr.com\/fr\/wp-json\/wp\/v2\/product_brand?post=8099"},{"taxonomy":"product_cat","embeddable":true,"href":"https:\/\/paradiseproductscr.com\/fr\/wp-json\/wp\/v2\/product_cat?post=8099"},{"taxonomy":"product_tag","embeddable":true,"href":"https:\/\/paradiseproductscr.com\/fr\/wp-json\/wp\/v2\/product_tag?post=8099"}],"curies":[{"name":"wp","href":"https:\/\/api.w.org\/{rel}","templated":true}]}}