{"id":8100,"date":"2022-05-28T17:42:37","date_gmt":"2022-05-28T23:42:37","guid":{"rendered":"https:\/\/paradiseproductscr.com\/product\/lorca-la-luz-inagotable-lorca-la-lumiere-inepuisable\/"},"modified":"2022-05-28T17:42:37","modified_gmt":"2022-05-28T11:42:37","slug":"lorca-la-luz-inagotable-lorca-la-lumiere-inepuisable","status":"publish","type":"product","link":"https:\/\/paradiseproductscr.com\/fr\/produit\/lorca-la-luz-inagotable-lorca-la-lumiere-inepuisable\/","title":{"rendered":"Lorca: la luz inagotable (Lorca: la lumi\u00e8re in\u00e9puisable)"},"content":{"rendered":"<p class=\"franja\"><strong>\u00c2ge :<\/strong> pour tous les \u00e2ges<\/p>\n<p><strong>Pages:<\/strong>74<\/p>\n<p><strong>Finition:<\/strong> broch\u00e9 et coll\u00e9, papier couch\u00e9 150g<\/p>\n<p><strong>Auteur:<\/strong> Federico Garc\u00eda Lorca<\/p>\n<p><strong>Ilustrateur:<\/strong> Adi\u00e1n Gonz\u00e1lez<\/p>\n<p>Garc\u00eda Lorca a \u00e9crit dans une lettre que son c\u0153ur \u00e9tait un peu d&rsquo;eau pure. Nous savons maintenant que ce petit morceau d&rsquo;eau pure est &#8211; parce que son c\u0153ur bat encore &#8211; un puits d&rsquo;eau pure, le puits tr\u00e8s profond et l&rsquo;eau tr\u00e8s pure, avec des atomes de feu et de froid comme les cuisses de l&rsquo;\u00e9pouse infid\u00e8le.<\/p>\n<p>C&rsquo;est une chose \u00e9trange car cette eau pure est faite de lumi\u00e8re. D&rsquo;une lumi\u00e8re in\u00e9puisable. Ce livre de l&rsquo;\u00e9diteur La Jirafa y Yo en t\u00e9moigne.<\/p>\n","protected":false},"excerpt":{"rendered":"<p>Garc\u00eda Lorca a \u00e9crit dans une lettre que son c\u0153ur \u00e9tait un peu d&rsquo;eau pure. Nous savons maintenant que ce petit morceau d&rsquo;eau pure est &#8211; parce que son c\u0153ur bat encore &#8211; un puits d&rsquo;eau pure, le puits tr\u00e8s profond et l&rsquo;eau tr\u00e8s pure, avec des atomes de feu et de froid comme les cuisses de l&rsquo;\u00e9pouse infid\u00e8le.<\/p>\n<p>C&rsquo;est une chose \u00e9trange car cette eau pure est faite de lumi\u00e8re. D&rsquo;une lumi\u00e8re in\u00e9puisable. Ce livre de l&rsquo;\u00e9diteur La Jirafa y Yo en t\u00e9moigne.<\/p>\n","protected":false},"featured_media":5798,"comment_status":"closed","ping_status":"closed","template":"","meta":[],"etheme_brands":[],"product_brand":[],"product_cat":[74],"product_tag":[],"class_list":{"0":"post-8100","1":"product","2":"type-product","3":"status-publish","4":"has-post-thumbnail","6":"product_cat-alimentos","8":"first","9":"instock","10":"taxable","11":"shipping-taxable","12":"purchasable","13":"product-type-simple"},"exclude_global_add_ons":[],"addons":[],"_links":{"self":[{"href":"https:\/\/paradiseproductscr.com\/fr\/wp-json\/wp\/v2\/product\/8100","targetHints":{"allow":["GET"]}}],"collection":[{"href":"https:\/\/paradiseproductscr.com\/fr\/wp-json\/wp\/v2\/product"}],"about":[{"href":"https:\/\/paradiseproductscr.com\/fr\/wp-json\/wp\/v2\/types\/product"}],"replies":[{"embeddable":true,"href":"https:\/\/paradiseproductscr.com\/fr\/wp-json\/wp\/v2\/comments?post=8100"}],"version-history":[{"count":0,"href":"https:\/\/paradiseproductscr.com\/fr\/wp-json\/wp\/v2\/product\/8100\/revisions"}],"wp:featuredmedia":[{"embeddable":true,"href":"https:\/\/paradiseproductscr.com\/fr\/wp-json\/wp\/v2\/media\/5798"}],"wp:attachment":[{"href":"https:\/\/paradiseproductscr.com\/fr\/wp-json\/wp\/v2\/media?parent=8100"}],"wp:term":[{"taxonomy":"brand","embeddable":true,"href":"https:\/\/paradiseproductscr.com\/fr\/wp-json\/wp\/v2\/etheme_brands?post=8100"},{"taxonomy":"product_brand","embeddable":true,"href":"https:\/\/paradiseproductscr.com\/fr\/wp-json\/wp\/v2\/product_brand?post=8100"},{"taxonomy":"product_cat","embeddable":true,"href":"https:\/\/paradiseproductscr.com\/fr\/wp-json\/wp\/v2\/product_cat?post=8100"},{"taxonomy":"product_tag","embeddable":true,"href":"https:\/\/paradiseproductscr.com\/fr\/wp-json\/wp\/v2\/product_tag?post=8100"}],"curies":[{"name":"wp","href":"https:\/\/api.w.org\/{rel}","templated":true}]}}