{"id":8101,"date":"2022-05-28T17:42:37","date_gmt":"2022-05-28T23:42:37","guid":{"rendered":"https:\/\/paradiseproductscr.com\/product\/poemes-que-ruben-vous-offrirait\/"},"modified":"2022-05-28T17:42:37","modified_gmt":"2022-05-28T11:42:37","slug":"poemes-que-ruben-vous-offrirait","status":"publish","type":"product","link":"https:\/\/paradiseproductscr.com\/fr\/produit\/poemes-que-ruben-vous-offrirait\/","title":{"rendered":"Po\u00e8mes que Rub\u00e9n vous offrirait"},"content":{"rendered":"<p class=\"franja\"><strong>\u00c2ge :<\/strong> pour tous les \u00e2ges<\/p>\n<p><strong>Pages:<\/strong>74<\/p>\n<p><strong>Finition:<\/strong> broch\u00e9 et coll\u00e9, papier couch\u00e9 150g<\/p>\n<p><strong>Auteur:<\/strong> Rub\u00e9n Dar\u00edo<\/p>\n<p><strong>Ilustrateur:<\/strong> Adi\u00e1n Gonz\u00e1lez<\/p>\n<p>&#8230;tous les po\u00e8mes qui se trouvent dans ce livre sont magnifiques, et tous les beaux po\u00e8mes de Dar\u00edo qui n&rsquo;y sont pas m\u00e9ritent \u00e9galement d&rsquo;y figurer. Dans ce livre con\u00e7u par Gerardo Bola\u00f1os et magistralement illustr\u00e9 par Adi\u00e1n Gonz\u00e1lez, sont distill\u00e9s \u00ab\u00a0ses attributs de grand po\u00e8te&#8230; \u00e0 jamais indispensables\u00a0\u00bb, comme l&rsquo;appelait Pablo Neruda dans son discours de 1934 lors d&rsquo;une intervention conjointe avec Federico Garc\u00eda Lorca.<\/p>\n","protected":false},"excerpt":{"rendered":"<p>&#8230;tous les po\u00e8mes qui se trouvent dans ce livre sont magnifiques, et tous les beaux po\u00e8mes de Dar\u00edo qui n&rsquo;y sont pas m\u00e9ritent \u00e9galement d&rsquo;y figurer. Dans ce livre con\u00e7u par Gerardo Bola\u00f1os et magistralement illustr\u00e9 par Adi\u00e1n Gonz\u00e1lez, sont distill\u00e9s \u00ab\u00a0ses attributs de grand po\u00e8te&#8230; \u00e0 jamais indispensables\u00a0\u00bb, comme l&rsquo;appelait Pablo Neruda dans son discours de 1934 lors d&rsquo;une intervention conjointe avec Federico Garc\u00eda Lorca.<\/p>\n","protected":false},"featured_media":5800,"comment_status":"closed","ping_status":"closed","template":"","meta":[],"etheme_brands":[],"product_brand":[],"product_cat":[74],"product_tag":[],"class_list":{"0":"post-8101","1":"product","2":"type-product","3":"status-publish","4":"has-post-thumbnail","6":"product_cat-alimentos","8":"first","9":"instock","10":"taxable","11":"shipping-taxable","12":"purchasable","13":"product-type-simple"},"exclude_global_add_ons":[],"addons":[],"_links":{"self":[{"href":"https:\/\/paradiseproductscr.com\/fr\/wp-json\/wp\/v2\/product\/8101","targetHints":{"allow":["GET"]}}],"collection":[{"href":"https:\/\/paradiseproductscr.com\/fr\/wp-json\/wp\/v2\/product"}],"about":[{"href":"https:\/\/paradiseproductscr.com\/fr\/wp-json\/wp\/v2\/types\/product"}],"replies":[{"embeddable":true,"href":"https:\/\/paradiseproductscr.com\/fr\/wp-json\/wp\/v2\/comments?post=8101"}],"version-history":[{"count":0,"href":"https:\/\/paradiseproductscr.com\/fr\/wp-json\/wp\/v2\/product\/8101\/revisions"}],"wp:featuredmedia":[{"embeddable":true,"href":"https:\/\/paradiseproductscr.com\/fr\/wp-json\/wp\/v2\/media\/5800"}],"wp:attachment":[{"href":"https:\/\/paradiseproductscr.com\/fr\/wp-json\/wp\/v2\/media?parent=8101"}],"wp:term":[{"taxonomy":"brand","embeddable":true,"href":"https:\/\/paradiseproductscr.com\/fr\/wp-json\/wp\/v2\/etheme_brands?post=8101"},{"taxonomy":"product_brand","embeddable":true,"href":"https:\/\/paradiseproductscr.com\/fr\/wp-json\/wp\/v2\/product_brand?post=8101"},{"taxonomy":"product_cat","embeddable":true,"href":"https:\/\/paradiseproductscr.com\/fr\/wp-json\/wp\/v2\/product_cat?post=8101"},{"taxonomy":"product_tag","embeddable":true,"href":"https:\/\/paradiseproductscr.com\/fr\/wp-json\/wp\/v2\/product_tag?post=8101"}],"curies":[{"name":"wp","href":"https:\/\/api.w.org\/{rel}","templated":true}]}}