{"id":8102,"date":"2022-05-28T17:42:37","date_gmt":"2022-05-28T23:42:37","guid":{"rendered":"https:\/\/paradiseproductscr.com\/product\/mi-corazon-es-un-pajaro-mon-coeur-est-un-oiseau\/"},"modified":"2022-05-28T17:42:37","modified_gmt":"2022-05-28T11:42:37","slug":"mi-corazon-es-un-pajaro-mon-coeur-est-un-oiseau","status":"publish","type":"product","link":"https:\/\/paradiseproductscr.com\/fr\/produit\/mi-corazon-es-un-pajaro-mon-coeur-est-un-oiseau\/","title":{"rendered":"Mi coraz\u00f3n es un p\u00e1jaro (Mon c\u0153ur est un oiseau )"},"content":{"rendered":"<div class=\"woocommerce-tabs wc-tabs-wrapper\">\n<div id=\"tab-description\" class=\"woocommerce-Tabs-panel woocommerce-Tabs-panel--description panel entry-content wc-tab\" role=\"tabpanel\" aria-labelledby=\"tab-title-description\">\n<p class=\"franja\"><strong>\u00c2ge :<\/strong> pour tous les \u00e2ges<\/p>\n<p><strong>Pages: <\/strong>44<\/p>\n<p><strong>Finition:<\/strong> rustique cousu et coll\u00e9, papier Ledger 120g<\/p>\n<p><strong>Textes:<\/strong> Rodrigo Soto<\/p>\n<p><strong>Ilustrations:<\/strong> Gabriela Zumbado<\/p>\n<p>Quiconque a le c\u0153ur bien nourri par la po\u00e9sie, ou y aspire, se d\u00e9lectera du pain d\u00e9licieux de ce livre de l&rsquo;\u00e9crivain Rodrigo Soto, tartin\u00e9 de beurre et de miel par les illustrations de Gabriela Zumbado.<\/p>\n<p>M\u00e9moire, tendresse et invention se croisent dans ces po\u00e8mes \u00e9crits par un adulte qui refuse de cesser d\u2019\u00eatre un enfant. Rodrigo nourrit son c\u0153ur de souvenirs chaleureux, color\u00e9s et dociles \u00e0 son \u00e9criture, mais en m\u00eame temps lui donne l\u2019occasion de battre ses propres ailes.<\/p>\n<p>Il y a une odeur de four lent, de r\u00e9colte biologique, d&rsquo;exp\u00e9riences qui palpitent. Et l&rsquo;on est reconnaissant de l&rsquo;\u00e9motion qu&rsquo;ils nous procurent.<\/p>\n<\/div>\n<\/div>\n<section class=\"related products\">\n<h2><\/h2>\n<\/section>\n","protected":false},"excerpt":{"rendered":"<p>Quiconque a le c\u0153ur bien nourri par la po\u00e9sie, ou y aspire, se d\u00e9lectera du pain d\u00e9licieux de ce livre de l&rsquo;\u00e9crivain Rodrigo Soto, tartin\u00e9 de beurre et de miel par les illustrations de Gabriela Zumbado.<\/p>\n<p>M\u00e9moire, tendresse et invention se croisent dans ces po\u00e8mes \u00e9crits par un adulte qui refuse de cesser d\u2019\u00eatre un enfant. Rodrigo nourrit son c\u0153ur de souvenirs chaleureux, color\u00e9s et dociles \u00e0 son \u00e9criture, mais en m\u00eame temps lui donne l\u2019occasion de battre ses propres ailes.<\/p>\n<p>Il y a une odeur de four lent, de r\u00e9colte biologique, d&rsquo;exp\u00e9riences qui palpitent. Et l&rsquo;on est reconnaissant de l&rsquo;\u00e9motion qu&rsquo;ils nous procurent.<\/p>\n","protected":false},"featured_media":5802,"comment_status":"closed","ping_status":"closed","template":"","meta":[],"etheme_brands":[],"product_brand":[],"product_cat":[74],"product_tag":[],"class_list":{"0":"post-8102","1":"product","2":"type-product","3":"status-publish","4":"has-post-thumbnail","6":"product_cat-alimentos","8":"first","9":"instock","10":"taxable","11":"shipping-taxable","12":"purchasable","13":"product-type-simple"},"exclude_global_add_ons":[],"addons":[],"_links":{"self":[{"href":"https:\/\/paradiseproductscr.com\/fr\/wp-json\/wp\/v2\/product\/8102","targetHints":{"allow":["GET"]}}],"collection":[{"href":"https:\/\/paradiseproductscr.com\/fr\/wp-json\/wp\/v2\/product"}],"about":[{"href":"https:\/\/paradiseproductscr.com\/fr\/wp-json\/wp\/v2\/types\/product"}],"replies":[{"embeddable":true,"href":"https:\/\/paradiseproductscr.com\/fr\/wp-json\/wp\/v2\/comments?post=8102"}],"version-history":[{"count":0,"href":"https:\/\/paradiseproductscr.com\/fr\/wp-json\/wp\/v2\/product\/8102\/revisions"}],"wp:featuredmedia":[{"embeddable":true,"href":"https:\/\/paradiseproductscr.com\/fr\/wp-json\/wp\/v2\/media\/5802"}],"wp:attachment":[{"href":"https:\/\/paradiseproductscr.com\/fr\/wp-json\/wp\/v2\/media?parent=8102"}],"wp:term":[{"taxonomy":"brand","embeddable":true,"href":"https:\/\/paradiseproductscr.com\/fr\/wp-json\/wp\/v2\/etheme_brands?post=8102"},{"taxonomy":"product_brand","embeddable":true,"href":"https:\/\/paradiseproductscr.com\/fr\/wp-json\/wp\/v2\/product_brand?post=8102"},{"taxonomy":"product_cat","embeddable":true,"href":"https:\/\/paradiseproductscr.com\/fr\/wp-json\/wp\/v2\/product_cat?post=8102"},{"taxonomy":"product_tag","embeddable":true,"href":"https:\/\/paradiseproductscr.com\/fr\/wp-json\/wp\/v2\/product_tag?post=8102"}],"curies":[{"name":"wp","href":"https:\/\/api.w.org\/{rel}","templated":true}]}}