{"id":8104,"date":"2022-05-28T11:42:37","date_gmt":"2022-05-28T17:42:37","guid":{"rendered":"https:\/\/paradiseproductscr.com\/product\/la-coloradilla-ardiente\/"},"modified":"2022-05-28T17:42:37","modified_gmt":"2022-05-28T11:42:37","slug":"la-coloradilla-ardiente","status":"publish","type":"product","link":"https:\/\/paradiseproductscr.com\/fr\/produit\/la-coloradilla-ardiente\/","title":{"rendered":"La coloradilla ardiente"},"content":{"rendered":"<div class=\"woocommerce-tabs wc-tabs-wrapper\">\n<div id=\"tab-description\" class=\"woocommerce-Tabs-panel woocommerce-Tabs-panel--description panel entry-content wc-tab\" role=\"tabpanel\" aria-labelledby=\"tab-title-description\">\n<p>&nbsp;<\/p>\n<p class=\"franja\">\n<\/div>\n<\/div>\n<section class=\"related products\"><strong>\u00c2ge:<\/strong> 3 \u00e0 7 ans<\/p>\n<p><strong>Pages:<\/strong>16<\/p>\n<p><strong>Finition:<\/strong> chevalet rustique,<\/p>\n<p>papier couche 150g<\/p>\n<p><strong>Auteur:<\/strong> Anne Se\u00f1ol<\/p>\n<p><strong>llustrateur: <\/strong>Adi\u00e1n Gonz\u00e1lez<\/p>\n<p>Comme \u00e0 son habitude, l\u2019auteur de la collection Zoorprendentes se rendit en montagne au d\u00e9but de l\u2019ann\u00e9e, et ne revint pas seule. Il portait sur ses jambes une s\u00e9rie de minuscules dentelures qui br\u00fblaient au plus fort.<\/p>\n<p>Sachant que se gratter pouvait la soulager un peu mais aussi aggraver les d\u00e9mangeaisons, Anne Se\u00f1ol a d\u00e9cid\u00e9 d\u2019utiliser son temps et ses mains dans d\u2019autres n\u00e9cessit\u00e9s. Ainsi, pour \u00e9viter la tentation, il se mit \u00e0 \u00e9crire cette sympathique mini-autobiographie de la piquante coloradilla.<\/p>\n<p>Pendant ce temps, \u00e0 Buenos Aires, en Argentine, o\u00f9 il r\u00e9side maintenant, Adi\u00e1n Gonz\u00e1lez se faisait mal aux mains en illustrant un nouveau Zoorprendente de la maison d\u2019\u00e9dition La Jirafa et Yo.<\/p>\n<p>Et voil\u00e0, gr\u00e2ce \u00e0 vous deux. (GBG)<\/p>\n<\/section>\n","protected":false},"excerpt":{"rendered":"<p>Comme \u00e0 son habitude, l\u2019auteur de la collection Zoorprendentes se rendit en montagne au d\u00e9but de l\u2019ann\u00e9e, et ne revint pas seule. Il portait sur ses jambes une s\u00e9rie de minuscules dentelures qui br\u00fblaient au plus fort.<\/p>\n<p>Sachant que se gratter pouvait la soulager un peu mais aussi aggraver les d\u00e9mangeaisons, Anne Se\u00f1ol a d\u00e9cid\u00e9 d\u2019utiliser son temps et ses mains dans d\u2019autres n\u00e9cessit\u00e9s. Ainsi, pour \u00e9viter la tentation, il se mit \u00e0 \u00e9crire cette sympathique mini-autobiographie de la piquante coloradilla.<\/p>\n<p>Pendant ce temps, \u00e0 Buenos Aires, en Argentine, o\u00f9 il r\u00e9side maintenant, Adi\u00e1n Gonz\u00e1lez se faisait mal aux mains en illustrant un nouveau Zoorprendente de la maison d\u2019\u00e9dition La Jirafa et Yo.<\/p>\n<p>Et voil\u00e0, gr\u00e2ce \u00e0 vous deux. (GBG)<\/p>\n","protected":false},"featured_media":5806,"comment_status":"closed","ping_status":"closed","template":"","meta":[],"etheme_brands":[],"product_brand":[],"product_cat":[593],"product_tag":[594,595,603,602,597,604,599,598,600,601,596],"class_list":{"0":"post-8104","1":"product","2":"type-product","3":"status-publish","4":"has-post-thumbnail","6":"product_cat-medias-et-musique","7":"product_tag-apprentissage","8":"product_tag-contes","9":"product_tag-enfants","10":"product_tag-filles","11":"product_tag-histoires","12":"product_tag-infantile-fr","13":"product_tag-la-girafe-et-moi","14":"product_tag-langues","15":"product_tag-lecture","16":"product_tag-livres","17":"product_tag-scolaire","19":"first","20":"instock","21":"taxable","22":"shipping-taxable","23":"purchasable","24":"product-type-simple"},"exclude_global_add_ons":[],"addons":[],"_links":{"self":[{"href":"https:\/\/paradiseproductscr.com\/fr\/wp-json\/wp\/v2\/product\/8104","targetHints":{"allow":["GET"]}}],"collection":[{"href":"https:\/\/paradiseproductscr.com\/fr\/wp-json\/wp\/v2\/product"}],"about":[{"href":"https:\/\/paradiseproductscr.com\/fr\/wp-json\/wp\/v2\/types\/product"}],"replies":[{"embeddable":true,"href":"https:\/\/paradiseproductscr.com\/fr\/wp-json\/wp\/v2\/comments?post=8104"}],"version-history":[{"count":0,"href":"https:\/\/paradiseproductscr.com\/fr\/wp-json\/wp\/v2\/product\/8104\/revisions"}],"wp:featuredmedia":[{"embeddable":true,"href":"https:\/\/paradiseproductscr.com\/fr\/wp-json\/wp\/v2\/media\/5806"}],"wp:attachment":[{"href":"https:\/\/paradiseproductscr.com\/fr\/wp-json\/wp\/v2\/media?parent=8104"}],"wp:term":[{"taxonomy":"brand","embeddable":true,"href":"https:\/\/paradiseproductscr.com\/fr\/wp-json\/wp\/v2\/etheme_brands?post=8104"},{"taxonomy":"product_brand","embeddable":true,"href":"https:\/\/paradiseproductscr.com\/fr\/wp-json\/wp\/v2\/product_brand?post=8104"},{"taxonomy":"product_cat","embeddable":true,"href":"https:\/\/paradiseproductscr.com\/fr\/wp-json\/wp\/v2\/product_cat?post=8104"},{"taxonomy":"product_tag","embeddable":true,"href":"https:\/\/paradiseproductscr.com\/fr\/wp-json\/wp\/v2\/product_tag?post=8104"}],"curies":[{"name":"wp","href":"https:\/\/api.w.org\/{rel}","templated":true}]}}