{"id":8105,"date":"2022-05-28T11:42:37","date_gmt":"2022-05-28T17:42:37","guid":{"rendered":"https:\/\/paradiseproductscr.com\/product\/el-puercoespin-le-porc-epic\/"},"modified":"2022-05-28T17:42:37","modified_gmt":"2022-05-28T11:42:37","slug":"el-puercoespin-le-porc-epic","status":"publish","type":"product","link":"https:\/\/paradiseproductscr.com\/fr\/produit\/el-puercoespin-le-porc-epic\/","title":{"rendered":"El puercoespin (Le porc-\u00e9pic )"},"content":{"rendered":"<p><strong>\u00c2ge:<\/strong> 3 \u00e0 7 ans<\/p>\n<p><strong>Pages:<\/strong>16<\/p>\n<p><strong>Finition:<\/strong> chevalet rustique, papier couche 150g<\/p>\n<p><strong>Auteur:<\/strong> Anne Se\u00f1ol<\/p>\n<p><strong>llustrateur: <\/strong>Adi\u00e1n Gonz\u00e1lez<\/p>\n<p>Son corps particulier ressemble \u00e0 une pelote \u00e0 \u00e9pingles. Il est parfois confondu avec le h\u00e9risson, mais ce sont des esp\u00e8ces diff\u00e9rentes.<\/p>\n<p>Le porc-\u00e9pic est un grand dormeur, un grand mangeur, myope et un peu timide, mais il se d\u00e9fend avec ses pointes comme des couteaux.<\/p>\n<p>Il a une r\u00e9putation d\u2019inacceptable et d\u2019intocable.<\/p>\n<p>Ici, nous allons approcher le porc-\u00e9pic, mais seulement un peu. (GBG)<\/p>\n","protected":false},"excerpt":{"rendered":"<p>Son corps particulier ressemble \u00e0 une pelote \u00e0 \u00e9pingles. Il est parfois confondu avec le h\u00e9risson, mais ce sont des esp\u00e8ces diff\u00e9rentes.<\/p>\n<p>Le porc-\u00e9pic est un grand dormeur, un grand mangeur, myope et un peu timide, mais il se d\u00e9fend avec ses pointes comme des couteaux.<\/p>\n<p>Il a une r\u00e9putation d\u2019inacceptable et d\u2019intocable.<\/p>\n<p>Ici, nous allons approcher le porc-\u00e9pic, mais seulement un peu. (GBG)<\/p>\n","protected":false},"featured_media":5808,"comment_status":"closed","ping_status":"closed","template":"","meta":[],"etheme_brands":[],"product_brand":[],"product_cat":[593],"product_tag":[594,595,603,602,597,604,599,598,600,601,596],"class_list":{"0":"post-8105","1":"product","2":"type-product","3":"status-publish","4":"has-post-thumbnail","6":"product_cat-medias-et-musique","7":"product_tag-apprentissage","8":"product_tag-contes","9":"product_tag-enfants","10":"product_tag-filles","11":"product_tag-histoires","12":"product_tag-infantile-fr","13":"product_tag-la-girafe-et-moi","14":"product_tag-langues","15":"product_tag-lecture","16":"product_tag-livres","17":"product_tag-scolaire","19":"first","20":"instock","21":"taxable","22":"shipping-taxable","23":"purchasable","24":"product-type-simple"},"exclude_global_add_ons":[],"addons":[],"_links":{"self":[{"href":"https:\/\/paradiseproductscr.com\/fr\/wp-json\/wp\/v2\/product\/8105","targetHints":{"allow":["GET"]}}],"collection":[{"href":"https:\/\/paradiseproductscr.com\/fr\/wp-json\/wp\/v2\/product"}],"about":[{"href":"https:\/\/paradiseproductscr.com\/fr\/wp-json\/wp\/v2\/types\/product"}],"replies":[{"embeddable":true,"href":"https:\/\/paradiseproductscr.com\/fr\/wp-json\/wp\/v2\/comments?post=8105"}],"version-history":[{"count":0,"href":"https:\/\/paradiseproductscr.com\/fr\/wp-json\/wp\/v2\/product\/8105\/revisions"}],"wp:featuredmedia":[{"embeddable":true,"href":"https:\/\/paradiseproductscr.com\/fr\/wp-json\/wp\/v2\/media\/5808"}],"wp:attachment":[{"href":"https:\/\/paradiseproductscr.com\/fr\/wp-json\/wp\/v2\/media?parent=8105"}],"wp:term":[{"taxonomy":"brand","embeddable":true,"href":"https:\/\/paradiseproductscr.com\/fr\/wp-json\/wp\/v2\/etheme_brands?post=8105"},{"taxonomy":"product_brand","embeddable":true,"href":"https:\/\/paradiseproductscr.com\/fr\/wp-json\/wp\/v2\/product_brand?post=8105"},{"taxonomy":"product_cat","embeddable":true,"href":"https:\/\/paradiseproductscr.com\/fr\/wp-json\/wp\/v2\/product_cat?post=8105"},{"taxonomy":"product_tag","embeddable":true,"href":"https:\/\/paradiseproductscr.com\/fr\/wp-json\/wp\/v2\/product_tag?post=8105"}],"curies":[{"name":"wp","href":"https:\/\/api.w.org\/{rel}","templated":true}]}}