{"id":8107,"date":"2022-05-28T11:42:36","date_gmt":"2022-05-28T17:42:36","guid":{"rendered":"https:\/\/paradiseproductscr.com\/product\/acuanta\/"},"modified":"2022-05-28T17:42:36","modified_gmt":"2022-05-28T11:42:36","slug":"acuanta","status":"publish","type":"product","link":"https:\/\/paradiseproductscr.com\/fr\/produit\/acuanta\/","title":{"rendered":"Acuanta"},"content":{"rendered":"<p><strong>Pages:<\/strong>32<\/p>\n<p><strong>Finition:<\/strong> rustique cousu et coll\u00e9,<\/p>\n<p>papier couche 250g<\/p>\n<p><strong>Auteur:<\/strong> H\u00e9ctor Gamboa<\/p>\n<p>Ce recueil de seize affiches et po\u00e8mes sur les traditions et les paysages du Costa Rica en est \u00e0 sa deuxi\u00e8me \u00e9dition. Magnifiquement imprim\u00e9e sur un papier de luxe et dans un grand format, Acuant\u00e1 tente de restituer dans notre imaginaire collectif, avec un graphique de haute facture, ces choses qui, encore oubli\u00e9es, incarnent notre identit\u00e9. Plus qu\u2019un appel nostalgique, Acuant\u00e1 est une invitation \u00e0 nous r\u00e9concilier avec notre propre merveille.<\/p>\n","protected":false},"excerpt":{"rendered":"<div class=\"woocommerce-product-details__short-description\">\n<p>Du <i>rice and beans <\/i>au gallopinto, de la cumbia de salon au Bal de la Polilla \u00e0 Alajuela, la culture costaricienne est vivante et son mouvement incessant est celui que capture H\u00e9ctor Gamboa Goldenberg avec des yeux \u00e9tonn\u00e9s et une oreille retahilero <i>. <\/i> <\/p>\n<p>Ces images et quatuors du pays de <i>acuant\u00e1 <\/i>-\u00ab\u00a0il y a un moment\u00a0\u00bb en argot cr\u00e9ole-<i> <\/i>C\u2019est notre album de famille. Une belle tombola ou roue de Chicago de la vie tica qui donne \u00ab\u00a0&#8230;un autre tour complet de la terre&#8230; et tout continue, tout passe, et la vie dans la mort est compl\u00e8te\u00a0\u00bb, comme dit Hector dans l\u2019une des rimes qui accompagnent les illustrations.<\/p>\n<p>Ceux qui doutent de la vitalit\u00e9 de la culture populaire costa-ricienne au XXIe si\u00e8cle peuvent se recouper avec ces pages attachantes et constater qu\u2019il y a beaucoup de Costa-Rica, et que tous ne peuvent se r\u00e9duire au <i>pura vida<\/i>. De l&rsquo;euphorie du swing \u00e0 la nostalgie du bol\u00e9ro, il y a un peu de tout \u00e0 <i>Acuant\u00e1:<\/i>des casados et des slushies, des turnos, des mascaradas et des cimarronas et un peuple qui proclame ses racines multiculturelles dans chacun de ses actes..<\/p>\n<p>Au terme de ce voyage \u00e0 travers ce qui nous est le plus cher, un po\u00e8me d&rsquo;H\u00e9ctor reste dans nos \u00e2mes : \u00ab\u00a0L&rsquo;avenir est lointain et inconnu, le pass\u00e9 n&rsquo;est pas encore pass\u00e9, il n&rsquo;y a que la seule joie et ce n&rsquo;est pas la peine de jeter (&#8230;) cette utopie\u00a0\u00bb.<span class=\"Apple-converted-space\">  <\/span>(<strong>Carlos Cort\u00e9s<\/strong>)<\/p>\n<\/div>\n","protected":false},"featured_media":5788,"comment_status":"closed","ping_status":"closed","template":"","meta":[],"etheme_brands":[],"product_brand":[],"product_cat":[593],"product_tag":[594,595,603,602,597,604,599,598,600,637,596],"class_list":{"0":"post-8107","1":"product","2":"type-product","3":"status-publish","4":"has-post-thumbnail","6":"product_cat-medias-et-musique","7":"product_tag-apprentissage","8":"product_tag-contes","9":"product_tag-enfants","10":"product_tag-filles","11":"product_tag-histoires","12":"product_tag-infantile-fr","13":"product_tag-la-girafe-et-moi","14":"product_tag-langues","15":"product_tag-lecture","16":"product_tag-litterature","17":"product_tag-scolaire","19":"first","20":"instock","21":"taxable","22":"shipping-taxable","23":"purchasable","24":"product-type-simple"},"exclude_global_add_ons":[],"addons":[],"_links":{"self":[{"href":"https:\/\/paradiseproductscr.com\/fr\/wp-json\/wp\/v2\/product\/8107","targetHints":{"allow":["GET"]}}],"collection":[{"href":"https:\/\/paradiseproductscr.com\/fr\/wp-json\/wp\/v2\/product"}],"about":[{"href":"https:\/\/paradiseproductscr.com\/fr\/wp-json\/wp\/v2\/types\/product"}],"replies":[{"embeddable":true,"href":"https:\/\/paradiseproductscr.com\/fr\/wp-json\/wp\/v2\/comments?post=8107"}],"version-history":[{"count":0,"href":"https:\/\/paradiseproductscr.com\/fr\/wp-json\/wp\/v2\/product\/8107\/revisions"}],"wp:featuredmedia":[{"embeddable":true,"href":"https:\/\/paradiseproductscr.com\/fr\/wp-json\/wp\/v2\/media\/5788"}],"wp:attachment":[{"href":"https:\/\/paradiseproductscr.com\/fr\/wp-json\/wp\/v2\/media?parent=8107"}],"wp:term":[{"taxonomy":"brand","embeddable":true,"href":"https:\/\/paradiseproductscr.com\/fr\/wp-json\/wp\/v2\/etheme_brands?post=8107"},{"taxonomy":"product_brand","embeddable":true,"href":"https:\/\/paradiseproductscr.com\/fr\/wp-json\/wp\/v2\/product_brand?post=8107"},{"taxonomy":"product_cat","embeddable":true,"href":"https:\/\/paradiseproductscr.com\/fr\/wp-json\/wp\/v2\/product_cat?post=8107"},{"taxonomy":"product_tag","embeddable":true,"href":"https:\/\/paradiseproductscr.com\/fr\/wp-json\/wp\/v2\/product_tag?post=8107"}],"curies":[{"name":"wp","href":"https:\/\/api.w.org\/{rel}","templated":true}]}}