{"id":8108,"date":"2022-05-28T11:42:13","date_gmt":"2022-05-28T17:42:13","guid":{"rendered":"https:\/\/paradiseproductscr.com\/product\/el-nino-y-el-toro-lenfant-et-le-taureau\/"},"modified":"2022-05-28T17:42:13","modified_gmt":"2022-05-28T11:42:13","slug":"el-nino-y-el-toro-lenfant-et-le-taureau","status":"publish","type":"product","link":"https:\/\/paradiseproductscr.com\/fr\/produit\/el-nino-y-el-toro-lenfant-et-le-taureau\/","title":{"rendered":"El ni\u00f1o y El toro (L\u2019enfant et le taureau )"},"content":{"rendered":"<div class=\"woocommerce-product-details__short-description\">\n<p class=\"franja\"><strong>\u00c2ge:<\/strong> toutes<\/p>\n<p><strong>Pages:<\/strong>40<\/p>\n<p><strong>Finition:<\/strong>rustique cousu et coll\u00e9, papier couche 150g<\/p>\n<p><strong>Auteur:<\/strong> H\u00e9ctor Gamboa Goldenberg<\/p>\n<p>Benigno passe l\u2019\u00e9t\u00e9 chez son grand-p\u00e8re. C&rsquo;est l\u00e0 qu&rsquo;il rencontre Furia, un taureau \u00e9norme et calme qui s&rsquo;appr\u00eate \u00e0 affronter un cavalier f\u00e9roce et \u00e0 r\u00e9aliser une performance m\u00e9morable.<\/p>\n<p><strong>El ni\u00f1o y el toro<\/strong> est une histoire d\u2019aventures pleine d\u2019amiti\u00e9, de solidarit\u00e9 et de racines populaires, \u00e9crite et dessin\u00e9e par Hector Gamboa.<\/p>\n<\/div>\n","protected":false},"excerpt":{"rendered":"<p><strong>El ni\u00f1o y el toro<\/strong> est une histoire d\u2019aventures pleine d\u2019amiti\u00e9, de solidarit\u00e9 et de racines populaires, \u00e9crite et dessin\u00e9e par Hector Gamboa.<\/p>\n","protected":false},"featured_media":5776,"comment_status":"closed","ping_status":"closed","template":"","meta":[],"etheme_brands":[],"product_brand":[],"product_cat":[593],"product_tag":[594,595,603,602,597,604,599,598,600,637,596],"class_list":{"0":"post-8108","1":"product","2":"type-product","3":"status-publish","4":"has-post-thumbnail","6":"product_cat-medias-et-musique","7":"product_tag-apprentissage","8":"product_tag-contes","9":"product_tag-enfants","10":"product_tag-filles","11":"product_tag-histoires","12":"product_tag-infantile-fr","13":"product_tag-la-girafe-et-moi","14":"product_tag-langues","15":"product_tag-lecture","16":"product_tag-litterature","17":"product_tag-scolaire","19":"first","20":"instock","21":"taxable","22":"shipping-taxable","23":"purchasable","24":"product-type-simple"},"exclude_global_add_ons":[],"addons":[],"_links":{"self":[{"href":"https:\/\/paradiseproductscr.com\/fr\/wp-json\/wp\/v2\/product\/8108","targetHints":{"allow":["GET"]}}],"collection":[{"href":"https:\/\/paradiseproductscr.com\/fr\/wp-json\/wp\/v2\/product"}],"about":[{"href":"https:\/\/paradiseproductscr.com\/fr\/wp-json\/wp\/v2\/types\/product"}],"replies":[{"embeddable":true,"href":"https:\/\/paradiseproductscr.com\/fr\/wp-json\/wp\/v2\/comments?post=8108"}],"version-history":[{"count":0,"href":"https:\/\/paradiseproductscr.com\/fr\/wp-json\/wp\/v2\/product\/8108\/revisions"}],"wp:featuredmedia":[{"embeddable":true,"href":"https:\/\/paradiseproductscr.com\/fr\/wp-json\/wp\/v2\/media\/5776"}],"wp:attachment":[{"href":"https:\/\/paradiseproductscr.com\/fr\/wp-json\/wp\/v2\/media?parent=8108"}],"wp:term":[{"taxonomy":"brand","embeddable":true,"href":"https:\/\/paradiseproductscr.com\/fr\/wp-json\/wp\/v2\/etheme_brands?post=8108"},{"taxonomy":"product_brand","embeddable":true,"href":"https:\/\/paradiseproductscr.com\/fr\/wp-json\/wp\/v2\/product_brand?post=8108"},{"taxonomy":"product_cat","embeddable":true,"href":"https:\/\/paradiseproductscr.com\/fr\/wp-json\/wp\/v2\/product_cat?post=8108"},{"taxonomy":"product_tag","embeddable":true,"href":"https:\/\/paradiseproductscr.com\/fr\/wp-json\/wp\/v2\/product_tag?post=8108"}],"curies":[{"name":"wp","href":"https:\/\/api.w.org\/{rel}","templated":true}]}}