{"id":8109,"date":"2022-05-28T11:42:13","date_gmt":"2022-05-28T17:42:13","guid":{"rendered":"https:\/\/paradiseproductscr.com\/product\/el-nido-rojo\/"},"modified":"2022-05-28T17:42:13","modified_gmt":"2022-05-28T11:42:13","slug":"el-nido-rojo","status":"publish","type":"product","link":"https:\/\/paradiseproductscr.com\/fr\/produit\/el-nido-rojo\/","title":{"rendered":"El Nido Rojo"},"content":{"rendered":"<p class=\"franja\"><strong>\u00c2ge :<\/strong> pour tous les \u00e2ges<\/p>\n<p><strong>Pages:<\/strong>28<\/p>\n<p><strong>Finition:<\/strong> broch\u00e9 et coll\u00e9, papier couch\u00e9 150g<\/p>\n<p><strong>Textes:<\/strong> Karla Solano<\/p>\n<p><strong>Ilustrations:<\/strong> Gabriela Zumbado<\/p>\n<p>C\u2019est une histoire qui n\u2019\u00e9tait pas une histoire. En d&rsquo;autres termes, ce dont elle parle est arriv\u00e9 dans la vie r\u00e9elle de l&rsquo;artiste costaricienne Karla Solano, alors qu&rsquo;elle \u00e9tait en premi\u00e8re ann\u00e9e d&rsquo;\u00e9cole primaire. Au d\u00e9but, quand il l\u2019a dit \u00e0 La Jirafa y Yo dans un march\u00e9 Sabatino et sous un soleil br\u00fblant, c\u2019\u00e9tait difficile \u00e0 croire.<\/p>\n<p>Cet \u00e9ditorial vit de la publication d\u2019histoires, mais ne mange pas de contes. Mais plus tard, quand Karla l\u2019\u00e9crivit et demanda \u00e0 sa fille, Gabriela Zumbado, artiste en herbe, de l\u2019illustrer, la v\u00e9rit\u00e9 de l\u2019histoire nous rattrapa.Ainsi naquit Le Nid rouge. Et nous l\u2019avons publi\u00e9 avec une grande joie.<\/p>\n","protected":false},"excerpt":{"rendered":"<p>C\u2019est une histoire qui n\u2019\u00e9tait pas une histoire. En d&rsquo;autres termes, ce dont elle parle est arriv\u00e9 dans la vie r\u00e9elle de l&rsquo;artiste costaricienne Karla Solano, alors qu&rsquo;elle \u00e9tait en premi\u00e8re ann\u00e9e d&rsquo;\u00e9cole primaire. Au d\u00e9but, quand il l\u2019a dit \u00e0 La Jirafa y Yo dans un march\u00e9 Sabatino et sous un soleil br\u00fblant, c\u2019\u00e9tait difficile \u00e0 croire.<\/p>\n<p>Cet \u00e9ditorial vit de la publication d\u2019histoires, mais ne mange pas de contes. Mais plus tard, quand Karla l\u2019\u00e9crivit et demanda \u00e0 sa fille, Gabriela Zumbado, artiste en herbe, de l\u2019illustrer, la v\u00e9rit\u00e9 de l\u2019histoire nous rattrapa.Ainsi naquit Le Nid rouge. Et nous l\u2019avons publi\u00e9 avec une grande joie.<\/p>\n","protected":false},"featured_media":5778,"comment_status":"closed","ping_status":"closed","template":"","meta":[],"etheme_brands":[],"product_brand":[],"product_cat":[593],"product_tag":[594,595,603,602,597,604,599,598,600,601,596],"class_list":{"0":"post-8109","1":"product","2":"type-product","3":"status-publish","4":"has-post-thumbnail","6":"product_cat-medias-et-musique","7":"product_tag-apprentissage","8":"product_tag-contes","9":"product_tag-enfants","10":"product_tag-filles","11":"product_tag-histoires","12":"product_tag-infantile-fr","13":"product_tag-la-girafe-et-moi","14":"product_tag-langues","15":"product_tag-lecture","16":"product_tag-livres","17":"product_tag-scolaire","19":"first","20":"instock","21":"taxable","22":"shipping-taxable","23":"purchasable","24":"product-type-simple"},"exclude_global_add_ons":[],"addons":[],"_links":{"self":[{"href":"https:\/\/paradiseproductscr.com\/fr\/wp-json\/wp\/v2\/product\/8109","targetHints":{"allow":["GET"]}}],"collection":[{"href":"https:\/\/paradiseproductscr.com\/fr\/wp-json\/wp\/v2\/product"}],"about":[{"href":"https:\/\/paradiseproductscr.com\/fr\/wp-json\/wp\/v2\/types\/product"}],"replies":[{"embeddable":true,"href":"https:\/\/paradiseproductscr.com\/fr\/wp-json\/wp\/v2\/comments?post=8109"}],"version-history":[{"count":0,"href":"https:\/\/paradiseproductscr.com\/fr\/wp-json\/wp\/v2\/product\/8109\/revisions"}],"wp:featuredmedia":[{"embeddable":true,"href":"https:\/\/paradiseproductscr.com\/fr\/wp-json\/wp\/v2\/media\/5778"}],"wp:attachment":[{"href":"https:\/\/paradiseproductscr.com\/fr\/wp-json\/wp\/v2\/media?parent=8109"}],"wp:term":[{"taxonomy":"brand","embeddable":true,"href":"https:\/\/paradiseproductscr.com\/fr\/wp-json\/wp\/v2\/etheme_brands?post=8109"},{"taxonomy":"product_brand","embeddable":true,"href":"https:\/\/paradiseproductscr.com\/fr\/wp-json\/wp\/v2\/product_brand?post=8109"},{"taxonomy":"product_cat","embeddable":true,"href":"https:\/\/paradiseproductscr.com\/fr\/wp-json\/wp\/v2\/product_cat?post=8109"},{"taxonomy":"product_tag","embeddable":true,"href":"https:\/\/paradiseproductscr.com\/fr\/wp-json\/wp\/v2\/product_tag?post=8109"}],"curies":[{"name":"wp","href":"https:\/\/api.w.org\/{rel}","templated":true}]}}