{"id":8110,"date":"2022-05-28T11:42:13","date_gmt":"2022-05-28T17:42:13","guid":{"rendered":"https:\/\/paradiseproductscr.com\/product\/el-hada-de-la-noche-la-fee-de-la-nuit\/"},"modified":"2022-05-28T17:42:13","modified_gmt":"2022-05-28T11:42:13","slug":"el-hada-de-la-noche-la-fee-de-la-nuit","status":"publish","type":"product","link":"https:\/\/paradiseproductscr.com\/fr\/produit\/el-hada-de-la-noche-la-fee-de-la-nuit\/","title":{"rendered":"El Hada de la Noche (La F\u00e9e de la Nuit)"},"content":{"rendered":"<p class=\"franja\"><strong>\u00c2ge :<\/strong> pour tous les \u00e2ges<\/p>\n<p><strong>Pages:<\/strong>32<\/p>\n<p><strong>Finition:<\/strong> broch\u00e9 et coll\u00e9, papier couch\u00e9 150g<\/p>\n<p><strong>Textes:<\/strong> Amanda Calvo<\/p>\n<p><strong>Ilustrations:<\/strong>Adi\u00e1n Gonz\u00e1lez<\/p>\n<p>Que se passe-t-il quand une puissante f\u00e9e s\u2019ennuie de sa routine nocturne et s\u2019associe \u00e0 un loup pour se consacrer \u00e0 effacer la nuit dans le monde entier ?<\/p>\n<p>Que se passe-t-il quand la f\u00e9e, qui en plus d\u2019\u00eatre puissante est coquine et jolie, se rend compte que la nuit, comme le jour, est vitale pour tous les \u00eatres ?<\/p>\n<p>Si vous voulez savoir ce qui se passe, ne vous attendez pas \u00e0 ce que le lecteur soit fid\u00e8le \u00e0 la nuit et sillonne le ciel avec la biologiste costaricienne Amanda Calvo, qui avec cette histoire d\u00e9bute comme \u00e9crivain dans La Jirafa y Yo.<\/p>\n","protected":false},"excerpt":{"rendered":"<p>Que se passe-t-il quand une puissante f\u00e9e s\u2019ennuie de sa routine nocturne et s\u2019associe \u00e0 un loup pour se consacrer \u00e0 effacer la nuit dans le monde entier ?<\/p>\n<p>Que se passe-t-il quand la f\u00e9e, qui en plus d\u2019\u00eatre puissante est coquine et jolie, se rend compte que la nuit, comme le jour, est vitale pour tous les \u00eatres ?<\/p>\n<p>Si vous voulez savoir ce qui se passe, ne vous attendez pas \u00e0 ce que le lecteur soit fid\u00e8le \u00e0 la nuit et sillonne le ciel avec la biologiste costaricienne Amanda Calvo, qui avec cette histoire d\u00e9bute comme \u00e9crivain dans La Jirafa y Yo.<\/p>\n","protected":false},"featured_media":5780,"comment_status":"closed","ping_status":"closed","template":"","meta":[],"etheme_brands":[],"product_brand":[],"product_cat":[593],"product_tag":[594,595,603,602,597,604,599,598,600,601,596],"class_list":{"0":"post-8110","1":"product","2":"type-product","3":"status-publish","4":"has-post-thumbnail","6":"product_cat-medias-et-musique","7":"product_tag-apprentissage","8":"product_tag-contes","9":"product_tag-enfants","10":"product_tag-filles","11":"product_tag-histoires","12":"product_tag-infantile-fr","13":"product_tag-la-girafe-et-moi","14":"product_tag-langues","15":"product_tag-lecture","16":"product_tag-livres","17":"product_tag-scolaire","19":"first","20":"instock","21":"taxable","22":"shipping-taxable","23":"purchasable","24":"product-type-simple"},"exclude_global_add_ons":[],"addons":[],"_links":{"self":[{"href":"https:\/\/paradiseproductscr.com\/fr\/wp-json\/wp\/v2\/product\/8110","targetHints":{"allow":["GET"]}}],"collection":[{"href":"https:\/\/paradiseproductscr.com\/fr\/wp-json\/wp\/v2\/product"}],"about":[{"href":"https:\/\/paradiseproductscr.com\/fr\/wp-json\/wp\/v2\/types\/product"}],"replies":[{"embeddable":true,"href":"https:\/\/paradiseproductscr.com\/fr\/wp-json\/wp\/v2\/comments?post=8110"}],"version-history":[{"count":0,"href":"https:\/\/paradiseproductscr.com\/fr\/wp-json\/wp\/v2\/product\/8110\/revisions"}],"wp:featuredmedia":[{"embeddable":true,"href":"https:\/\/paradiseproductscr.com\/fr\/wp-json\/wp\/v2\/media\/5780"}],"wp:attachment":[{"href":"https:\/\/paradiseproductscr.com\/fr\/wp-json\/wp\/v2\/media?parent=8110"}],"wp:term":[{"taxonomy":"brand","embeddable":true,"href":"https:\/\/paradiseproductscr.com\/fr\/wp-json\/wp\/v2\/etheme_brands?post=8110"},{"taxonomy":"product_brand","embeddable":true,"href":"https:\/\/paradiseproductscr.com\/fr\/wp-json\/wp\/v2\/product_brand?post=8110"},{"taxonomy":"product_cat","embeddable":true,"href":"https:\/\/paradiseproductscr.com\/fr\/wp-json\/wp\/v2\/product_cat?post=8110"},{"taxonomy":"product_tag","embeddable":true,"href":"https:\/\/paradiseproductscr.com\/fr\/wp-json\/wp\/v2\/product_tag?post=8110"}],"curies":[{"name":"wp","href":"https:\/\/api.w.org\/{rel}","templated":true}]}}