{"id":8111,"date":"2022-05-28T11:42:13","date_gmt":"2022-05-28T17:42:13","guid":{"rendered":"https:\/\/paradiseproductscr.com\/product\/el-barrio-de-la-lluvia-le-quartier-de-la-pluie\/"},"modified":"2022-05-28T17:42:13","modified_gmt":"2022-05-28T11:42:13","slug":"el-barrio-de-la-lluvia-le-quartier-de-la-pluie","status":"publish","type":"product","link":"https:\/\/paradiseproductscr.com\/fr\/produit\/el-barrio-de-la-lluvia-le-quartier-de-la-pluie\/","title":{"rendered":"El barrio de la lluvia (Le quartier de la pluie)"},"content":{"rendered":"<p class=\"franja\"><strong>\u00c2ge :<\/strong> pour tous les \u00e2ges<\/p>\n<p><strong>Pages:<\/strong>48<\/p>\n<p><strong>Finition:<\/strong> broch\u00e9 et coll\u00e9, papier couch\u00e9 150g<\/p>\n<p><strong>Auteur:<\/strong> H\u00e9ctor Gamboa<\/p>\n<p><strong>Ilustrateur:<\/strong>H\u00e9ctor Gamboa<\/p>\n<p>Juan, Ana et Tito rentrent de l\u2019\u00e9cole chez eux dans El barrio de la lluvia. Trompeusement paisible, le quartier vit sous la terrible menace d\u2019une inondation qui pourrait en un clin d\u2019\u0153il exterminer ses habitants. Mais les enfants de ce quartier sp\u00e9cial sont pr\u00eats. Ainsi, lorsqu\u2019une forte averse les met en danger, ils font appel \u00e0 leur famille et \u00e0 leur imagination, donnant lieu \u00e0 une s\u00e9rie d\u2019\u00e9v\u00e9nements curieux, surprenants et magiques.<\/p>\n","protected":false},"excerpt":{"rendered":"<p>Juan, Ana et Tito rentrent de l\u2019\u00e9cole chez eux dans El barrio de la lluvia. Trompeusement paisible, le quartier vit sous la terrible menace d\u2019une inondation qui pourrait en un clin d\u2019\u0153il exterminer ses habitants. Mais les enfants de ce quartier sp\u00e9cial sont pr\u00eats. Ainsi, lorsqu\u2019une forte averse les met en danger, ils font appel \u00e0 leur famille et \u00e0 leur imagination, donnant lieu \u00e0 une s\u00e9rie d\u2019\u00e9v\u00e9nements curieux, surprenants et magiques.<\/p>\n","protected":false},"featured_media":5782,"comment_status":"closed","ping_status":"closed","template":"","meta":[],"etheme_brands":[],"product_brand":[],"product_cat":[593],"product_tag":[594,595,603,602,597,604,599,598,600,637,596],"class_list":{"0":"post-8111","1":"product","2":"type-product","3":"status-publish","4":"has-post-thumbnail","6":"product_cat-medias-et-musique","7":"product_tag-apprentissage","8":"product_tag-contes","9":"product_tag-enfants","10":"product_tag-filles","11":"product_tag-histoires","12":"product_tag-infantile-fr","13":"product_tag-la-girafe-et-moi","14":"product_tag-langues","15":"product_tag-lecture","16":"product_tag-litterature","17":"product_tag-scolaire","19":"first","20":"instock","21":"taxable","22":"shipping-taxable","23":"purchasable","24":"product-type-simple"},"exclude_global_add_ons":[],"addons":[],"_links":{"self":[{"href":"https:\/\/paradiseproductscr.com\/fr\/wp-json\/wp\/v2\/product\/8111","targetHints":{"allow":["GET"]}}],"collection":[{"href":"https:\/\/paradiseproductscr.com\/fr\/wp-json\/wp\/v2\/product"}],"about":[{"href":"https:\/\/paradiseproductscr.com\/fr\/wp-json\/wp\/v2\/types\/product"}],"replies":[{"embeddable":true,"href":"https:\/\/paradiseproductscr.com\/fr\/wp-json\/wp\/v2\/comments?post=8111"}],"version-history":[{"count":0,"href":"https:\/\/paradiseproductscr.com\/fr\/wp-json\/wp\/v2\/product\/8111\/revisions"}],"wp:featuredmedia":[{"embeddable":true,"href":"https:\/\/paradiseproductscr.com\/fr\/wp-json\/wp\/v2\/media\/5782"}],"wp:attachment":[{"href":"https:\/\/paradiseproductscr.com\/fr\/wp-json\/wp\/v2\/media?parent=8111"}],"wp:term":[{"taxonomy":"brand","embeddable":true,"href":"https:\/\/paradiseproductscr.com\/fr\/wp-json\/wp\/v2\/etheme_brands?post=8111"},{"taxonomy":"product_brand","embeddable":true,"href":"https:\/\/paradiseproductscr.com\/fr\/wp-json\/wp\/v2\/product_brand?post=8111"},{"taxonomy":"product_cat","embeddable":true,"href":"https:\/\/paradiseproductscr.com\/fr\/wp-json\/wp\/v2\/product_cat?post=8111"},{"taxonomy":"product_tag","embeddable":true,"href":"https:\/\/paradiseproductscr.com\/fr\/wp-json\/wp\/v2\/product_tag?post=8111"}],"curies":[{"name":"wp","href":"https:\/\/api.w.org\/{rel}","templated":true}]}}