{"id":8112,"date":"2022-05-28T11:42:13","date_gmt":"2022-05-28T17:42:13","guid":{"rendered":"https:\/\/paradiseproductscr.com\/product\/como-un-pajaro-comme-un-oiseau\/"},"modified":"2022-05-28T17:42:13","modified_gmt":"2022-05-28T11:42:13","slug":"como-un-pajaro-comme-un-oiseau","status":"publish","type":"product","link":"https:\/\/paradiseproductscr.com\/fr\/produit\/como-un-pajaro-comme-un-oiseau\/","title":{"rendered":"Como un pajaro (Comme un oiseau)"},"content":{"rendered":"<p class=\"franja\"><strong>\u00c2ge :<\/strong> pour tous les \u00e2ges<\/p>\n<p><strong>Pages:<\/strong>36<\/p>\n<p><strong>Finition:<\/strong> rustique cousu et coll\u00e9, papier couche 250g<\/p>\n<p><strong>Textes:<\/strong> Fidel Gamboa<\/p>\n<p><strong>Ilustrations:<\/strong> H\u00e9ctor Gamboa<\/p>\n<p>H\u00e9ctor a peint ce livre par c\u0153ur. On le savait depuis de nombreuses ann\u00e9es, depuis que l\u2019asthme infantile l\u2019a fait \u00e9migrer \u00e0 Nicoya, o\u00f9 ses poumons ne se sont pas am\u00e9lior\u00e9s mais ses yeux oui. D\u00e8s l\u2019enfance, les yeux d\u2019Hector ont bu les cinquante nuances du Jaragual sec, les couleurs pr\u00e9cises de la jupe dense du Malinche, le passage gris de l\u2019enclume des nuages sur les p\u00e2turages bruns.<\/p>\n","protected":false},"excerpt":{"rendered":"<p>H\u00e9ctor a peint ce livre par c\u0153ur. On le savait depuis de nombreuses ann\u00e9es, depuis que l\u2019asthme infantile l\u2019a fait \u00e9migrer \u00e0 Nicoya, o\u00f9 ses poumons ne se sont pas am\u00e9lior\u00e9s mais ses yeux oui. D\u00e8s l\u2019enfance, les yeux d\u2019Hector ont bu les cinquante nuances du Jaragual sec, les couleurs pr\u00e9cises de la jupe dense du Malinche, le passage gris de l\u2019enclume des nuages sur les p\u00e2turages bruns.<\/p>\n","protected":false},"featured_media":5784,"comment_status":"closed","ping_status":"closed","template":"","meta":[],"etheme_brands":[],"product_brand":[],"product_cat":[593],"product_tag":[594,595,603,602,597,604,599,598,600,637,596],"class_list":{"0":"post-8112","1":"product","2":"type-product","3":"status-publish","4":"has-post-thumbnail","6":"product_cat-medias-et-musique","7":"product_tag-apprentissage","8":"product_tag-contes","9":"product_tag-enfants","10":"product_tag-filles","11":"product_tag-histoires","12":"product_tag-infantile-fr","13":"product_tag-la-girafe-et-moi","14":"product_tag-langues","15":"product_tag-lecture","16":"product_tag-litterature","17":"product_tag-scolaire","19":"first","20":"instock","21":"taxable","22":"shipping-taxable","23":"purchasable","24":"product-type-simple"},"exclude_global_add_ons":[],"addons":[],"_links":{"self":[{"href":"https:\/\/paradiseproductscr.com\/fr\/wp-json\/wp\/v2\/product\/8112","targetHints":{"allow":["GET"]}}],"collection":[{"href":"https:\/\/paradiseproductscr.com\/fr\/wp-json\/wp\/v2\/product"}],"about":[{"href":"https:\/\/paradiseproductscr.com\/fr\/wp-json\/wp\/v2\/types\/product"}],"replies":[{"embeddable":true,"href":"https:\/\/paradiseproductscr.com\/fr\/wp-json\/wp\/v2\/comments?post=8112"}],"version-history":[{"count":0,"href":"https:\/\/paradiseproductscr.com\/fr\/wp-json\/wp\/v2\/product\/8112\/revisions"}],"wp:featuredmedia":[{"embeddable":true,"href":"https:\/\/paradiseproductscr.com\/fr\/wp-json\/wp\/v2\/media\/5784"}],"wp:attachment":[{"href":"https:\/\/paradiseproductscr.com\/fr\/wp-json\/wp\/v2\/media?parent=8112"}],"wp:term":[{"taxonomy":"brand","embeddable":true,"href":"https:\/\/paradiseproductscr.com\/fr\/wp-json\/wp\/v2\/etheme_brands?post=8112"},{"taxonomy":"product_brand","embeddable":true,"href":"https:\/\/paradiseproductscr.com\/fr\/wp-json\/wp\/v2\/product_brand?post=8112"},{"taxonomy":"product_cat","embeddable":true,"href":"https:\/\/paradiseproductscr.com\/fr\/wp-json\/wp\/v2\/product_cat?post=8112"},{"taxonomy":"product_tag","embeddable":true,"href":"https:\/\/paradiseproductscr.com\/fr\/wp-json\/wp\/v2\/product_tag?post=8112"}],"curies":[{"name":"wp","href":"https:\/\/api.w.org\/{rel}","templated":true}]}}