{"id":8113,"date":"2022-05-28T11:42:13","date_gmt":"2022-05-28T17:42:13","guid":{"rendered":"https:\/\/paradiseproductscr.com\/product\/ana-rana-tiene-sed-ana-rana-a-soif\/"},"modified":"2022-05-28T17:42:13","modified_gmt":"2022-05-28T11:42:13","slug":"ana-rana-tiene-sed-ana-rana-a-soif","status":"publish","type":"product","link":"https:\/\/paradiseproductscr.com\/fr\/produit\/ana-rana-tiene-sed-ana-rana-a-soif\/","title":{"rendered":"Ana Rana tiene Sed (Ana Rana a soif )"},"content":{"rendered":"<p class=\"franja\"><strong>\u00c2ge :<\/strong> pour tous les \u00e2ges<\/p>\n<p><strong>Pages:<\/strong>24<\/p>\n<p><strong>Finition:<\/strong> broch\u00e9 et coll\u00e9, papier couch\u00e9 150g<\/p>\n<p><strong>Textes:<\/strong> Anacristina Rossi<\/p>\n<p><strong>Illustrations:<\/strong> Adi\u00e1n Gonz\u00e1lez<\/p>\n<p>Anacristina Rossi, l\u2019\u00e9crivaine nationale combative et laur\u00e9ate, revient pour son premier roman pour enfants et a l\u2019honneur de le publier aux \u00e9ditions La Jirafa y Yo.<\/p>\n<p>Auteur de La loca de Gandoca, qui depuis pr\u00e8s de 20 ans a ouvert la conscience des \u00e9coliers \u00e0 cette question de survie, Rossi part de la situation actuelle de faible pluie dans le Pacifique et beaucoup dans l\u2019Atlantique, pour aborder les vicissitudes des amphibiens face au r\u00e9chauffement climatique.<\/p>\n<p>Dans Ana Rana tiene sed, les grenouilles, tr\u00e8s touch\u00e9es par la crise \u00e9cologique mais apparemment plus sages que les humains, commencent la lutte pour inverser la situation en s\u2019adressant aux enfants d\u2019aujourd\u2019hui, qui seront des acteurs cl\u00e9s de l\u2019avenir. Avec sa ma\u00eetrise habituelle, l\u2019illustrateur Adi\u00e1n Gonz\u00e1lez donne vie \u00e0 ces petites grenouilles multicolores qui, de peu, ne peuvent pas raconter l\u2019histoire.<\/p>\n","protected":false},"excerpt":{"rendered":"<p>Dans Ana Rana tiene sed, les grenouilles, tr\u00e8s touch\u00e9es par la crise \u00e9cologique mais apparemment plus sages que les humains, commencent la lutte pour inverser la situation en s\u2019adressant aux enfants d\u2019aujourd\u2019hui, qui seront des acteurs cl\u00e9s de l\u2019avenir. Avec sa ma\u00eetrise habituelle, l\u2019illustrateur Adi\u00e1n Gonz\u00e1lez donne vie \u00e0 ces petites grenouilles multicolores qui, de peu, ne peuvent pas raconter l\u2019histoire.<\/p>\n","protected":false},"featured_media":5786,"comment_status":"closed","ping_status":"closed","template":"","meta":[],"etheme_brands":[],"product_brand":[],"product_cat":[593],"product_tag":[594,595,603,602,597,604,599,598,600,637,596],"class_list":{"0":"post-8113","1":"product","2":"type-product","3":"status-publish","4":"has-post-thumbnail","6":"product_cat-medias-et-musique","7":"product_tag-apprentissage","8":"product_tag-contes","9":"product_tag-enfants","10":"product_tag-filles","11":"product_tag-histoires","12":"product_tag-infantile-fr","13":"product_tag-la-girafe-et-moi","14":"product_tag-langues","15":"product_tag-lecture","16":"product_tag-litterature","17":"product_tag-scolaire","19":"first","20":"instock","21":"taxable","22":"shipping-taxable","23":"purchasable","24":"product-type-simple"},"exclude_global_add_ons":[],"addons":[],"_links":{"self":[{"href":"https:\/\/paradiseproductscr.com\/fr\/wp-json\/wp\/v2\/product\/8113","targetHints":{"allow":["GET"]}}],"collection":[{"href":"https:\/\/paradiseproductscr.com\/fr\/wp-json\/wp\/v2\/product"}],"about":[{"href":"https:\/\/paradiseproductscr.com\/fr\/wp-json\/wp\/v2\/types\/product"}],"replies":[{"embeddable":true,"href":"https:\/\/paradiseproductscr.com\/fr\/wp-json\/wp\/v2\/comments?post=8113"}],"version-history":[{"count":0,"href":"https:\/\/paradiseproductscr.com\/fr\/wp-json\/wp\/v2\/product\/8113\/revisions"}],"wp:featuredmedia":[{"embeddable":true,"href":"https:\/\/paradiseproductscr.com\/fr\/wp-json\/wp\/v2\/media\/5786"}],"wp:attachment":[{"href":"https:\/\/paradiseproductscr.com\/fr\/wp-json\/wp\/v2\/media?parent=8113"}],"wp:term":[{"taxonomy":"brand","embeddable":true,"href":"https:\/\/paradiseproductscr.com\/fr\/wp-json\/wp\/v2\/etheme_brands?post=8113"},{"taxonomy":"product_brand","embeddable":true,"href":"https:\/\/paradiseproductscr.com\/fr\/wp-json\/wp\/v2\/product_brand?post=8113"},{"taxonomy":"product_cat","embeddable":true,"href":"https:\/\/paradiseproductscr.com\/fr\/wp-json\/wp\/v2\/product_cat?post=8113"},{"taxonomy":"product_tag","embeddable":true,"href":"https:\/\/paradiseproductscr.com\/fr\/wp-json\/wp\/v2\/product_tag?post=8113"}],"curies":[{"name":"wp","href":"https:\/\/api.w.org\/{rel}","templated":true}]}}