{"id":8114,"date":"2022-05-28T17:42:12","date_gmt":"2022-05-28T23:42:12","guid":{"rendered":"https:\/\/paradiseproductscr.com\/product\/juana-se-atreve\/"},"modified":"2022-05-28T17:42:12","modified_gmt":"2022-05-28T11:42:12","slug":"juana-se-atreve","status":"publish","type":"product","link":"https:\/\/paradiseproductscr.com\/fr\/produit\/juana-se-atreve\/","title":{"rendered":"Juana se Atreve"},"content":{"rendered":"<p><b>Pages:<\/b>32<\/p>\n<p><b>Finition:<\/b> cousu et coll\u00e9, papier couche 150g<\/p>\n<p><b>Auteur et illustrateur:<\/b> H\u00e9ctor Gamboa<\/p>\n<p>Qui est cette petite fille qui saute dans l\u2019inconnu ? Peut-\u00eatre vit-elle quelque part en nous, d\u00e9chirant le myst\u00e8re du monde, se d\u00e9couvrant elle-m\u00eame, dans la libert\u00e9 et sans pr\u00e9jug\u00e9s.<\/p>\n<p>\u00c0 une \u00e9poque domin\u00e9e par la peur et l\u2019intol\u00e9rance, nous avons tendance \u00e0 croire que les choses n\u2019ont qu\u2019une seule fa\u00e7on d\u2019\u00eatre, mais Juana&#8230;<span class=\"Apple-converted-space\">  <\/span>elle ose.<\/p>\n","protected":false},"excerpt":{"rendered":"<p>&nbsp;<\/p>\n<p>Qui est cette petite fille qui saute dans l\u2019inconnu ? Peut-\u00eatre vit-elle quelque part en nous, d\u00e9chirant le myst\u00e8re du monde, se d\u00e9couvrant elle-m\u00eame, dans la libert\u00e9 et sans pr\u00e9jug\u00e9s.<\/p>\n<p>\u00c0 une \u00e9poque domin\u00e9e par la peur et l\u2019intol\u00e9rance, nous avons tendance \u00e0 croire que les choses n\u2019ont qu\u2019une seule fa\u00e7on d\u2019\u00eatre, mais Juana&#8230;<span class=\"Apple-converted-space\">  <\/span>elle ose.<\/p>\n<p>&nbsp;<\/p>\n","protected":false},"featured_media":5748,"comment_status":"closed","ping_status":"closed","template":"","meta":[],"etheme_brands":[],"product_brand":[],"product_cat":[74],"product_tag":[],"class_list":{"0":"post-8114","1":"product","2":"type-product","3":"status-publish","4":"has-post-thumbnail","6":"product_cat-alimentos","8":"first","9":"instock","10":"taxable","11":"shipping-taxable","12":"purchasable","13":"product-type-simple"},"exclude_global_add_ons":[],"addons":[],"_links":{"self":[{"href":"https:\/\/paradiseproductscr.com\/fr\/wp-json\/wp\/v2\/product\/8114","targetHints":{"allow":["GET"]}}],"collection":[{"href":"https:\/\/paradiseproductscr.com\/fr\/wp-json\/wp\/v2\/product"}],"about":[{"href":"https:\/\/paradiseproductscr.com\/fr\/wp-json\/wp\/v2\/types\/product"}],"replies":[{"embeddable":true,"href":"https:\/\/paradiseproductscr.com\/fr\/wp-json\/wp\/v2\/comments?post=8114"}],"version-history":[{"count":0,"href":"https:\/\/paradiseproductscr.com\/fr\/wp-json\/wp\/v2\/product\/8114\/revisions"}],"wp:featuredmedia":[{"embeddable":true,"href":"https:\/\/paradiseproductscr.com\/fr\/wp-json\/wp\/v2\/media\/5748"}],"wp:attachment":[{"href":"https:\/\/paradiseproductscr.com\/fr\/wp-json\/wp\/v2\/media?parent=8114"}],"wp:term":[{"taxonomy":"brand","embeddable":true,"href":"https:\/\/paradiseproductscr.com\/fr\/wp-json\/wp\/v2\/etheme_brands?post=8114"},{"taxonomy":"product_brand","embeddable":true,"href":"https:\/\/paradiseproductscr.com\/fr\/wp-json\/wp\/v2\/product_brand?post=8114"},{"taxonomy":"product_cat","embeddable":true,"href":"https:\/\/paradiseproductscr.com\/fr\/wp-json\/wp\/v2\/product_cat?post=8114"},{"taxonomy":"product_tag","embeddable":true,"href":"https:\/\/paradiseproductscr.com\/fr\/wp-json\/wp\/v2\/product_tag?post=8114"}],"curies":[{"name":"wp","href":"https:\/\/api.w.org\/{rel}","templated":true}]}}