{"id":8115,"date":"2022-05-28T17:42:12","date_gmt":"2022-05-28T23:42:12","guid":{"rendered":"https:\/\/paradiseproductscr.com\/product\/el-gran-baile-de-los-caricacos-la-grande-danse-des-caricacos\/"},"modified":"2022-05-28T17:42:12","modified_gmt":"2022-05-28T11:42:12","slug":"el-gran-baile-de-los-caricacos-la-grande-danse-des-caricacos","status":"publish","type":"product","link":"https:\/\/paradiseproductscr.com\/fr\/produit\/el-gran-baile-de-los-caricacos-la-grande-danse-des-caricacos\/","title":{"rendered":"El gran baile de los caricacos (La grande danse des caricacos)"},"content":{"rendered":"<p class=\"franja\"><strong>\u00c2ge:<\/strong> 8-11 ans<\/p>\n<p><strong>Niveau:<\/strong> deuxi\u00e8me et troisi\u00e8me<\/p>\n<p><strong>Pages:<\/strong> 72<\/p>\n<p><strong>Finition:<\/strong> rustique encoll\u00e9 , papier Kimberly 115 gr<\/p>\n<p><strong>Auteurs:<\/strong> Anne Se\u00f1ol e Yvette Castro<\/p>\n<p>Les subtiles et po\u00e9tiques illustrations d\u2019Olga Anaskina \u00e9clairent ce livre de br\u00e8ves histoires sur le Costa Rica et nous offrent un petit bijou pour la jouissance des sens et le d\u00e9veloppement de l\u2019habitude de lecture.<\/p>\n<p>&nbsp;<\/p>\n","protected":false},"excerpt":{"rendered":"<p>Les subtiles et po\u00e9tiques illustrations d\u2019Olga Anaskina \u00e9clairent ce livre de br\u00e8ves histoires sur le Costa Rica et nous offrent un petit bijou pour la jouissance des sens et le d\u00e9veloppement de l\u2019habitude de lecture.<\/p>\n","protected":false},"featured_media":5750,"comment_status":"closed","ping_status":"closed","template":"","meta":[],"etheme_brands":[],"product_brand":[],"product_cat":[74],"product_tag":[],"class_list":{"0":"post-8115","1":"product","2":"type-product","3":"status-publish","4":"has-post-thumbnail","6":"product_cat-alimentos","8":"first","9":"instock","10":"taxable","11":"shipping-taxable","12":"purchasable","13":"product-type-simple"},"exclude_global_add_ons":[],"addons":[],"_links":{"self":[{"href":"https:\/\/paradiseproductscr.com\/fr\/wp-json\/wp\/v2\/product\/8115","targetHints":{"allow":["GET"]}}],"collection":[{"href":"https:\/\/paradiseproductscr.com\/fr\/wp-json\/wp\/v2\/product"}],"about":[{"href":"https:\/\/paradiseproductscr.com\/fr\/wp-json\/wp\/v2\/types\/product"}],"replies":[{"embeddable":true,"href":"https:\/\/paradiseproductscr.com\/fr\/wp-json\/wp\/v2\/comments?post=8115"}],"version-history":[{"count":0,"href":"https:\/\/paradiseproductscr.com\/fr\/wp-json\/wp\/v2\/product\/8115\/revisions"}],"wp:featuredmedia":[{"embeddable":true,"href":"https:\/\/paradiseproductscr.com\/fr\/wp-json\/wp\/v2\/media\/5750"}],"wp:attachment":[{"href":"https:\/\/paradiseproductscr.com\/fr\/wp-json\/wp\/v2\/media?parent=8115"}],"wp:term":[{"taxonomy":"brand","embeddable":true,"href":"https:\/\/paradiseproductscr.com\/fr\/wp-json\/wp\/v2\/etheme_brands?post=8115"},{"taxonomy":"product_brand","embeddable":true,"href":"https:\/\/paradiseproductscr.com\/fr\/wp-json\/wp\/v2\/product_brand?post=8115"},{"taxonomy":"product_cat","embeddable":true,"href":"https:\/\/paradiseproductscr.com\/fr\/wp-json\/wp\/v2\/product_cat?post=8115"},{"taxonomy":"product_tag","embeddable":true,"href":"https:\/\/paradiseproductscr.com\/fr\/wp-json\/wp\/v2\/product_tag?post=8115"}],"curies":[{"name":"wp","href":"https:\/\/api.w.org\/{rel}","templated":true}]}}