{"id":8116,"date":"2022-05-28T11:42:12","date_gmt":"2022-05-28T17:42:12","guid":{"rendered":"https:\/\/paradiseproductscr.com\/product\/sereno\/"},"modified":"2022-05-28T17:42:12","modified_gmt":"2022-05-28T11:42:12","slug":"sereno","status":"publish","type":"product","link":"https:\/\/paradiseproductscr.com\/fr\/produit\/sereno\/","title":{"rendered":"Sereno"},"content":{"rendered":"<p class=\"franja\"><strong>\u00c2ge :<\/strong> pour tous les \u00e2ges<\/p>\n<p><strong>Pages: <\/strong>38<\/p>\n<p><strong>Finition:<\/strong> rustique cousu et coll\u00e9, papier Ledger 120g<\/p>\n<p><strong>Textes:<\/strong> Andr\u00e9s Aguilar Quesada<\/p>\n<p><strong>Ilustrations:<\/strong> Gabriela Zumbado<\/p>\n<p>Un jour, quand il \u00e9tait petit, Sereno, la sir\u00e8ne, affronta une petite rayure rouge en zigzag. Depuis lors, les choses ne vont pas tr\u00e8s bien pour lui. Il va l\u00e0 o\u00f9 le courant l\u2019emporte. En amont, en aval ou en mer.<\/p>\n<p>Dans ses errances, il passa de tout : de s\u2019\u00e9chouer sur les c\u00f4tes africaines, \u00e0 tomber sur Bruno Bocarroja, le pirate le plus terriblement fashion qui ait jamais navigu\u00e9 sur les sept mers.<\/p>\n<p>Heureusement, vos amis vont faire tout leur possible pour vous aider \u00e0 reprendre le contr\u00f4le de votre vie. M\u00eame si cela veut dire contacter, o\u00f9 qu\u2019ils soient, les obscurs et \u00e9nigmatiques r\u00e9dacteurs du dictionnaire.<\/p>\n","protected":false},"excerpt":{"rendered":"<p>Un jour, quand il \u00e9tait petit, Sereno, la sir\u00e8ne, affronta une petite rayure rouge en zigzag. Depuis lors, les choses ne vont pas tr\u00e8s bien pour lui. Il va l\u00e0 o\u00f9 le courant l\u2019emporte. En amont, en aval ou en mer.<\/p>\n","protected":false},"featured_media":5752,"comment_status":"closed","ping_status":"closed","template":"","meta":[],"etheme_brands":[],"product_brand":[],"product_cat":[593],"product_tag":[594,595,603,602,597,604,599,598,600,601,596],"class_list":{"0":"post-8116","1":"product","2":"type-product","3":"status-publish","4":"has-post-thumbnail","6":"product_cat-medias-et-musique","7":"product_tag-apprentissage","8":"product_tag-contes","9":"product_tag-enfants","10":"product_tag-filles","11":"product_tag-histoires","12":"product_tag-infantile-fr","13":"product_tag-la-girafe-et-moi","14":"product_tag-langues","15":"product_tag-lecture","16":"product_tag-livres","17":"product_tag-scolaire","19":"first","20":"instock","21":"taxable","22":"shipping-taxable","23":"purchasable","24":"product-type-simple"},"exclude_global_add_ons":[],"addons":[],"_links":{"self":[{"href":"https:\/\/paradiseproductscr.com\/fr\/wp-json\/wp\/v2\/product\/8116","targetHints":{"allow":["GET"]}}],"collection":[{"href":"https:\/\/paradiseproductscr.com\/fr\/wp-json\/wp\/v2\/product"}],"about":[{"href":"https:\/\/paradiseproductscr.com\/fr\/wp-json\/wp\/v2\/types\/product"}],"replies":[{"embeddable":true,"href":"https:\/\/paradiseproductscr.com\/fr\/wp-json\/wp\/v2\/comments?post=8116"}],"version-history":[{"count":0,"href":"https:\/\/paradiseproductscr.com\/fr\/wp-json\/wp\/v2\/product\/8116\/revisions"}],"wp:featuredmedia":[{"embeddable":true,"href":"https:\/\/paradiseproductscr.com\/fr\/wp-json\/wp\/v2\/media\/5752"}],"wp:attachment":[{"href":"https:\/\/paradiseproductscr.com\/fr\/wp-json\/wp\/v2\/media?parent=8116"}],"wp:term":[{"taxonomy":"brand","embeddable":true,"href":"https:\/\/paradiseproductscr.com\/fr\/wp-json\/wp\/v2\/etheme_brands?post=8116"},{"taxonomy":"product_brand","embeddable":true,"href":"https:\/\/paradiseproductscr.com\/fr\/wp-json\/wp\/v2\/product_brand?post=8116"},{"taxonomy":"product_cat","embeddable":true,"href":"https:\/\/paradiseproductscr.com\/fr\/wp-json\/wp\/v2\/product_cat?post=8116"},{"taxonomy":"product_tag","embeddable":true,"href":"https:\/\/paradiseproductscr.com\/fr\/wp-json\/wp\/v2\/product_tag?post=8116"}],"curies":[{"name":"wp","href":"https:\/\/api.w.org\/{rel}","templated":true}]}}