{"id":8118,"date":"2022-05-28T11:42:12","date_gmt":"2022-05-28T17:42:12","guid":{"rendered":"https:\/\/paradiseproductscr.com\/product\/anaconda\/"},"modified":"2022-05-28T17:42:12","modified_gmt":"2022-05-28T11:42:12","slug":"anaconda","status":"publish","type":"product","link":"https:\/\/paradiseproductscr.com\/fr\/produit\/anaconda\/","title":{"rendered":"Anaconda"},"content":{"rendered":"<p class=\"franja\"><strong>\u00c2ge :<\/strong> pour tous les \u00e2ges<\/p>\n<p><strong>Pages: <\/strong>38<\/p>\n<p><strong>Finition:<\/strong> rustique cousu et coll\u00e9, papier Ledger 120g<\/p>\n<p><strong>Textes:<\/strong> Horacio Quiroga<\/p>\n<p><strong>Ilustrations:<\/strong> Olga Anaskina<\/p>\n<p><b>Horacio Quiroga est n\u00e9 \u00e0<\/b> Salto, en Uruguay, le 31 d\u00e9cembre 1878, et est d\u00e9c\u00e9d\u00e9 \u00e0 Buenos Aires, en Argentine, le 19 f\u00e9vrier 1937, \u00e0 l\u2019\u00e2ge de 58 ans. Il fut po\u00e8te, conteur et dramaturge. Sa vie fut marqu\u00e9e par l\u2019\u00e9troitesse \u00e9conomique et la trag\u00e9die : plusieurs proches parents et amis se sont suicid\u00e9s. Il a tu\u00e9 un ami par accident et s\u2019est empoisonn\u00e9 au cyanure quand il a appris qu\u2019il avait un cancer.<\/p>\n<p>Il a commenc\u00e9 tr\u00e8s jeune son travail litt\u00e9raire, sous la direction du c\u00e9l\u00e8bre \u00e9crivain argentin Leopoldo Lugones. En 1903, il l\u2019accompagna dans la zone de Misiones et fut \u00e9bloui par sa nature. L\u00e0, il stocke des sc\u00e8nes et des personnages pour ses puissantes histoires de jungle.<\/p>\n<p>Il est l&rsquo;auteur de <i>Dec\u00e1logo del perfecto cuentista<\/i>, outre de nombreux r\u00e9cits parmi lesquels figure en bonne place celui d\u2019 <b>Anaconda<\/b>, dans lequel hommes, serpents et serpents s\u2019engagent dans une bataille pour la survie.<\/p>\n","protected":false},"excerpt":{"rendered":"<p>Il est l&rsquo;auteur de <i>Dec\u00e1logo del perfecto cuentista<\/i>, outre de nombreux r\u00e9cits parmi lesquels figure en bonne place celui d\u2019 <b>Anaconda<\/b>, dans lequel hommes, serpents et serpents s\u2019engagent dans une bataille pour la survie.<\/p>\n","protected":false},"featured_media":5756,"comment_status":"closed","ping_status":"closed","template":"","meta":[],"etheme_brands":[],"product_brand":[],"product_cat":[593],"product_tag":[594,595,603,602,597,604,599,598,600,601,596],"class_list":{"0":"post-8118","1":"product","2":"type-product","3":"status-publish","4":"has-post-thumbnail","6":"product_cat-medias-et-musique","7":"product_tag-apprentissage","8":"product_tag-contes","9":"product_tag-enfants","10":"product_tag-filles","11":"product_tag-histoires","12":"product_tag-infantile-fr","13":"product_tag-la-girafe-et-moi","14":"product_tag-langues","15":"product_tag-lecture","16":"product_tag-livres","17":"product_tag-scolaire","19":"first","20":"instock","21":"taxable","22":"shipping-taxable","23":"purchasable","24":"product-type-simple"},"exclude_global_add_ons":[],"addons":[],"_links":{"self":[{"href":"https:\/\/paradiseproductscr.com\/fr\/wp-json\/wp\/v2\/product\/8118","targetHints":{"allow":["GET"]}}],"collection":[{"href":"https:\/\/paradiseproductscr.com\/fr\/wp-json\/wp\/v2\/product"}],"about":[{"href":"https:\/\/paradiseproductscr.com\/fr\/wp-json\/wp\/v2\/types\/product"}],"replies":[{"embeddable":true,"href":"https:\/\/paradiseproductscr.com\/fr\/wp-json\/wp\/v2\/comments?post=8118"}],"version-history":[{"count":0,"href":"https:\/\/paradiseproductscr.com\/fr\/wp-json\/wp\/v2\/product\/8118\/revisions"}],"wp:featuredmedia":[{"embeddable":true,"href":"https:\/\/paradiseproductscr.com\/fr\/wp-json\/wp\/v2\/media\/5756"}],"wp:attachment":[{"href":"https:\/\/paradiseproductscr.com\/fr\/wp-json\/wp\/v2\/media?parent=8118"}],"wp:term":[{"taxonomy":"brand","embeddable":true,"href":"https:\/\/paradiseproductscr.com\/fr\/wp-json\/wp\/v2\/etheme_brands?post=8118"},{"taxonomy":"product_brand","embeddable":true,"href":"https:\/\/paradiseproductscr.com\/fr\/wp-json\/wp\/v2\/product_brand?post=8118"},{"taxonomy":"product_cat","embeddable":true,"href":"https:\/\/paradiseproductscr.com\/fr\/wp-json\/wp\/v2\/product_cat?post=8118"},{"taxonomy":"product_tag","embeddable":true,"href":"https:\/\/paradiseproductscr.com\/fr\/wp-json\/wp\/v2\/product_tag?post=8118"}],"curies":[{"name":"wp","href":"https:\/\/api.w.org\/{rel}","templated":true}]}}