{"id":8119,"date":"2022-05-28T11:42:12","date_gmt":"2022-05-28T17:42:12","guid":{"rendered":"https:\/\/paradiseproductscr.com\/product\/trois-histoires-courtes-pour-les-longs-voyages\/"},"modified":"2022-05-28T17:42:12","modified_gmt":"2022-05-28T11:42:12","slug":"trois-histoires-courtes-pour-les-longs-voyages","status":"publish","type":"product","link":"https:\/\/paradiseproductscr.com\/fr\/produit\/trois-histoires-courtes-pour-les-longs-voyages\/","title":{"rendered":"Trois histoires courtes pour les longs voyages"},"content":{"rendered":"<p class=\"franja\"><strong>\u00c2ge:<\/strong> toutes<\/p>\n<p><strong>Pages:<\/strong>44<\/p>\n<p><strong>Finition:<\/strong> cousu et coll\u00e9, papier bristol 130g<\/p>\n<p><strong>Auteur:<\/strong> Adi\u00e1n Gonz\u00e1lez Rizo<\/p>\n<p><strong>Trois histoires courtes pour les longs voyages<\/strong>, le premier livre solo de l\u2019artiste cubain Adi\u00e1n Gonz\u00e1lez Rizo, est une bouff\u00e9e d\u2019air frais dans le monde du livre. L\u2019\u0153uvre r\u00e9unit un ensemble attachant de petites histoires graphiques pleines d\u2019imagination et de nostalgie.<\/p>\n<p>&nbsp;<\/p>\n<p>&nbsp;<\/p>\n<p>&nbsp;<\/p>\n","protected":false},"excerpt":{"rendered":"<p><strong>Trois histoires courtes pour les longs voyages<\/strong>, le premier livre solo de l\u2019artiste cubain Adi\u00e1n Gonz\u00e1lez Rizo, est une bouff\u00e9e d\u2019air frais dans le monde du livre. L\u2019\u0153uvre r\u00e9unit un ensemble attachant de petites histoires graphiques pleines d\u2019imagination et de nostalgie.<\/p>\n","protected":false},"featured_media":5758,"comment_status":"closed","ping_status":"closed","template":"","meta":[],"etheme_brands":[],"product_brand":[],"product_cat":[593],"product_tag":[594,595,603,602,597,604,599,598,600,601,596],"class_list":{"0":"post-8119","1":"product","2":"type-product","3":"status-publish","4":"has-post-thumbnail","6":"product_cat-medias-et-musique","7":"product_tag-apprentissage","8":"product_tag-contes","9":"product_tag-enfants","10":"product_tag-filles","11":"product_tag-histoires","12":"product_tag-infantile-fr","13":"product_tag-la-girafe-et-moi","14":"product_tag-langues","15":"product_tag-lecture","16":"product_tag-livres","17":"product_tag-scolaire","19":"first","20":"instock","21":"taxable","22":"shipping-taxable","23":"purchasable","24":"product-type-simple"},"exclude_global_add_ons":[],"addons":[],"_links":{"self":[{"href":"https:\/\/paradiseproductscr.com\/fr\/wp-json\/wp\/v2\/product\/8119","targetHints":{"allow":["GET"]}}],"collection":[{"href":"https:\/\/paradiseproductscr.com\/fr\/wp-json\/wp\/v2\/product"}],"about":[{"href":"https:\/\/paradiseproductscr.com\/fr\/wp-json\/wp\/v2\/types\/product"}],"replies":[{"embeddable":true,"href":"https:\/\/paradiseproductscr.com\/fr\/wp-json\/wp\/v2\/comments?post=8119"}],"version-history":[{"count":0,"href":"https:\/\/paradiseproductscr.com\/fr\/wp-json\/wp\/v2\/product\/8119\/revisions"}],"wp:featuredmedia":[{"embeddable":true,"href":"https:\/\/paradiseproductscr.com\/fr\/wp-json\/wp\/v2\/media\/5758"}],"wp:attachment":[{"href":"https:\/\/paradiseproductscr.com\/fr\/wp-json\/wp\/v2\/media?parent=8119"}],"wp:term":[{"taxonomy":"brand","embeddable":true,"href":"https:\/\/paradiseproductscr.com\/fr\/wp-json\/wp\/v2\/etheme_brands?post=8119"},{"taxonomy":"product_brand","embeddable":true,"href":"https:\/\/paradiseproductscr.com\/fr\/wp-json\/wp\/v2\/product_brand?post=8119"},{"taxonomy":"product_cat","embeddable":true,"href":"https:\/\/paradiseproductscr.com\/fr\/wp-json\/wp\/v2\/product_cat?post=8119"},{"taxonomy":"product_tag","embeddable":true,"href":"https:\/\/paradiseproductscr.com\/fr\/wp-json\/wp\/v2\/product_tag?post=8119"}],"curies":[{"name":"wp","href":"https:\/\/api.w.org\/{rel}","templated":true}]}}