{"id":8120,"date":"2022-05-28T11:42:12","date_gmt":"2022-05-28T17:42:12","guid":{"rendered":"https:\/\/paradiseproductscr.com\/product\/sin-manchas-sans-tache\/"},"modified":"2022-05-28T17:42:12","modified_gmt":"2022-05-28T11:42:12","slug":"sin-manchas-sans-tache","status":"publish","type":"product","link":"https:\/\/paradiseproductscr.com\/fr\/produit\/sin-manchas-sans-tache\/","title":{"rendered":"Sin Manchas (sans tache)"},"content":{"rendered":"<p class=\"franja\"><strong>\u00c2ge:<\/strong> \u00e0 partir de 4 ans<\/p>\n<p><strong>Pages:<\/strong>108<\/p>\n<p><strong>Finition:<\/strong> rustique cousu et coll\u00e9, papier couch\u00e9 150g<\/p>\n<p><strong>Auteur:<\/strong> Meritxell Margarit<\/p>\n<p><strong>Ilustrateur:<\/strong> Gusti<\/p>\n<p class=\"p1\">Les aventures de Sabina et Lucia, deux<span class=\"Apple-converted-space\">  <\/span>jeunes lynx qui parcourent les collines pierreuses de la p\u00e9ninsule ib\u00e9rique, sont d\u00e9peintes par l\u2019imagination sagace de Meritxell et deviennent incontournables dans les puissantes images du c\u00e9l\u00e8bre ma\u00eetre Gusti. La tendresse et la profondeur de ce livre ne manquent pas de nous \u00e9tonner.<\/p>\n","protected":false},"excerpt":{"rendered":"<p>Les aventures de Sabina et Lucia, deux<span class=\"Apple-converted-space\">  <\/span>jeunes lynx qui parcourent les collines pierreuses de la p\u00e9ninsule ib\u00e9rique, sont d\u00e9peintes par l\u2019imagination sagace de Meritxell et deviennent incontournables dans les puissantes images du c\u00e9l\u00e8bre ma\u00eetre Gusti. La tendresse et la profondeur de ce livre ne manquent pas de nous \u00e9tonner.<\/p>\n","protected":false},"featured_media":5760,"comment_status":"closed","ping_status":"closed","template":"","meta":[],"etheme_brands":[],"product_brand":[],"product_cat":[593],"product_tag":[594,595,603,602,597,604,599,598,600,601,596],"class_list":{"0":"post-8120","1":"product","2":"type-product","3":"status-publish","4":"has-post-thumbnail","6":"product_cat-medias-et-musique","7":"product_tag-apprentissage","8":"product_tag-contes","9":"product_tag-enfants","10":"product_tag-filles","11":"product_tag-histoires","12":"product_tag-infantile-fr","13":"product_tag-la-girafe-et-moi","14":"product_tag-langues","15":"product_tag-lecture","16":"product_tag-livres","17":"product_tag-scolaire","19":"first","20":"instock","21":"taxable","22":"shipping-taxable","23":"purchasable","24":"product-type-simple"},"exclude_global_add_ons":[],"addons":[],"_links":{"self":[{"href":"https:\/\/paradiseproductscr.com\/fr\/wp-json\/wp\/v2\/product\/8120","targetHints":{"allow":["GET"]}}],"collection":[{"href":"https:\/\/paradiseproductscr.com\/fr\/wp-json\/wp\/v2\/product"}],"about":[{"href":"https:\/\/paradiseproductscr.com\/fr\/wp-json\/wp\/v2\/types\/product"}],"replies":[{"embeddable":true,"href":"https:\/\/paradiseproductscr.com\/fr\/wp-json\/wp\/v2\/comments?post=8120"}],"version-history":[{"count":0,"href":"https:\/\/paradiseproductscr.com\/fr\/wp-json\/wp\/v2\/product\/8120\/revisions"}],"wp:featuredmedia":[{"embeddable":true,"href":"https:\/\/paradiseproductscr.com\/fr\/wp-json\/wp\/v2\/media\/5760"}],"wp:attachment":[{"href":"https:\/\/paradiseproductscr.com\/fr\/wp-json\/wp\/v2\/media?parent=8120"}],"wp:term":[{"taxonomy":"brand","embeddable":true,"href":"https:\/\/paradiseproductscr.com\/fr\/wp-json\/wp\/v2\/etheme_brands?post=8120"},{"taxonomy":"product_brand","embeddable":true,"href":"https:\/\/paradiseproductscr.com\/fr\/wp-json\/wp\/v2\/product_brand?post=8120"},{"taxonomy":"product_cat","embeddable":true,"href":"https:\/\/paradiseproductscr.com\/fr\/wp-json\/wp\/v2\/product_cat?post=8120"},{"taxonomy":"product_tag","embeddable":true,"href":"https:\/\/paradiseproductscr.com\/fr\/wp-json\/wp\/v2\/product_tag?post=8120"}],"curies":[{"name":"wp","href":"https:\/\/api.w.org\/{rel}","templated":true}]}}