{"id":8123,"date":"2022-05-28T11:42:12","date_gmt":"2022-05-28T17:42:12","guid":{"rendered":"https:\/\/paradiseproductscr.com\/product\/mas-alla-del-alarido-au-dela-du-cri\/"},"modified":"2022-05-28T17:42:12","modified_gmt":"2022-05-28T11:42:12","slug":"mas-alla-del-alarido-au-dela-du-cri","status":"publish","type":"product","link":"https:\/\/paradiseproductscr.com\/fr\/produit\/mas-alla-del-alarido-au-dela-du-cri\/","title":{"rendered":"M\u00e1s all\u00e1 del Alarido (Au-del\u00e0 du Cri)"},"content":{"rendered":"<p class=\"franja\"><strong>\u00c2ge :<\/strong> pour tous les \u00e2ges<\/p>\n<p><strong>Pages:<\/strong> 44<\/p>\n<p><strong>Finition:<\/strong> broch\u00e9 et coll\u00e9, papier couch\u00e9 150g<\/p>\n<p><strong>Auteur:<\/strong> H\u00e9ctor Gamboa Goldenberg<\/p>\n<p><strong>Ilustrateur:<\/strong>H\u00e9ctor Gamboa Goldenberg<\/p>\n<p>\u00c0 la lumi\u00e8re d\u2019une canfinera, le seul conte possible est celui de l\u2019\u00e9pouvante.<\/p>\n<p><strong>M\u00e1s all\u00e1 del Alarido (Au-del\u00e0 du Cri)<\/strong>, en plus d\u2019un r\u00e9cit illustr\u00e9, c\u2019est une ruse pour ramener \u00e0 la vie, en utilisant comme v\u00e9hicule les contes que nos grands-m\u00e8res d\u00e9poussi\u00e8rent dans les nuits de panne, la d\u00e9licieuse terreur des r\u00e9cits populaires d\u2019\u00e9pouvantes et apparus. Celles qui ont permis \u00e0 tant de g\u00e9n\u00e9rations d\u2019enfants, en des temps plus na\u00effs et moins cyniques, de scruter en toute s\u00e9curit\u00e9 les difficult\u00e9s de la vie et d\u2019interroger les adultes sur le sens de leur monde sans \u00e9veiller de soup\u00e7ons&#8230;<\/p>\n","protected":false},"excerpt":{"rendered":"<p><strong>M\u00e1s all\u00e1 del Alarido (Au-del\u00e0 du Cri)<\/strong>, en plus d\u2019un r\u00e9cit illustr\u00e9, c\u2019est une ruse pour ramener \u00e0 la vie, en utilisant comme v\u00e9hicule les contes que nos grands-m\u00e8res d\u00e9poussi\u00e8rent dans les nuits de panne, la d\u00e9licieuse terreur des r\u00e9cits populaires d\u2019\u00e9pouvantes et apparus. Celles qui ont permis \u00e0 tant de g\u00e9n\u00e9rations d\u2019enfants, en des temps plus na\u00effs et moins cyniques, de scruter en toute s\u00e9curit\u00e9 les difficult\u00e9s de la vie et d\u2019interroger les adultes sur le sens de leur monde sans \u00e9veiller de soup\u00e7ons&#8230;<\/p>\n","protected":false},"featured_media":5766,"comment_status":"closed","ping_status":"closed","template":"","meta":[],"etheme_brands":[],"product_brand":[],"product_cat":[593],"product_tag":[594,595,603,602,597,604,599,598,600,637,596],"class_list":{"0":"post-8123","1":"product","2":"type-product","3":"status-publish","4":"has-post-thumbnail","6":"product_cat-medias-et-musique","7":"product_tag-apprentissage","8":"product_tag-contes","9":"product_tag-enfants","10":"product_tag-filles","11":"product_tag-histoires","12":"product_tag-infantile-fr","13":"product_tag-la-girafe-et-moi","14":"product_tag-langues","15":"product_tag-lecture","16":"product_tag-litterature","17":"product_tag-scolaire","19":"first","20":"instock","21":"taxable","22":"shipping-taxable","23":"purchasable","24":"product-type-simple"},"exclude_global_add_ons":[],"addons":[],"_links":{"self":[{"href":"https:\/\/paradiseproductscr.com\/fr\/wp-json\/wp\/v2\/product\/8123","targetHints":{"allow":["GET"]}}],"collection":[{"href":"https:\/\/paradiseproductscr.com\/fr\/wp-json\/wp\/v2\/product"}],"about":[{"href":"https:\/\/paradiseproductscr.com\/fr\/wp-json\/wp\/v2\/types\/product"}],"replies":[{"embeddable":true,"href":"https:\/\/paradiseproductscr.com\/fr\/wp-json\/wp\/v2\/comments?post=8123"}],"version-history":[{"count":0,"href":"https:\/\/paradiseproductscr.com\/fr\/wp-json\/wp\/v2\/product\/8123\/revisions"}],"wp:featuredmedia":[{"embeddable":true,"href":"https:\/\/paradiseproductscr.com\/fr\/wp-json\/wp\/v2\/media\/5766"}],"wp:attachment":[{"href":"https:\/\/paradiseproductscr.com\/fr\/wp-json\/wp\/v2\/media?parent=8123"}],"wp:term":[{"taxonomy":"brand","embeddable":true,"href":"https:\/\/paradiseproductscr.com\/fr\/wp-json\/wp\/v2\/etheme_brands?post=8123"},{"taxonomy":"product_brand","embeddable":true,"href":"https:\/\/paradiseproductscr.com\/fr\/wp-json\/wp\/v2\/product_brand?post=8123"},{"taxonomy":"product_cat","embeddable":true,"href":"https:\/\/paradiseproductscr.com\/fr\/wp-json\/wp\/v2\/product_cat?post=8123"},{"taxonomy":"product_tag","embeddable":true,"href":"https:\/\/paradiseproductscr.com\/fr\/wp-json\/wp\/v2\/product_tag?post=8123"}],"curies":[{"name":"wp","href":"https:\/\/api.w.org\/{rel}","templated":true}]}}