{"id":8124,"date":"2022-05-28T17:42:12","date_gmt":"2022-05-28T23:42:12","guid":{"rendered":"https:\/\/paradiseproductscr.com\/product\/las-flores-del-olvido-les-fleurs-de-loubli\/"},"modified":"2022-05-28T17:42:12","modified_gmt":"2022-05-28T11:42:12","slug":"las-flores-del-olvido-les-fleurs-de-loubli","status":"publish","type":"product","link":"https:\/\/paradiseproductscr.com\/fr\/produit\/las-flores-del-olvido-les-fleurs-de-loubli\/","title":{"rendered":"Las Flores del Olvido (Les Fleurs de l\u2019Oubli)"},"content":{"rendered":"<div class=\"woocommerce-product-details__short-description\">\n<p class=\"franja\"><strong>\u00c2ge :<\/strong> pour tous les \u00e2ges<\/p>\n<p><strong>Pages: <\/strong>24<\/p>\n<p><strong>Finition:<\/strong> rustique cousu et coll\u00e9, papier Bristol 144g<\/p>\n<p><strong>Textes et ilustrations:<\/strong> H\u00e9ctor Gamboa<\/p>\n<p class=\"p1\">On dit que l\u2019odorat est, de tous les sens, le plus li\u00e9 \u00e0 la m\u00e9moire.<\/p>\n<p class=\"p1\">Les ar\u00f4mes sont profond\u00e9ment grav\u00e9s et restent avec nous au point que, m\u00eame si nous oublions nos exp\u00e9riences et les gens que nous avons rencontr\u00e9s, nous nous souvenons toujours de l\u2019odeur du picadillo qui nous faisait maman, la premi\u00e8re tortilla jet\u00e9e dans le comal, et le parfum singulier de ceux que nous avons aim\u00e9s.<\/p>\n<p class=\"p1\">Mais qu\u2019est-ce qui sent l\u2019oubli ?<\/p>\n<p class=\"p1\">Avec l\u2019aide d\u2019un vieil homme unique, <i>Las flores del olvido<\/i> explore l\u2019ironie que l\u2019odeur d\u2019une telle fleur renferme.<\/p>\n<\/div>\n","protected":false},"excerpt":{"rendered":"<p class=\"p1\">On dit que l\u2019odorat est, de tous les sens, le plus li\u00e9 \u00e0 la m\u00e9moire.<\/p>\n<p class=\"p1\">Les ar\u00f4mes sont profond\u00e9ment grav\u00e9s et restent avec nous au point que, m\u00eame si nous oublions nos exp\u00e9riences et les gens que nous avons rencontr\u00e9s, nous nous souvenons toujours de l\u2019odeur du picadillo qui nous faisait maman, la premi\u00e8re tortilla jet\u00e9e dans le comal, et le parfum singulier de ceux que nous avons aim\u00e9s.<\/p>\n<p class=\"p1\">Mais qu\u2019est-ce qui sent l\u2019oubli ?<\/p>\n<p class=\"p1\">Avec l\u2019aide d\u2019un vieil homme unique, <i>Las flores del olvido<\/i> explore l\u2019ironie que l\u2019odeur d\u2019une telle fleur renferme.<\/p>\n","protected":false},"featured_media":5768,"comment_status":"closed","ping_status":"closed","template":"","meta":[],"etheme_brands":[],"product_brand":[],"product_cat":[74],"product_tag":[],"class_list":{"0":"post-8124","1":"product","2":"type-product","3":"status-publish","4":"has-post-thumbnail","6":"product_cat-alimentos","8":"first","9":"instock","10":"taxable","11":"shipping-taxable","12":"purchasable","13":"product-type-simple"},"exclude_global_add_ons":[],"addons":[],"_links":{"self":[{"href":"https:\/\/paradiseproductscr.com\/fr\/wp-json\/wp\/v2\/product\/8124","targetHints":{"allow":["GET"]}}],"collection":[{"href":"https:\/\/paradiseproductscr.com\/fr\/wp-json\/wp\/v2\/product"}],"about":[{"href":"https:\/\/paradiseproductscr.com\/fr\/wp-json\/wp\/v2\/types\/product"}],"replies":[{"embeddable":true,"href":"https:\/\/paradiseproductscr.com\/fr\/wp-json\/wp\/v2\/comments?post=8124"}],"version-history":[{"count":0,"href":"https:\/\/paradiseproductscr.com\/fr\/wp-json\/wp\/v2\/product\/8124\/revisions"}],"wp:featuredmedia":[{"embeddable":true,"href":"https:\/\/paradiseproductscr.com\/fr\/wp-json\/wp\/v2\/media\/5768"}],"wp:attachment":[{"href":"https:\/\/paradiseproductscr.com\/fr\/wp-json\/wp\/v2\/media?parent=8124"}],"wp:term":[{"taxonomy":"brand","embeddable":true,"href":"https:\/\/paradiseproductscr.com\/fr\/wp-json\/wp\/v2\/etheme_brands?post=8124"},{"taxonomy":"product_brand","embeddable":true,"href":"https:\/\/paradiseproductscr.com\/fr\/wp-json\/wp\/v2\/product_brand?post=8124"},{"taxonomy":"product_cat","embeddable":true,"href":"https:\/\/paradiseproductscr.com\/fr\/wp-json\/wp\/v2\/product_cat?post=8124"},{"taxonomy":"product_tag","embeddable":true,"href":"https:\/\/paradiseproductscr.com\/fr\/wp-json\/wp\/v2\/product_tag?post=8124"}],"curies":[{"name":"wp","href":"https:\/\/api.w.org\/{rel}","templated":true}]}}