{"id":8125,"date":"2022-05-28T11:42:12","date_gmt":"2022-05-28T17:42:12","guid":{"rendered":"https:\/\/paradiseproductscr.com\/product\/el-zoologico-de-los-refranes-le-zoo-des-proverbes\/"},"modified":"2022-05-28T17:42:12","modified_gmt":"2022-05-28T11:42:12","slug":"el-zoologico-de-los-refranes-le-zoo-des-proverbes","status":"publish","type":"product","link":"https:\/\/paradiseproductscr.com\/fr\/produit\/el-zoologico-de-los-refranes-le-zoo-des-proverbes\/","title":{"rendered":"El zoologico de los refranes (Le Zoo des proverbes )"},"content":{"rendered":"<div class=\"woocommerce-product-details__short-description\">\n<p class=\"franja\"><strong>\u00c2ge :<\/strong> pour tous les \u00e2ges<\/p>\n<p><strong>Pages:<\/strong>32<\/p>\n<p><strong>Finition:<\/strong> broch\u00e9 et coll\u00e9, papier couch\u00e9 150g<\/p>\n<p><strong>Textes:<\/strong> Anne Se\u00f1ol<\/p>\n<p><strong>Ilustrations:<\/strong> Susan E. Walton<\/p>\n<p>Un adage bien connu dit qu&rsquo;il y a un long chemin entre les paroles et les actes.<\/p>\n<p>Anne Se\u00f1ol le sait bien, elle a pass\u00e9 une bonne partie de son temps \u00e0 rassembler les proverbes et les dictons que nous utilisons pour nous exprimer avec acuit\u00e9.<\/p>\n<p>Aujourd&rsquo;hui, en compagnie de l&rsquo;illustratrice am\u00e9ricaine Susan Walton, elle raconte les aventures d&rsquo;un enfant dans un zoo \u00e0 partir de plus d&rsquo;une vingtaine de dictons (tr\u00e8s bien dits d&rsquo;ailleurs).<\/p>\n<p>Certaines des expressions sont tr\u00e8s autochtones. D\u2019autres viennent du berceau de la langue espagnole, mais toutes ont leur propre sali\u00e8re qui facilite le dialogue. C\u2019est un livre instructif et amusant \u00e0 la fois. C&rsquo;est \u00e0 dire, c\u2019est un livre \u201cPura vida\u201d!<\/p>\n<\/div>\n","protected":false},"excerpt":{"rendered":"<p>Certaines des expressions sont tr\u00e8s autochtones. D\u2019autres viennent du berceau de la langue espagnole, mais toutes ont leur propre sali\u00e8re qui facilite le dialogue. C\u2019est un livre instructif et amusant \u00e0 la fois. C&rsquo;est \u00e0 dire, c\u2019est un livre \u201cPura vida\u201d!<\/p>\n","protected":false},"featured_media":5770,"comment_status":"closed","ping_status":"closed","template":"","meta":[],"etheme_brands":[],"product_brand":[],"product_cat":[593],"product_tag":[594,595,603,602,597,604,599,598,600,637,596],"class_list":{"0":"post-8125","1":"product","2":"type-product","3":"status-publish","4":"has-post-thumbnail","6":"product_cat-medias-et-musique","7":"product_tag-apprentissage","8":"product_tag-contes","9":"product_tag-enfants","10":"product_tag-filles","11":"product_tag-histoires","12":"product_tag-infantile-fr","13":"product_tag-la-girafe-et-moi","14":"product_tag-langues","15":"product_tag-lecture","16":"product_tag-litterature","17":"product_tag-scolaire","19":"first","20":"instock","21":"taxable","22":"shipping-taxable","23":"purchasable","24":"product-type-simple"},"exclude_global_add_ons":[],"addons":[],"_links":{"self":[{"href":"https:\/\/paradiseproductscr.com\/fr\/wp-json\/wp\/v2\/product\/8125","targetHints":{"allow":["GET"]}}],"collection":[{"href":"https:\/\/paradiseproductscr.com\/fr\/wp-json\/wp\/v2\/product"}],"about":[{"href":"https:\/\/paradiseproductscr.com\/fr\/wp-json\/wp\/v2\/types\/product"}],"replies":[{"embeddable":true,"href":"https:\/\/paradiseproductscr.com\/fr\/wp-json\/wp\/v2\/comments?post=8125"}],"version-history":[{"count":0,"href":"https:\/\/paradiseproductscr.com\/fr\/wp-json\/wp\/v2\/product\/8125\/revisions"}],"wp:featuredmedia":[{"embeddable":true,"href":"https:\/\/paradiseproductscr.com\/fr\/wp-json\/wp\/v2\/media\/5770"}],"wp:attachment":[{"href":"https:\/\/paradiseproductscr.com\/fr\/wp-json\/wp\/v2\/media?parent=8125"}],"wp:term":[{"taxonomy":"brand","embeddable":true,"href":"https:\/\/paradiseproductscr.com\/fr\/wp-json\/wp\/v2\/etheme_brands?post=8125"},{"taxonomy":"product_brand","embeddable":true,"href":"https:\/\/paradiseproductscr.com\/fr\/wp-json\/wp\/v2\/product_brand?post=8125"},{"taxonomy":"product_cat","embeddable":true,"href":"https:\/\/paradiseproductscr.com\/fr\/wp-json\/wp\/v2\/product_cat?post=8125"},{"taxonomy":"product_tag","embeddable":true,"href":"https:\/\/paradiseproductscr.com\/fr\/wp-json\/wp\/v2\/product_tag?post=8125"}],"curies":[{"name":"wp","href":"https:\/\/api.w.org\/{rel}","templated":true}]}}