{"id":8126,"date":"2022-05-28T11:42:12","date_gmt":"2022-05-28T17:42:12","guid":{"rendered":"https:\/\/paradiseproductscr.com\/product\/el-trio-de-los-miedosos-le-trio-des-peureux\/"},"modified":"2022-05-28T17:42:12","modified_gmt":"2022-05-28T11:42:12","slug":"el-trio-de-los-miedosos-le-trio-des-peureux","status":"publish","type":"product","link":"https:\/\/paradiseproductscr.com\/fr\/produit\/el-trio-de-los-miedosos-le-trio-des-peureux\/","title":{"rendered":"El Trio de los Miedosos (Le Trio des Peureux )"},"content":{"rendered":"<div class=\"woocommerce-product-details__short-description\">\n<p class=\"franja\"><strong>\u00c2ge :<\/strong> pour tous les \u00e2ges<\/p>\n<p><strong>Pages:<\/strong>40<\/p>\n<p><strong>Finition:<\/strong> broch\u00e9 et coll\u00e9, papier couch\u00e9 150g<\/p>\n<p><strong>Textes:<\/strong> H\u00e9ctor Gamboa<\/p>\n<p><strong>Ilustrations:<\/strong>H\u00e9ctor Gamboa<\/p>\n<p>Qu\u2019est-ce qui vit au-del\u00e0 de notre peur de l\u2019inconnu ?<\/p>\n<p>Qu\u2019est-ce qui vit au-del\u00e0 de notre peur de l\u2019inconnu ? L\u00e0, dans cet endroit inexplor\u00e9 et recul\u00e9, o\u00f9 la lumi\u00e8re ne suffit pas, le terrain est abrupt et nous voyons partout des menaces qui font vaciller notre volont\u00e9 : que trouverons-nous ?<\/p>\n<p>En tout cas, cher lecteur, les personnages de ce livre explorent cet endroit avec humour.<\/p>\n<\/div>\n","protected":false},"excerpt":{"rendered":"<p>Qu\u2019est-ce qui vit au-del\u00e0 de notre peur de l\u2019inconnu ?<\/p>\n<p>Qu\u2019est-ce qui vit au-del\u00e0 de notre peur de l\u2019inconnu ? L\u00e0, dans cet endroit inexplor\u00e9 et recul\u00e9, o\u00f9 la lumi\u00e8re ne suffit pas, le terrain est abrupt et nous voyons partout des menaces qui font vaciller notre volont\u00e9 : que trouverons-nous ?<\/p>\n<p>En tout cas, cher lecteur, les personnages de ce livre explorent cet endroit avec humour.<\/p>\n","protected":false},"featured_media":5772,"comment_status":"closed","ping_status":"closed","template":"","meta":[],"etheme_brands":[],"product_brand":[],"product_cat":[593],"product_tag":[594,595,603,602,597,604,599,598,600,637,596],"class_list":{"0":"post-8126","1":"product","2":"type-product","3":"status-publish","4":"has-post-thumbnail","6":"product_cat-medias-et-musique","7":"product_tag-apprentissage","8":"product_tag-contes","9":"product_tag-enfants","10":"product_tag-filles","11":"product_tag-histoires","12":"product_tag-infantile-fr","13":"product_tag-la-girafe-et-moi","14":"product_tag-langues","15":"product_tag-lecture","16":"product_tag-litterature","17":"product_tag-scolaire","19":"first","20":"instock","21":"taxable","22":"shipping-taxable","23":"purchasable","24":"product-type-simple"},"exclude_global_add_ons":[],"addons":[],"_links":{"self":[{"href":"https:\/\/paradiseproductscr.com\/fr\/wp-json\/wp\/v2\/product\/8126","targetHints":{"allow":["GET"]}}],"collection":[{"href":"https:\/\/paradiseproductscr.com\/fr\/wp-json\/wp\/v2\/product"}],"about":[{"href":"https:\/\/paradiseproductscr.com\/fr\/wp-json\/wp\/v2\/types\/product"}],"replies":[{"embeddable":true,"href":"https:\/\/paradiseproductscr.com\/fr\/wp-json\/wp\/v2\/comments?post=8126"}],"version-history":[{"count":0,"href":"https:\/\/paradiseproductscr.com\/fr\/wp-json\/wp\/v2\/product\/8126\/revisions"}],"wp:featuredmedia":[{"embeddable":true,"href":"https:\/\/paradiseproductscr.com\/fr\/wp-json\/wp\/v2\/media\/5772"}],"wp:attachment":[{"href":"https:\/\/paradiseproductscr.com\/fr\/wp-json\/wp\/v2\/media?parent=8126"}],"wp:term":[{"taxonomy":"brand","embeddable":true,"href":"https:\/\/paradiseproductscr.com\/fr\/wp-json\/wp\/v2\/etheme_brands?post=8126"},{"taxonomy":"product_brand","embeddable":true,"href":"https:\/\/paradiseproductscr.com\/fr\/wp-json\/wp\/v2\/product_brand?post=8126"},{"taxonomy":"product_cat","embeddable":true,"href":"https:\/\/paradiseproductscr.com\/fr\/wp-json\/wp\/v2\/product_cat?post=8126"},{"taxonomy":"product_tag","embeddable":true,"href":"https:\/\/paradiseproductscr.com\/fr\/wp-json\/wp\/v2\/product_tag?post=8126"}],"curies":[{"name":"wp","href":"https:\/\/api.w.org\/{rel}","templated":true}]}}