{"id":8127,"date":"2022-05-28T11:42:12","date_gmt":"2022-05-28T17:42:12","guid":{"rendered":"https:\/\/paradiseproductscr.com\/product\/el-misterioso-final-de-nada-en-particular-la-fin-mysterieuse-de-rien-en-particulier\/"},"modified":"2022-05-28T17:42:12","modified_gmt":"2022-05-28T11:42:12","slug":"el-misterioso-final-de-nada-en-particular-la-fin-mysterieuse-de-rien-en-particulier","status":"publish","type":"product","link":"https:\/\/paradiseproductscr.com\/fr\/produit\/el-misterioso-final-de-nada-en-particular-la-fin-mysterieuse-de-rien-en-particulier\/","title":{"rendered":"El misterioso final de nada en particular (La fin myst\u00e9rieuse de rien en particulier )"},"content":{"rendered":"<div class=\"woocommerce-product-details__short-description\">\n<p class=\"franja\"><strong>\u00c2ge :<\/strong> pour tous les \u00e2ges<\/p>\n<p><strong>Pages:<\/strong>36<\/p>\n<p><strong>Finition:<\/strong> broch\u00e9 et coll\u00e9, papier couch\u00e9 150g<\/p>\n<p><strong>Textes:<\/strong> Adi\u00e1n Gonz\u00e1lez<\/p>\n<p><strong>Ilustrations:<\/strong>Adi\u00e1n Gonz\u00e1lez<\/p>\n<p>Depuis que vous avez ouvert El misterioso final de nada en particular,vous savez que vous allez faire face \u00e0 l\u2019imagination fi\u00e9vreuse d\u2019un provocateur de premi\u00e8re classe. Adi\u00e1n Gonz\u00e1lez Rizo est un ma\u00eetre des lignes intenses et des mots d\u00e9nud\u00e9s.<\/p>\n<p>Avec eux comme outil, l\u2019auteur de Tres cuentos cortos para viajes largos y de ABCDiablo (choisi par la Fondation pour la promotion de la lecture Cuatro Gatos), nous entrons dans des univers qui sont dans d\u2019autres univers, comme ces poup\u00e9es russes qui s\u2019adaptent les unes aux autres.<\/p>\n<p>Avec La fin myst\u00e9rieuse de rien en particulier, Adi\u00e1n Gonz\u00e1lez peaufine sa carte de visite avec un \u00e9clat extr\u00eame. Nous ne nous lassons pas de le dire : la maison d\u2019\u00e9dition La Girafe et moi-m\u00eame est fi\u00e8re d\u2019avoir un des grands illustrateurs de notre Am\u00e9rique.<\/p>\n<\/div>\n","protected":false},"excerpt":{"rendered":"<p>Avec La fin myst\u00e9rieuse de rien en particulier, Adi\u00e1n Gonz\u00e1lez peaufine sa carte de visite avec un \u00e9clat extr\u00eame. Nous ne nous lassons pas de le dire : la maison d\u2019\u00e9dition La Girafe et moi-m\u00eame est fi\u00e8re d\u2019avoir un des grands illustrateurs de notre Am\u00e9rique.<\/p>\n","protected":false},"featured_media":5774,"comment_status":"closed","ping_status":"closed","template":"","meta":[],"etheme_brands":[],"product_brand":[],"product_cat":[593],"product_tag":[594,595,603,602,597,604,599,598,600,637,596],"class_list":{"0":"post-8127","1":"product","2":"type-product","3":"status-publish","4":"has-post-thumbnail","6":"product_cat-medias-et-musique","7":"product_tag-apprentissage","8":"product_tag-contes","9":"product_tag-enfants","10":"product_tag-filles","11":"product_tag-histoires","12":"product_tag-infantile-fr","13":"product_tag-la-girafe-et-moi","14":"product_tag-langues","15":"product_tag-lecture","16":"product_tag-litterature","17":"product_tag-scolaire","19":"first","20":"instock","21":"taxable","22":"shipping-taxable","23":"purchasable","24":"product-type-simple"},"exclude_global_add_ons":[],"addons":[],"_links":{"self":[{"href":"https:\/\/paradiseproductscr.com\/fr\/wp-json\/wp\/v2\/product\/8127","targetHints":{"allow":["GET"]}}],"collection":[{"href":"https:\/\/paradiseproductscr.com\/fr\/wp-json\/wp\/v2\/product"}],"about":[{"href":"https:\/\/paradiseproductscr.com\/fr\/wp-json\/wp\/v2\/types\/product"}],"replies":[{"embeddable":true,"href":"https:\/\/paradiseproductscr.com\/fr\/wp-json\/wp\/v2\/comments?post=8127"}],"version-history":[{"count":0,"href":"https:\/\/paradiseproductscr.com\/fr\/wp-json\/wp\/v2\/product\/8127\/revisions"}],"wp:featuredmedia":[{"embeddable":true,"href":"https:\/\/paradiseproductscr.com\/fr\/wp-json\/wp\/v2\/media\/5774"}],"wp:attachment":[{"href":"https:\/\/paradiseproductscr.com\/fr\/wp-json\/wp\/v2\/media?parent=8127"}],"wp:term":[{"taxonomy":"brand","embeddable":true,"href":"https:\/\/paradiseproductscr.com\/fr\/wp-json\/wp\/v2\/etheme_brands?post=8127"},{"taxonomy":"product_brand","embeddable":true,"href":"https:\/\/paradiseproductscr.com\/fr\/wp-json\/wp\/v2\/product_brand?post=8127"},{"taxonomy":"product_cat","embeddable":true,"href":"https:\/\/paradiseproductscr.com\/fr\/wp-json\/wp\/v2\/product_cat?post=8127"},{"taxonomy":"product_tag","embeddable":true,"href":"https:\/\/paradiseproductscr.com\/fr\/wp-json\/wp\/v2\/product_tag?post=8127"}],"curies":[{"name":"wp","href":"https:\/\/api.w.org\/{rel}","templated":true}]}}