{"id":8128,"date":"2022-05-28T17:42:11","date_gmt":"2022-05-28T23:42:11","guid":{"rendered":"https:\/\/paradiseproductscr.com\/product\/el-arbol-imaginario-larbre-imaginaire\/"},"modified":"2024-01-05T08:52:19","modified_gmt":"2024-01-05T02:52:19","slug":"el-arbol-imaginario-larbre-imaginaire","status":"publish","type":"product","link":"https:\/\/paradiseproductscr.com\/fr\/produit\/el-arbol-imaginario-larbre-imaginaire\/","title":{"rendered":"El Arbol Imaginario (L&rsquo;arbre imaginaire)"},"content":{"rendered":"<p class=\"franja\"><strong>Age:<\/strong> 8-10 ans<\/p>\n<p><strong>Niveau:<\/strong> deuxi\u00e8me<\/p>\n<p><strong>Pages:<\/strong> 250<\/p>\n<p><strong>Finition:<\/strong> cousu et coll\u00e9, papier grand livre 115 g<\/p>\n<p><strong>\u00c9ditrice:<\/strong> Anne Se\u00f1ol (plusieurs auteurs)<\/p>\n<p><strong>Ilustrateurs:<\/strong> Olga Anaskina et H\u00e9ctor Gamboa<\/p>\n<p>Sp\u00e9cialement con\u00e7u pour consolider l\u2019habitude de la lecture, L\u2019arbre imaginaire rassemble dans un tome des r\u00e9cits situ\u00e9s dans divers endroits du Costa Rica et des joyaux de la litt\u00e9rature classique pour enfants et du folklore mondial.<\/p>\n<p>&nbsp;<\/p>\n<p>&nbsp;<\/p>\n<p>&nbsp;<\/p>\n<p>&nbsp;<\/p>\n","protected":false},"excerpt":{"rendered":"<p>Sp\u00e9cialement con\u00e7u pour consolider l\u2019habitude de la lecture, L\u2019arbre imaginaire rassemble dans un tome des r\u00e9cits situ\u00e9s dans divers endroits du Costa Rica et des joyaux de la litt\u00e9rature classique pour enfants et du folklore mondial.<\/p>\n","protected":false},"featured_media":5728,"comment_status":"closed","ping_status":"closed","template":"","meta":[],"etheme_brands":[],"product_brand":[],"product_cat":[74],"product_tag":[],"class_list":{"0":"post-8128","1":"product","2":"type-product","3":"status-publish","4":"has-post-thumbnail","6":"product_cat-alimentos","8":"first","9":"instock","10":"taxable","11":"shipping-taxable","12":"purchasable","13":"product-type-simple"},"exclude_global_add_ons":[],"addons":[],"_links":{"self":[{"href":"https:\/\/paradiseproductscr.com\/fr\/wp-json\/wp\/v2\/product\/8128","targetHints":{"allow":["GET"]}}],"collection":[{"href":"https:\/\/paradiseproductscr.com\/fr\/wp-json\/wp\/v2\/product"}],"about":[{"href":"https:\/\/paradiseproductscr.com\/fr\/wp-json\/wp\/v2\/types\/product"}],"replies":[{"embeddable":true,"href":"https:\/\/paradiseproductscr.com\/fr\/wp-json\/wp\/v2\/comments?post=8128"}],"version-history":[{"count":1,"href":"https:\/\/paradiseproductscr.com\/fr\/wp-json\/wp\/v2\/product\/8128\/revisions"}],"predecessor-version":[{"id":8129,"href":"https:\/\/paradiseproductscr.com\/fr\/wp-json\/wp\/v2\/product\/8128\/revisions\/8129"}],"wp:featuredmedia":[{"embeddable":true,"href":"https:\/\/paradiseproductscr.com\/fr\/wp-json\/wp\/v2\/media\/5728"}],"wp:attachment":[{"href":"https:\/\/paradiseproductscr.com\/fr\/wp-json\/wp\/v2\/media?parent=8128"}],"wp:term":[{"taxonomy":"brand","embeddable":true,"href":"https:\/\/paradiseproductscr.com\/fr\/wp-json\/wp\/v2\/etheme_brands?post=8128"},{"taxonomy":"product_brand","embeddable":true,"href":"https:\/\/paradiseproductscr.com\/fr\/wp-json\/wp\/v2\/product_brand?post=8128"},{"taxonomy":"product_cat","embeddable":true,"href":"https:\/\/paradiseproductscr.com\/fr\/wp-json\/wp\/v2\/product_cat?post=8128"},{"taxonomy":"product_tag","embeddable":true,"href":"https:\/\/paradiseproductscr.com\/fr\/wp-json\/wp\/v2\/product_tag?post=8128"}],"curies":[{"name":"wp","href":"https:\/\/api.w.org\/{rel}","templated":true}]}}