{"id":8130,"date":"2022-05-28T17:42:11","date_gmt":"2022-05-28T23:42:11","guid":{"rendered":"https:\/\/paradiseproductscr.com\/product\/el-secreto-de-encelado\/"},"modified":"2022-05-28T17:42:11","modified_gmt":"2022-05-28T11:42:11","slug":"el-secreto-de-encelado","status":"publish","type":"product","link":"https:\/\/paradiseproductscr.com\/fr\/produit\/el-secreto-de-encelado\/","title":{"rendered":"El secreto de Enc\u00e9lado"},"content":{"rendered":"<p><strong>Age:<\/strong> a partir 10 ans<\/p>\n<p><strong>Pages: <\/strong>203<\/p>\n<p><strong>Finition:<\/strong> rustique cousu et coll\u00e9 papier \u00e9ditorial 90g<\/p>\n<p><strong>Auteur:<\/strong> Iv\u00e1n Molina<\/p>\n<p><strong>Ilustrateur:<\/strong> Adi\u00e1n Gonz\u00e1lez<\/p>\n<p class=\"p1\">Les r\u00e9cits rassembl\u00e9s dans ce livre invitent les jeunes \u00e0 conna\u00eetre les p\u00e8lerins de la mer, \u00e0 s\u2019\u00e9tonner de l\u2019extraordinaire h\u00e9ritage laiss\u00e9 par les Thazmis, \u00e0 \u00e9migrer, pour quelques jours, au Costa Rica il y a plus d\u2019un si\u00e8cle, \u00e0 partager la vie quotidienne avec le redoutable pirate Ramaf\u00e1, \u00e0 assister \u00e0 une bataille livr\u00e9e entre Carthaginois et V\u00e9nusiens, \u00e0 assister \u00e0 la derni\u00e8re repr\u00e9sentation d\u2019un c\u00e9l\u00e8bre magicien, et \u00e0 d\u00e9couvrir le secret d\u2019Enc\u00e9lado<\/p>\n","protected":false},"excerpt":{"rendered":"<p>Les r\u00e9cits rassembl\u00e9s dans ce livre invitent les jeunes \u00e0 conna\u00eetre les p\u00e8lerins de la mer, \u00e0 s\u2019\u00e9tonner de l\u2019extraordinaire h\u00e9ritage laiss\u00e9 par les Thazmis, \u00e0 \u00e9migrer, pour quelques jours, au Costa Rica il y a plus d\u2019un si\u00e8cle, \u00e0 partager la vie quotidienne avec le redoutable pirate Ramaf\u00e1, \u00e0 assister \u00e0 une bataille livr\u00e9e entre Carthaginois et V\u00e9nusiens, \u00e0 assister \u00e0 la derni\u00e8re repr\u00e9sentation d\u2019un c\u00e9l\u00e8bre magicien, et \u00e0 d\u00e9couvrir le secret d\u2019Enc\u00e9lado<\/p>\n","protected":false},"featured_media":5730,"comment_status":"closed","ping_status":"closed","template":"","meta":[],"etheme_brands":[],"product_brand":[],"product_cat":[74],"product_tag":[],"class_list":{"0":"post-8130","1":"product","2":"type-product","3":"status-publish","4":"has-post-thumbnail","6":"product_cat-alimentos","8":"first","9":"instock","10":"taxable","11":"shipping-taxable","12":"purchasable","13":"product-type-simple"},"exclude_global_add_ons":[],"addons":[],"_links":{"self":[{"href":"https:\/\/paradiseproductscr.com\/fr\/wp-json\/wp\/v2\/product\/8130","targetHints":{"allow":["GET"]}}],"collection":[{"href":"https:\/\/paradiseproductscr.com\/fr\/wp-json\/wp\/v2\/product"}],"about":[{"href":"https:\/\/paradiseproductscr.com\/fr\/wp-json\/wp\/v2\/types\/product"}],"replies":[{"embeddable":true,"href":"https:\/\/paradiseproductscr.com\/fr\/wp-json\/wp\/v2\/comments?post=8130"}],"version-history":[{"count":0,"href":"https:\/\/paradiseproductscr.com\/fr\/wp-json\/wp\/v2\/product\/8130\/revisions"}],"wp:featuredmedia":[{"embeddable":true,"href":"https:\/\/paradiseproductscr.com\/fr\/wp-json\/wp\/v2\/media\/5730"}],"wp:attachment":[{"href":"https:\/\/paradiseproductscr.com\/fr\/wp-json\/wp\/v2\/media?parent=8130"}],"wp:term":[{"taxonomy":"brand","embeddable":true,"href":"https:\/\/paradiseproductscr.com\/fr\/wp-json\/wp\/v2\/etheme_brands?post=8130"},{"taxonomy":"product_brand","embeddable":true,"href":"https:\/\/paradiseproductscr.com\/fr\/wp-json\/wp\/v2\/product_brand?post=8130"},{"taxonomy":"product_cat","embeddable":true,"href":"https:\/\/paradiseproductscr.com\/fr\/wp-json\/wp\/v2\/product_cat?post=8130"},{"taxonomy":"product_tag","embeddable":true,"href":"https:\/\/paradiseproductscr.com\/fr\/wp-json\/wp\/v2\/product_tag?post=8130"}],"curies":[{"name":"wp","href":"https:\/\/api.w.org\/{rel}","templated":true}]}}