{"id":8132,"date":"2022-05-28T11:42:11","date_gmt":"2022-05-28T17:42:11","guid":{"rendered":"https:\/\/paradiseproductscr.com\/product\/de-tout-un-peu\/"},"modified":"2024-01-05T09:15:00","modified_gmt":"2024-01-05T03:15:00","slug":"de-tout-un-peu","status":"publish","type":"product","link":"https:\/\/paradiseproductscr.com\/fr\/produit\/de-tout-un-peu\/","title":{"rendered":"De Tout Un Peu"},"content":{"rendered":"<p class=\"franja\"><strong>\u00c2ge:<\/strong> \u00e0 partir de 9 ans<\/p>\n<p><strong>Pages:<\/strong>132<\/p>\n<p><strong>Finition:<\/strong> rustique cousu et coll\u00e9 papier \u00e9ditorial 90g<\/p>\n<p><strong>Auteur:<\/strong> Camila Schumacher<\/p>\n<p><strong>Ilustrateur:<\/strong> Adi\u00e1n Gonz\u00e1lez<\/p>\n<p>L\u2019affection et la curiosit\u00e9 des lecteurs encourag\u00e8rent Camila Schumacher \u00e0 se replonger dans la vie d\u2019Hugo, enfant aventureux \u00e0 qui passait <i>De peu un tout<\/i>, y et maintenant il lui arriv<i>De tout un peu.<\/i>.<br \/>\nUne ann\u00e9e s\u2019est \u00e9coul\u00e9e entre les deux r\u00e9cits et le protagoniste a grandi : ce n\u2019est plus ce petit gar\u00e7on, petit, qui piquait les mensonges des autres comme des ballons.<br \/>\nMaintenant, \u00e0 la fin de l\u2019\u00e9cole et entre musique et amis, peurs, amour et \u00e9tonnement, il a trouv\u00e9 un moyen de d\u00e9gonfler la routine.<br \/>\ncomment?<\/p>\n<p>Plongeant dans les jours qui semblent tous les m\u00eames jusqu\u2019\u00e0 trouver une surprise cach\u00e9e&#8230;<\/p>\n","protected":false},"excerpt":{"rendered":"<p>L\u2019affection et la curiosit\u00e9 des lecteurs encourag\u00e8rent Camila Schumacher \u00e0 se replonger dans la vie d\u2019Hugo, enfant aventureux \u00e0 qui passait <i>De peu un tout<\/i>, y et maintenant il lui arriv<i>De tout un peu.<\/i>.<br \/>\nUne ann\u00e9e s\u2019est \u00e9coul\u00e9e entre les deux r\u00e9cits et le protagoniste a grandi : ce n\u2019est plus ce petit gar\u00e7on, petit, qui piquait les mensonges des autres comme des ballons.<br \/>\nMaintenant, \u00e0 la fin de l\u2019\u00e9cole et entre musique et amis, peurs, amour et \u00e9tonnement, il a trouv\u00e9 un moyen de d\u00e9gonfler la routine.<br \/>\ncomment?<\/p>\n<p>Plongeant dans les jours qui semblent tous les m\u00eames jusqu\u2019\u00e0 trouver une surprise cach\u00e9e&#8230;<\/p>\n","protected":false},"featured_media":5732,"comment_status":"closed","ping_status":"closed","template":"","meta":[],"etheme_brands":[],"product_brand":[],"product_cat":[593],"product_tag":[594,595,603,602,597,599,598,600,601,596],"class_list":{"0":"post-8132","1":"product","2":"type-product","3":"status-publish","4":"has-post-thumbnail","6":"product_cat-medias-et-musique","7":"product_tag-apprentissage","8":"product_tag-contes","9":"product_tag-enfants","10":"product_tag-filles","11":"product_tag-histoires","12":"product_tag-la-girafe-et-moi","13":"product_tag-langues","14":"product_tag-lecture","15":"product_tag-livres","16":"product_tag-scolaire","18":"first","19":"instock","20":"taxable","21":"shipping-taxable","22":"purchasable","23":"product-type-simple"},"exclude_global_add_ons":[],"addons":[],"_links":{"self":[{"href":"https:\/\/paradiseproductscr.com\/fr\/wp-json\/wp\/v2\/product\/8132","targetHints":{"allow":["GET"]}}],"collection":[{"href":"https:\/\/paradiseproductscr.com\/fr\/wp-json\/wp\/v2\/product"}],"about":[{"href":"https:\/\/paradiseproductscr.com\/fr\/wp-json\/wp\/v2\/types\/product"}],"replies":[{"embeddable":true,"href":"https:\/\/paradiseproductscr.com\/fr\/wp-json\/wp\/v2\/comments?post=8132"}],"version-history":[{"count":1,"href":"https:\/\/paradiseproductscr.com\/fr\/wp-json\/wp\/v2\/product\/8132\/revisions"}],"predecessor-version":[{"id":8133,"href":"https:\/\/paradiseproductscr.com\/fr\/wp-json\/wp\/v2\/product\/8132\/revisions\/8133"}],"wp:featuredmedia":[{"embeddable":true,"href":"https:\/\/paradiseproductscr.com\/fr\/wp-json\/wp\/v2\/media\/5732"}],"wp:attachment":[{"href":"https:\/\/paradiseproductscr.com\/fr\/wp-json\/wp\/v2\/media?parent=8132"}],"wp:term":[{"taxonomy":"brand","embeddable":true,"href":"https:\/\/paradiseproductscr.com\/fr\/wp-json\/wp\/v2\/etheme_brands?post=8132"},{"taxonomy":"product_brand","embeddable":true,"href":"https:\/\/paradiseproductscr.com\/fr\/wp-json\/wp\/v2\/product_brand?post=8132"},{"taxonomy":"product_cat","embeddable":true,"href":"https:\/\/paradiseproductscr.com\/fr\/wp-json\/wp\/v2\/product_cat?post=8132"},{"taxonomy":"product_tag","embeddable":true,"href":"https:\/\/paradiseproductscr.com\/fr\/wp-json\/wp\/v2\/product_tag?post=8132"}],"curies":[{"name":"wp","href":"https:\/\/api.w.org\/{rel}","templated":true}]}}