{"id":8135,"date":"2022-05-28T17:42:11","date_gmt":"2022-05-28T23:42:11","guid":{"rendered":"https:\/\/paradiseproductscr.com\/product\/les-fugitives-dabidos\/"},"modified":"2022-05-28T17:42:11","modified_gmt":"2022-05-28T11:42:11","slug":"les-fugitives-dabidos","status":"publish","type":"product","link":"https:\/\/paradiseproductscr.com\/fr\/produit\/les-fugitives-dabidos\/","title":{"rendered":"Les fugitives d\u2019Abidos"},"content":{"rendered":"<p class=\"franja\"><strong>Age:<\/strong> a partir 10 ans<\/p>\n<p><strong>Pages: <\/strong>68<\/p>\n<p><strong>Finition:<\/strong> rustique cousu et coll\u00e9, papier \u00e9ditorial 90g<\/p>\n<p><strong>Auteur:<\/strong> Iv\u00e1n Molina<\/p>\n<p><strong>Ilustrateur:<\/strong> Adi\u00e1n Gonz\u00e1lez<\/p>\n<p>Les Microrrelatos inclus dans ce livre commencent par une partie d\u2019\u00e9checs et se terminent par un jeu de d\u00e9couverte des couleurs. Tout au long de ses pages, les humains, les andro\u00efdes, les extraterrestres, les ordinateurs et les \u00eatres cr\u00e9\u00e9s artificiellement se rencontrent et se rencontrent dans les endroits les plus communs ou inattendus, soit dans un laboratoire sombre, sur la surface de la plan\u00e8te des trois levers de soleil, dans des mers de m\u00e9thane pur, dans des vaisseaux spatiaux qui se dirigent vers des destinations inimaginables ou tout simplement dans la m\u00e9moire de pass\u00e9s qui refusent de dispara\u00eetre.<\/p>\n","protected":false},"excerpt":{"rendered":"<p>Les Microrrelatos inclus dans ce livre commencent par une partie d\u2019\u00e9checs et se terminent par un jeu de d\u00e9couverte des couleurs. Tout au long de ses pages, les humains, les andro\u00efdes, les extraterrestres, les ordinateurs et les \u00eatres cr\u00e9\u00e9s artificiellement se rencontrent et se rencontrent dans les endroits les plus communs ou inattendus, soit dans un laboratoire sombre, sur la surface de la plan\u00e8te des trois levers de soleil, dans des mers de m\u00e9thane pur, dans des vaisseaux spatiaux qui se dirigent vers des destinations inimaginables ou tout simplement dans la m\u00e9moire de pass\u00e9s qui refusent de dispara\u00eetre.<\/p>\n","protected":false},"featured_media":5734,"comment_status":"closed","ping_status":"closed","template":"","meta":[],"etheme_brands":[],"product_brand":[],"product_cat":[74],"product_tag":[],"class_list":{"0":"post-8135","1":"product","2":"type-product","3":"status-publish","4":"has-post-thumbnail","6":"product_cat-alimentos","8":"first","9":"instock","10":"taxable","11":"shipping-taxable","12":"purchasable","13":"product-type-simple"},"exclude_global_add_ons":[],"addons":[],"_links":{"self":[{"href":"https:\/\/paradiseproductscr.com\/fr\/wp-json\/wp\/v2\/product\/8135","targetHints":{"allow":["GET"]}}],"collection":[{"href":"https:\/\/paradiseproductscr.com\/fr\/wp-json\/wp\/v2\/product"}],"about":[{"href":"https:\/\/paradiseproductscr.com\/fr\/wp-json\/wp\/v2\/types\/product"}],"replies":[{"embeddable":true,"href":"https:\/\/paradiseproductscr.com\/fr\/wp-json\/wp\/v2\/comments?post=8135"}],"version-history":[{"count":0,"href":"https:\/\/paradiseproductscr.com\/fr\/wp-json\/wp\/v2\/product\/8135\/revisions"}],"wp:featuredmedia":[{"embeddable":true,"href":"https:\/\/paradiseproductscr.com\/fr\/wp-json\/wp\/v2\/media\/5734"}],"wp:attachment":[{"href":"https:\/\/paradiseproductscr.com\/fr\/wp-json\/wp\/v2\/media?parent=8135"}],"wp:term":[{"taxonomy":"brand","embeddable":true,"href":"https:\/\/paradiseproductscr.com\/fr\/wp-json\/wp\/v2\/etheme_brands?post=8135"},{"taxonomy":"product_brand","embeddable":true,"href":"https:\/\/paradiseproductscr.com\/fr\/wp-json\/wp\/v2\/product_brand?post=8135"},{"taxonomy":"product_cat","embeddable":true,"href":"https:\/\/paradiseproductscr.com\/fr\/wp-json\/wp\/v2\/product_cat?post=8135"},{"taxonomy":"product_tag","embeddable":true,"href":"https:\/\/paradiseproductscr.com\/fr\/wp-json\/wp\/v2\/product_tag?post=8135"}],"curies":[{"name":"wp","href":"https:\/\/api.w.org\/{rel}","templated":true}]}}