{"id":8136,"date":"2022-05-28T17:42:11","date_gmt":"2022-05-28T23:42:11","guid":{"rendered":"https:\/\/paradiseproductscr.com\/product\/las-partes-del-sol-les-parties-du-soleil\/"},"modified":"2022-05-28T17:42:11","modified_gmt":"2022-05-28T11:42:11","slug":"las-partes-del-sol-les-parties-du-soleil","status":"publish","type":"product","link":"https:\/\/paradiseproductscr.com\/fr\/produit\/las-partes-del-sol-les-parties-du-soleil\/","title":{"rendered":"Las Partes del Sol (Les parties du soleil)"},"content":{"rendered":"<p id=\"tw-target-text\" class=\"tw-data-text tw-text-large XcVN5d tw-ta\" dir=\"ltr\" data-placeholder=\"Traducci\u00f3n\"><span class=\"Y2IQFc\" lang=\"es\">Ages: 9 &#8211; 15<\/span><\/p>\n<p class=\"tw-data-text tw-text-large XcVN5d tw-ta\" dir=\"ltr\" data-placeholder=\"Traducci\u00f3n\"><span class=\"Y2IQFc\" lang=\"es\">Pages: 104<\/span><\/p>\n<p class=\"tw-data-text tw-text-large XcVN5d tw-ta\" dir=\"ltr\" data-placeholder=\"Traducci\u00f3n\"><span class=\"Y2IQFc\" lang=\"es\">Reliure et papier : couvercle souple, papier livre 90g <\/span><\/p>\n<p class=\"tw-data-text tw-text-large XcVN5d tw-ta\" dir=\"ltr\" data-placeholder=\"Traducci\u00f3n\"><span class=\"Y2IQFc\" lang=\"es\">Auteur: Camila Schumacher<\/span><\/p>\n<p class=\"tw-data-text tw-text-large XcVN5d tw-ta\" dir=\"ltr\" data-placeholder=\"Traducci\u00f3n\"><span class=\"Y2IQFc\" lang=\"es\">Ilustrateur: Adi\u00e1n Gonz\u00e1lez <\/span><\/p>\n<p class=\"tw-data-text tw-text-large XcVN5d tw-ta\" dir=\"ltr\" data-placeholder=\"Traducci\u00f3n\"><span class=\"Y2IQFc\" lang=\"es\">C\u2019est l\u2019histoire d\u2019un petit gar\u00e7on et seul, mais seulement au d\u00e9but. Au fur et \u00e0 mesure que l\u2019histoire se d\u00e9roule, le personnage principal et le lecteur affrontent leurs peurs, d\u00e9couvrent la musique, les \u00e9nigmes et le double sens. Ils apprennent \u00e0 reconna\u00eetre la magie des arri\u00e8re-grands-m\u00e8res et les nombres, la v\u00e9rit\u00e9 sur les mensonges et m\u00eame la place exacte de l\u2019\u00e2me dans le corps. Ce faisant, le lecteur et l\u2019enfant se rendent compte que le secret, dans la vie, est de profiter de toutes les parties de la somme.<\/span><\/p>\n","protected":false},"excerpt":{"rendered":"<p><span class=\"Y2IQFc\" lang=\"es\">C\u2019est l\u2019histoire d\u2019un petit gar\u00e7on et seul, mais seulement au d\u00e9but. Au fur et \u00e0 mesure que l\u2019histoire se d\u00e9roule, le personnage principal et le lecteur affrontent leurs peurs, d\u00e9couvrent la musique, les \u00e9nigmes et le double sens. Ils apprennent \u00e0 reconna\u00eetre la magie des arri\u00e8re-grands-m\u00e8res et les nombres, la v\u00e9rit\u00e9 sur les mensonges et m\u00eame la place exacte de l\u2019\u00e2me dans le corps. Ce faisant, le lecteur et l\u2019enfant se rendent compte que le secret, dans la vie, est de profiter de toutes les parties de la somme.<\/span><\/p>\n","protected":false},"featured_media":5736,"comment_status":"closed","ping_status":"closed","template":"","meta":[],"etheme_brands":[],"product_brand":[],"product_cat":[74],"product_tag":[],"class_list":{"0":"post-8136","1":"product","2":"type-product","3":"status-publish","4":"has-post-thumbnail","6":"product_cat-alimentos","8":"first","9":"instock","10":"taxable","11":"shipping-taxable","12":"purchasable","13":"product-type-simple"},"exclude_global_add_ons":[],"addons":[],"_links":{"self":[{"href":"https:\/\/paradiseproductscr.com\/fr\/wp-json\/wp\/v2\/product\/8136","targetHints":{"allow":["GET"]}}],"collection":[{"href":"https:\/\/paradiseproductscr.com\/fr\/wp-json\/wp\/v2\/product"}],"about":[{"href":"https:\/\/paradiseproductscr.com\/fr\/wp-json\/wp\/v2\/types\/product"}],"replies":[{"embeddable":true,"href":"https:\/\/paradiseproductscr.com\/fr\/wp-json\/wp\/v2\/comments?post=8136"}],"version-history":[{"count":0,"href":"https:\/\/paradiseproductscr.com\/fr\/wp-json\/wp\/v2\/product\/8136\/revisions"}],"wp:featuredmedia":[{"embeddable":true,"href":"https:\/\/paradiseproductscr.com\/fr\/wp-json\/wp\/v2\/media\/5736"}],"wp:attachment":[{"href":"https:\/\/paradiseproductscr.com\/fr\/wp-json\/wp\/v2\/media?parent=8136"}],"wp:term":[{"taxonomy":"brand","embeddable":true,"href":"https:\/\/paradiseproductscr.com\/fr\/wp-json\/wp\/v2\/etheme_brands?post=8136"},{"taxonomy":"product_brand","embeddable":true,"href":"https:\/\/paradiseproductscr.com\/fr\/wp-json\/wp\/v2\/product_brand?post=8136"},{"taxonomy":"product_cat","embeddable":true,"href":"https:\/\/paradiseproductscr.com\/fr\/wp-json\/wp\/v2\/product_cat?post=8136"},{"taxonomy":"product_tag","embeddable":true,"href":"https:\/\/paradiseproductscr.com\/fr\/wp-json\/wp\/v2\/product_tag?post=8136"}],"curies":[{"name":"wp","href":"https:\/\/api.w.org\/{rel}","templated":true}]}}