{"id":8137,"date":"2022-05-28T11:42:11","date_gmt":"2022-05-28T17:42:11","guid":{"rendered":"https:\/\/paradiseproductscr.com\/product\/el-trillo-de-luna-llena\/"},"modified":"2022-05-28T17:42:11","modified_gmt":"2022-05-28T11:42:11","slug":"el-trillo-de-luna-llena","status":"publish","type":"product","link":"https:\/\/paradiseproductscr.com\/fr\/produit\/el-trillo-de-luna-llena\/","title":{"rendered":"El trillo de Luna Llena"},"content":{"rendered":"<p><b>\u00c2ge:<\/b> tous les \u00e2ges<\/p>\n<p><b>Pages: <\/b>44<\/p>\n<p><b>Finition:<\/b>rustique, coll\u00e9 et cuit, papier bond 120g<\/p>\n<p><b>Auteur:<\/b>Jaime Gamboa<\/p>\n<p><b>Ilustrateur: <\/b>H\u00e9ctor Gamboa<\/p>\n<p>L\u2019aventure de Luciano commence, comme tant de choses dans la vie, par un simple acte de curiosit\u00e9. Le voyage \u00e9tonnant qui l\u2019attrape, avec ses rencontres,<br \/>\nses rebondissements inattendus et l\u2019illumination fantomatique de la nature, s\u2019\u00e9coule, comme la vie elle-m\u00eame, entre l\u2019\u00e9tonnement et le doute d\u2019affronter l\u2019inconnu.<br \/>\nEn profitant de la magie d\u2019une nuit dans la for\u00eat, Le Tripoli de la pleine lune, de Jaime Gamboa Goldenberg, illustr\u00e9 par son h\u00e9matone Hector, nous invite \u00e0<br \/>\nm\u00e9diter sur la fascination qui nous rend humains.<\/p>\n","protected":false},"excerpt":{"rendered":"<p><span class=\"Y2IQFc\" lang=\"es\">L\u2019aventure de Luciano commence, comme tant de choses dans la vie, par un simple acte de curiosit\u00e9. Le voyage \u00e9tonnant qui l\u2019attrape, avec ses rencontres,<br \/>\nses rebondissements inattendus et l\u2019illumination fantomatique de la nature, s\u2019\u00e9coule, comme la vie elle-m\u00eame, entre l\u2019\u00e9tonnement et le doute d\u2019affronter l\u2019inconnu.<br \/>\nEn profitant de la magie d\u2019une nuit dans la for\u00eat, Le Tripoli de la pleine lune, de Jaime Gamboa Goldenberg, illustr\u00e9 par son h\u00e9matone Hector, nous invite \u00e0<br \/>\nm\u00e9diter sur la fascination qui nous rend humains.<\/span><\/p>\n","protected":false},"featured_media":5738,"comment_status":"closed","ping_status":"closed","template":"","meta":[],"etheme_brands":[],"product_brand":[],"product_cat":[593],"product_tag":[594,595,603,602,597,599,598,600,601,596],"class_list":{"0":"post-8137","1":"product","2":"type-product","3":"status-publish","4":"has-post-thumbnail","6":"product_cat-medias-et-musique","7":"product_tag-apprentissage","8":"product_tag-contes","9":"product_tag-enfants","10":"product_tag-filles","11":"product_tag-histoires","12":"product_tag-la-girafe-et-moi","13":"product_tag-langues","14":"product_tag-lecture","15":"product_tag-livres","16":"product_tag-scolaire","18":"first","19":"instock","20":"taxable","21":"shipping-taxable","22":"purchasable","23":"product-type-simple"},"exclude_global_add_ons":[],"addons":[],"_links":{"self":[{"href":"https:\/\/paradiseproductscr.com\/fr\/wp-json\/wp\/v2\/product\/8137","targetHints":{"allow":["GET"]}}],"collection":[{"href":"https:\/\/paradiseproductscr.com\/fr\/wp-json\/wp\/v2\/product"}],"about":[{"href":"https:\/\/paradiseproductscr.com\/fr\/wp-json\/wp\/v2\/types\/product"}],"replies":[{"embeddable":true,"href":"https:\/\/paradiseproductscr.com\/fr\/wp-json\/wp\/v2\/comments?post=8137"}],"version-history":[{"count":0,"href":"https:\/\/paradiseproductscr.com\/fr\/wp-json\/wp\/v2\/product\/8137\/revisions"}],"wp:featuredmedia":[{"embeddable":true,"href":"https:\/\/paradiseproductscr.com\/fr\/wp-json\/wp\/v2\/media\/5738"}],"wp:attachment":[{"href":"https:\/\/paradiseproductscr.com\/fr\/wp-json\/wp\/v2\/media?parent=8137"}],"wp:term":[{"taxonomy":"brand","embeddable":true,"href":"https:\/\/paradiseproductscr.com\/fr\/wp-json\/wp\/v2\/etheme_brands?post=8137"},{"taxonomy":"product_brand","embeddable":true,"href":"https:\/\/paradiseproductscr.com\/fr\/wp-json\/wp\/v2\/product_brand?post=8137"},{"taxonomy":"product_cat","embeddable":true,"href":"https:\/\/paradiseproductscr.com\/fr\/wp-json\/wp\/v2\/product_cat?post=8137"},{"taxonomy":"product_tag","embeddable":true,"href":"https:\/\/paradiseproductscr.com\/fr\/wp-json\/wp\/v2\/product_tag?post=8137"}],"curies":[{"name":"wp","href":"https:\/\/api.w.org\/{rel}","templated":true}]}}