{"id":8138,"date":"2022-05-28T17:42:11","date_gmt":"2022-05-28T23:42:11","guid":{"rendered":"https:\/\/paradiseproductscr.com\/product\/el-sastrecillo-valiente-le-courageux-petit-tailleur\/"},"modified":"2022-05-28T17:42:11","modified_gmt":"2022-05-28T11:42:11","slug":"el-sastrecillo-valiente-le-courageux-petit-tailleur","status":"publish","type":"product","link":"https:\/\/paradiseproductscr.com\/fr\/produit\/el-sastrecillo-valiente-le-courageux-petit-tailleur\/","title":{"rendered":"El sastrecillo \u00bfvaliente? (Le courageux petit tailleur ?)"},"content":{"rendered":"<p><b>\u00c2ge :<\/b> 10 \u00e0 17 ans<\/p>\n<p><b>Pages:<\/b>28<\/p>\n<p><b>Finition:<\/b> cousu et coll\u00e9, papier couche 150g<\/p>\n<p><b>Auteur:<\/b> Leonardo Garnier<\/p>\n<p><b>Ilustrateur: <\/b>Juan Gedovius<\/p>\n<p>Lorsque Mabel Morvillo m&rsquo;a invit\u00e9 \u00e0 participer \u00e0 un projet CIDCLI au Mexique, l&rsquo;id\u00e9e \u00e9tait de raconter une histoire classique pour les enfants d&rsquo;aujourd&rsquo;hui. Sans trop y r\u00e9fl\u00e9chir, j&rsquo;ai choisi El sastrecillo valiente pour les raisons suivantes<\/p>\n<p>Quand j\u2019\u00e9tais petit, c\u2019\u00e9tait une de mes histoires pr\u00e9f\u00e9r\u00e9es. Tout \u00e0 coup, la d\u00e9ception : en relisant cette histoire, j\u2019ai r\u00e9alis\u00e9 (pun) que ce n\u2019\u00e9tait pas comme je m\u2019en souvenais. Ou plus clairement : oui, mais maintenant je le trouvais terrible. quoi faire? Il n\u2019y avait aucun moyen de raconter cela en restant fid\u00e8le \u00e0 l\u2019histoire, mais en m\u00eame temps, en transmettant des valeurs, des sentiments et des sensations appropri\u00e9s pour les filles et les gar\u00e7ons d\u2019aujourd\u2019hui.<\/p>\n<p>J\u2019ai essay\u00e9, mais je n\u2019ai pas pu. Ce qui en est ressorti fut autre chose, une autre histoire qui rappelle, sous la forme d\u2019un dialogue p\u00e8re\/fils, la sensation que m\u2019a donn\u00e9e ma propre rencontre avec le tailleur&#8230; Courageux ? Mais non! Aujourd\u2019hui que l\u2019on parle tant de la perte de valeurs, j\u2019esp\u00e8re que mon histoire nous fera plut\u00f4t comprendre qu\u2019il est tr\u00e8s bien que beaucoup de ces vieilles (et moins nobles) valeurs soient perdues et qu\u2019avec les enfants et les jeunes d\u2019aujourd\u2019hui, nous construisons une humanit\u00e9 meilleure.<\/p>\n<p>Leonardo Garnier<\/p>\n","protected":false},"excerpt":{"rendered":"<p>Ce qui en est ressorti fut autre chose, une autre histoire qui rappelle, sous la forme d\u2019un dialogue p\u00e8re\/fils, la sensation que m\u2019a donn\u00e9e ma propre rencontre avec le tailleur&#8230; Courageux ? Mais non! Aujourd\u2019hui que l\u2019on parle tant de la perte de valeurs, j\u2019esp\u00e8re que mon histoire nous fera plut\u00f4t comprendre qu\u2019il est tr\u00e8s bien que beaucoup de ces vieilles (et moins nobles) valeurs soient perdues et qu\u2019avec les enfants et les jeunes d\u2019aujourd\u2019hui, nous construisons une humanit\u00e9 meilleure.<\/p>\n<p>Leonardo Garnier<\/p>\n<p><span class=\"Y2IQFc\" lang=\"es\"> <\/span><\/p>\n","protected":false},"featured_media":5744,"comment_status":"closed","ping_status":"closed","template":"","meta":[],"etheme_brands":[],"product_brand":[],"product_cat":[74],"product_tag":[],"class_list":{"0":"post-8138","1":"product","2":"type-product","3":"status-publish","4":"has-post-thumbnail","6":"product_cat-alimentos","8":"first","9":"instock","10":"taxable","11":"shipping-taxable","12":"purchasable","13":"product-type-simple"},"exclude_global_add_ons":[],"addons":[],"_links":{"self":[{"href":"https:\/\/paradiseproductscr.com\/fr\/wp-json\/wp\/v2\/product\/8138","targetHints":{"allow":["GET"]}}],"collection":[{"href":"https:\/\/paradiseproductscr.com\/fr\/wp-json\/wp\/v2\/product"}],"about":[{"href":"https:\/\/paradiseproductscr.com\/fr\/wp-json\/wp\/v2\/types\/product"}],"replies":[{"embeddable":true,"href":"https:\/\/paradiseproductscr.com\/fr\/wp-json\/wp\/v2\/comments?post=8138"}],"version-history":[{"count":0,"href":"https:\/\/paradiseproductscr.com\/fr\/wp-json\/wp\/v2\/product\/8138\/revisions"}],"wp:featuredmedia":[{"embeddable":true,"href":"https:\/\/paradiseproductscr.com\/fr\/wp-json\/wp\/v2\/media\/5744"}],"wp:attachment":[{"href":"https:\/\/paradiseproductscr.com\/fr\/wp-json\/wp\/v2\/media?parent=8138"}],"wp:term":[{"taxonomy":"brand","embeddable":true,"href":"https:\/\/paradiseproductscr.com\/fr\/wp-json\/wp\/v2\/etheme_brands?post=8138"},{"taxonomy":"product_brand","embeddable":true,"href":"https:\/\/paradiseproductscr.com\/fr\/wp-json\/wp\/v2\/product_brand?post=8138"},{"taxonomy":"product_cat","embeddable":true,"href":"https:\/\/paradiseproductscr.com\/fr\/wp-json\/wp\/v2\/product_cat?post=8138"},{"taxonomy":"product_tag","embeddable":true,"href":"https:\/\/paradiseproductscr.com\/fr\/wp-json\/wp\/v2\/product_tag?post=8138"}],"curies":[{"name":"wp","href":"https:\/\/api.w.org\/{rel}","templated":true}]}}