{"id":8139,"date":"2022-05-28T11:42:11","date_gmt":"2022-05-28T17:42:11","guid":{"rendered":"https:\/\/paradiseproductscr.com\/product\/la-bruja-en-bicicleta-la-sorciere-a-velo\/"},"modified":"2022-05-28T17:42:11","modified_gmt":"2022-05-28T11:42:11","slug":"la-bruja-en-bicicleta-la-sorciere-a-velo","status":"publish","type":"product","link":"https:\/\/paradiseproductscr.com\/fr\/produit\/la-bruja-en-bicicleta-la-sorciere-a-velo\/","title":{"rendered":"La Bruja en Bicicleta (La Sorci\u00e8re \u00e0 V\u00e9lo )"},"content":{"rendered":"<p><b>\u00c2ge:<\/b> Tous les \u00e2ges<\/p>\n<p><b>Pages:<\/b>48<\/p>\n<p><b>Finition:<\/b> rustique, coll\u00e9 et cuit, papier couch\u00e9 120g<\/p>\n<p><b>Auteur:<\/b> Floria Jim\u00e9nez<\/p>\n<p><b>llustrateur: <\/b>Adi\u00e1n Gonz\u00e1lez<\/p>\n<p>Ce sont des vers pour rire de la peur.<br \/>\nDans La bruja en bicicleta, la qualit\u00e9 sonore et rythmique et le non-sens se conjuguent pour ravir l&rsquo;oreille et rapprocher les enfants des amusants personnages fantastiques issus de l&rsquo;imagination laborieuse de Floria Jim\u00e9nez D\u00edaz, auteure prolifique du Costa Rica.<br \/>\nLa cerise de ce g\u00e2teau de po\u00e8mes est repr\u00e9sent\u00e9e par les illustrations d\u2019Adi\u00e1n Gonz\u00e1lez, dont chacun est color\u00e9.<br \/>\nIl a \u00e9t\u00e9 dit de se r\u00e9jouir, parce que les sorci\u00e8res existent, mais seulement dans les livres ing\u00e9nieux comme celui-ci&#8230;<\/p>\n","protected":false},"excerpt":{"rendered":"<p><span class=\"Y2IQFc\" lang=\"es\">Ce sont des vers pour rire de la peur.<br \/>\nDans La bruja en bicicleta, la qualit\u00e9 sonore et rythmique et le non-sens se conjuguent pour ravir l&rsquo;oreille et rapprocher les enfants des amusants personnages fantastiques issus de l&rsquo;imagination laborieuse de Floria Jim\u00e9nez D\u00edaz, auteure prolifique du Costa Rica.<br \/>\nLa cerise de ce g\u00e2teau de po\u00e8mes est repr\u00e9sent\u00e9e par les illustrations d\u2019Adi\u00e1n Gonz\u00e1lez, dont chacun est color\u00e9.<br \/>\nIl a \u00e9t\u00e9 dit de se r\u00e9jouir, parce que les sorci\u00e8res existent, mais seulement dans les livres ing\u00e9nieux comme celui-ci&#8230;<\/span><\/p>\n","protected":false},"featured_media":5740,"comment_status":"closed","ping_status":"closed","template":"","meta":[],"etheme_brands":[],"product_brand":[],"product_cat":[593],"product_tag":[594,595,603,602,597,599,598,600,601,596],"class_list":{"0":"post-8139","1":"product","2":"type-product","3":"status-publish","4":"has-post-thumbnail","6":"product_cat-medias-et-musique","7":"product_tag-apprentissage","8":"product_tag-contes","9":"product_tag-enfants","10":"product_tag-filles","11":"product_tag-histoires","12":"product_tag-la-girafe-et-moi","13":"product_tag-langues","14":"product_tag-lecture","15":"product_tag-livres","16":"product_tag-scolaire","18":"first","19":"instock","20":"taxable","21":"shipping-taxable","22":"purchasable","23":"product-type-simple"},"exclude_global_add_ons":[],"addons":[],"_links":{"self":[{"href":"https:\/\/paradiseproductscr.com\/fr\/wp-json\/wp\/v2\/product\/8139","targetHints":{"allow":["GET"]}}],"collection":[{"href":"https:\/\/paradiseproductscr.com\/fr\/wp-json\/wp\/v2\/product"}],"about":[{"href":"https:\/\/paradiseproductscr.com\/fr\/wp-json\/wp\/v2\/types\/product"}],"replies":[{"embeddable":true,"href":"https:\/\/paradiseproductscr.com\/fr\/wp-json\/wp\/v2\/comments?post=8139"}],"version-history":[{"count":0,"href":"https:\/\/paradiseproductscr.com\/fr\/wp-json\/wp\/v2\/product\/8139\/revisions"}],"wp:featuredmedia":[{"embeddable":true,"href":"https:\/\/paradiseproductscr.com\/fr\/wp-json\/wp\/v2\/media\/5740"}],"wp:attachment":[{"href":"https:\/\/paradiseproductscr.com\/fr\/wp-json\/wp\/v2\/media?parent=8139"}],"wp:term":[{"taxonomy":"brand","embeddable":true,"href":"https:\/\/paradiseproductscr.com\/fr\/wp-json\/wp\/v2\/etheme_brands?post=8139"},{"taxonomy":"product_brand","embeddable":true,"href":"https:\/\/paradiseproductscr.com\/fr\/wp-json\/wp\/v2\/product_brand?post=8139"},{"taxonomy":"product_cat","embeddable":true,"href":"https:\/\/paradiseproductscr.com\/fr\/wp-json\/wp\/v2\/product_cat?post=8139"},{"taxonomy":"product_tag","embeddable":true,"href":"https:\/\/paradiseproductscr.com\/fr\/wp-json\/wp\/v2\/product_tag?post=8139"}],"curies":[{"name":"wp","href":"https:\/\/api.w.org\/{rel}","templated":true}]}}