{"id":8140,"date":"2022-05-28T11:42:11","date_gmt":"2022-05-28T17:42:11","guid":{"rendered":"https:\/\/paradiseproductscr.com\/product\/pequena-bichopedia-ilustrada\/"},"modified":"2022-05-28T17:42:11","modified_gmt":"2022-05-28T11:42:11","slug":"pequena-bichopedia-ilustrada","status":"publish","type":"product","link":"https:\/\/paradiseproductscr.com\/fr\/produit\/pequena-bichopedia-ilustrada\/","title":{"rendered":"Peque\u00f1a Bichopedia Ilustrada"},"content":{"rendered":"<p><b>\u00c2ge :<\/b> tous les \u00e2ges<\/p>\n<p><b>Pages:<\/b>40<\/p>\n<p><b>Finition:<\/b>rustique, coll\u00e9 et cuit, papier bond 120g<\/p>\n<p><b>Auteur:<\/b>Jaime Gamboa<\/p>\n<p><b>Ilustrateur: <\/b>H\u00e9ctor Gamboa<\/p>\n<p>&nbsp;<\/p>\n<p>Ce livre parle de couscous, guatusas, jabirus, tolomucos, cerfs-chiots, tigres, Pavas et tout un tas d\u2019insectes qui, bien qu\u2019ils habitent encore nos for\u00eats et pampas, Il est assez difficile de les rencontrer en face, pour une simple raison : Comme nous, les humains, sommes si fous, et pendant si longtemps nous les avons chass\u00e9s avec des pi\u00e8ges, des balles et des machettes, les insectes ont appris \u00e0 nous \u00e9viter ! Ils se cachent de nous et nous voient de loin, comme ce parent aga\u00e7ant qui ne sait pas se comporter et qui casse toujours quelque chose.<\/p>\n<p>Nous avons d\u00e9cid\u00e9 de faire cette BICHOPEDIA avec trois histoires, pour que les citadins se familiarisent un peu avec ces autres habitants du Costa Rica qui n\u2019ont pas de carte d\u2019identit\u00e9, ne votent pas, ne se plaignent pas si une route passe au milieu du jardin de leur maison, mais qui souffrent, rient et bavardent comme nous.<\/p>\n<p>Rencontrez-les !<\/p>\n","protected":false},"excerpt":{"rendered":"<p>Nous avons d\u00e9cid\u00e9 de faire cette BICHOPEDIA avec trois histoires, pour que les citadins se familiarisent un peu avec ces autres habitants du Costa Rica qui n\u2019ont pas de carte d\u2019identit\u00e9, ne votent pas, ne se plaignent pas si une route passe au milieu du jardin de leur maison, mais qui souffrent, rient et bavardent comme nous.<\/p>\n<p>Rencontrez-les !<\/p>\n<p><span class=\"Y2IQFc\" lang=\"es\"> <\/span><\/p>\n","protected":false},"featured_media":5742,"comment_status":"closed","ping_status":"closed","template":"","meta":[],"etheme_brands":[],"product_brand":[],"product_cat":[593],"product_tag":[594,595,603,602,597,599,598,600,601,596],"class_list":{"0":"post-8140","1":"product","2":"type-product","3":"status-publish","4":"has-post-thumbnail","6":"product_cat-medias-et-musique","7":"product_tag-apprentissage","8":"product_tag-contes","9":"product_tag-enfants","10":"product_tag-filles","11":"product_tag-histoires","12":"product_tag-la-girafe-et-moi","13":"product_tag-langues","14":"product_tag-lecture","15":"product_tag-livres","16":"product_tag-scolaire","18":"first","19":"instock","20":"taxable","21":"shipping-taxable","22":"purchasable","23":"product-type-simple"},"exclude_global_add_ons":[],"addons":[],"_links":{"self":[{"href":"https:\/\/paradiseproductscr.com\/fr\/wp-json\/wp\/v2\/product\/8140","targetHints":{"allow":["GET"]}}],"collection":[{"href":"https:\/\/paradiseproductscr.com\/fr\/wp-json\/wp\/v2\/product"}],"about":[{"href":"https:\/\/paradiseproductscr.com\/fr\/wp-json\/wp\/v2\/types\/product"}],"replies":[{"embeddable":true,"href":"https:\/\/paradiseproductscr.com\/fr\/wp-json\/wp\/v2\/comments?post=8140"}],"version-history":[{"count":0,"href":"https:\/\/paradiseproductscr.com\/fr\/wp-json\/wp\/v2\/product\/8140\/revisions"}],"wp:featuredmedia":[{"embeddable":true,"href":"https:\/\/paradiseproductscr.com\/fr\/wp-json\/wp\/v2\/media\/5742"}],"wp:attachment":[{"href":"https:\/\/paradiseproductscr.com\/fr\/wp-json\/wp\/v2\/media?parent=8140"}],"wp:term":[{"taxonomy":"brand","embeddable":true,"href":"https:\/\/paradiseproductscr.com\/fr\/wp-json\/wp\/v2\/etheme_brands?post=8140"},{"taxonomy":"product_brand","embeddable":true,"href":"https:\/\/paradiseproductscr.com\/fr\/wp-json\/wp\/v2\/product_brand?post=8140"},{"taxonomy":"product_cat","embeddable":true,"href":"https:\/\/paradiseproductscr.com\/fr\/wp-json\/wp\/v2\/product_cat?post=8140"},{"taxonomy":"product_tag","embeddable":true,"href":"https:\/\/paradiseproductscr.com\/fr\/wp-json\/wp\/v2\/product_tag?post=8140"}],"curies":[{"name":"wp","href":"https:\/\/api.w.org\/{rel}","templated":true}]}}