{"id":8141,"date":"2022-05-28T17:42:11","date_gmt":"2022-05-28T23:42:11","guid":{"rendered":"https:\/\/paradiseproductscr.com\/product\/sos-serpentina-oro-sabanero\/"},"modified":"2022-05-28T17:42:11","modified_gmt":"2022-05-28T11:42:11","slug":"sos-serpentina-oro-sabanero","status":"publish","type":"product","link":"https:\/\/paradiseproductscr.com\/fr\/produit\/sos-serpentina-oro-sabanero\/","title":{"rendered":"SOS Serpentina, Oro, Sabanero"},"content":{"rendered":"<p><b>\u00c2ge :<\/b> 10 \u00e0 17 ans<\/p>\n<p><b>Pages:<\/b> 40<\/p>\n<p><b>Finition:<\/b> cousu et coll\u00e9, bond 120g<\/p>\n<p><b>Auteur:<\/b> Anne Se\u00f1ol<\/p>\n<p><b>Ilustrateur: <\/b>Olga Anaskina<\/p>\n<p>Cervantes disait que celui qui lit beaucoup et marche beaucoup, voit beaucoup et sait beaucoup.<\/p>\n<p>Anne Se\u00f1ol est ce genre de personne : une grande marcheuse et une grande lectrice et, par ricochet, une auteure g\u00e9n\u00e9reuse qui parcourt avec son regard \u00e0 360 degr\u00e9s notre r\u00e9alit\u00e9 costaricienne.<\/p>\n<p>Dans les trois contes r\u00e9unis ici (Serpentina, Oro, Sabanero), Se\u00f1ol fait preuve d\u2019une curiosit\u00e9 entra\u00een\u00e9e dans les montagnes des Alpes fran\u00e7aises, qu\u2019il a parcourue depuis son enfance.<\/p>\n<p>Transplant\u00e9 au Costa Rica, Se\u00f1ol continue \u00e0 marcher sur nos hauteurs et nos bas, en rassemblant personnages, situations, exp\u00e9riences et mots, qu\u2019Olga Anaskina illumine avec la baguette magique de ses belles illustrations.<\/p>\n","protected":false},"excerpt":{"rendered":"<p>Les trois contes r\u00e9unis ici (Serpentine, Or, Sabanero), Se\u00f1ol fait preuve d\u2019une curiosit\u00e9 entra\u00een\u00e9e dans les montagnes des Alpes fran\u00e7aises, qu\u2019il a parcourue depuis son enfance.<\/p>\n<p>Transplant\u00e9 au Costa Rica, Se\u00f1ol continue \u00e0 marcher sur nos hauteurs et nos bas, en rassemblant personnages, situations, exp\u00e9riences et mots, qu\u2019Olga Anaskina illumine avec la baguette magique de ses belles illustrations.<\/p>\n<p>&nbsp;<\/p>\n<p><span class=\"Y2IQFc\" lang=\"es\"> <\/span><\/p>\n","protected":false},"featured_media":5746,"comment_status":"closed","ping_status":"closed","template":"","meta":[],"etheme_brands":[],"product_brand":[],"product_cat":[74],"product_tag":[],"class_list":{"0":"post-8141","1":"product","2":"type-product","3":"status-publish","4":"has-post-thumbnail","6":"product_cat-alimentos","8":"first","9":"instock","10":"taxable","11":"shipping-taxable","12":"purchasable","13":"product-type-simple"},"exclude_global_add_ons":[],"addons":[],"_links":{"self":[{"href":"https:\/\/paradiseproductscr.com\/fr\/wp-json\/wp\/v2\/product\/8141","targetHints":{"allow":["GET"]}}],"collection":[{"href":"https:\/\/paradiseproductscr.com\/fr\/wp-json\/wp\/v2\/product"}],"about":[{"href":"https:\/\/paradiseproductscr.com\/fr\/wp-json\/wp\/v2\/types\/product"}],"replies":[{"embeddable":true,"href":"https:\/\/paradiseproductscr.com\/fr\/wp-json\/wp\/v2\/comments?post=8141"}],"version-history":[{"count":0,"href":"https:\/\/paradiseproductscr.com\/fr\/wp-json\/wp\/v2\/product\/8141\/revisions"}],"wp:featuredmedia":[{"embeddable":true,"href":"https:\/\/paradiseproductscr.com\/fr\/wp-json\/wp\/v2\/media\/5746"}],"wp:attachment":[{"href":"https:\/\/paradiseproductscr.com\/fr\/wp-json\/wp\/v2\/media?parent=8141"}],"wp:term":[{"taxonomy":"brand","embeddable":true,"href":"https:\/\/paradiseproductscr.com\/fr\/wp-json\/wp\/v2\/etheme_brands?post=8141"},{"taxonomy":"product_brand","embeddable":true,"href":"https:\/\/paradiseproductscr.com\/fr\/wp-json\/wp\/v2\/product_brand?post=8141"},{"taxonomy":"product_cat","embeddable":true,"href":"https:\/\/paradiseproductscr.com\/fr\/wp-json\/wp\/v2\/product_cat?post=8141"},{"taxonomy":"product_tag","embeddable":true,"href":"https:\/\/paradiseproductscr.com\/fr\/wp-json\/wp\/v2\/product_tag?post=8141"}],"curies":[{"name":"wp","href":"https:\/\/api.w.org\/{rel}","templated":true}]}}