{"id":8142,"date":"2022-05-28T17:41:54","date_gmt":"2022-05-28T23:41:54","guid":{"rendered":"https:\/\/paradiseproductscr.com\/product\/la-mer-de-lemerveillement\/"},"modified":"2022-05-28T17:41:54","modified_gmt":"2022-05-28T11:41:54","slug":"la-mer-de-lemerveillement","status":"publish","type":"product","link":"https:\/\/paradiseproductscr.com\/fr\/produit\/la-mer-de-lemerveillement\/","title":{"rendered":"La mer de l\u2019\u00e9merveillement"},"content":{"rendered":"<p>De notre collection scolaire, pour les gar\u00e7ons et les filles en quatri\u00e8me ann\u00e9e de l\u2019\u00e9cole.<\/p>\n<p class=\"franja\"><strong>Ages:<\/strong> 9 -12 ans<\/p>\n<p><strong>Niveau:<\/strong> quatrieme<\/p>\n<p><strong>Pages:<\/strong>322<\/p>\n<p><strong>Finition:<\/strong> rustique encoll\u00e9 et cousu, papier Ledger 90g<\/p>\n<p><strong>Auteurs:<\/strong> Anne Se\u00f1ol (auteure et compilatrice)<\/p>\n<p><strong>Ilustrateurs:<\/strong> Olga Anaskina, Adi\u00e1n Gonz\u00e1lez y H\u00e9ctor Gamboa<\/p>\n<p>Une tr\u00e8s vaste collection de possibilit\u00e9s de lecture accompagn\u00e9es d\u2019exercices int\u00e9ressants qui contribuent \u00e0 am\u00e9liorer l\u2019assimilation des textes et \u00e0 en tirer profit dans le d\u00e9veloppement des contenus propres au niveau scolaire. Des histoires magnifiquement illustr\u00e9es du Costa Rica, de l\u2019Am\u00e9rique latine et du monde qui ouvrent aux enfants un univers de possibilit\u00e9s en enrichissant leur vocabulaire et leur connaissance des diverses cultures humaines<\/p>\n","protected":false},"excerpt":{"rendered":"<p>Une tr\u00e8s vaste collection de possibilit\u00e9s de lecture accompagn\u00e9es d\u2019exercices int\u00e9ressants qui contribuent \u00e0 am\u00e9liorer l\u2019assimilation des textes et \u00e0 en tirer profit dans le d\u00e9veloppement des contenus propres au niveau scolaire. Des histoires magnifiquement illustr\u00e9es du Costa Rica, de l\u2019Am\u00e9rique latine et du monde qui ouvrent aux enfants un univers de possibilit\u00e9s en enrichissant leur vocabulaire et leur connaissance des diverses cultures humaines<\/p>\n","protected":false},"featured_media":5714,"comment_status":"closed","ping_status":"closed","template":"","meta":[],"etheme_brands":[],"product_brand":[],"product_cat":[74],"product_tag":[],"class_list":{"0":"post-8142","1":"product","2":"type-product","3":"status-publish","4":"has-post-thumbnail","6":"product_cat-alimentos","8":"first","9":"instock","10":"taxable","11":"shipping-taxable","12":"purchasable","13":"product-type-simple"},"exclude_global_add_ons":[],"addons":[],"_links":{"self":[{"href":"https:\/\/paradiseproductscr.com\/fr\/wp-json\/wp\/v2\/product\/8142","targetHints":{"allow":["GET"]}}],"collection":[{"href":"https:\/\/paradiseproductscr.com\/fr\/wp-json\/wp\/v2\/product"}],"about":[{"href":"https:\/\/paradiseproductscr.com\/fr\/wp-json\/wp\/v2\/types\/product"}],"replies":[{"embeddable":true,"href":"https:\/\/paradiseproductscr.com\/fr\/wp-json\/wp\/v2\/comments?post=8142"}],"version-history":[{"count":0,"href":"https:\/\/paradiseproductscr.com\/fr\/wp-json\/wp\/v2\/product\/8142\/revisions"}],"wp:featuredmedia":[{"embeddable":true,"href":"https:\/\/paradiseproductscr.com\/fr\/wp-json\/wp\/v2\/media\/5714"}],"wp:attachment":[{"href":"https:\/\/paradiseproductscr.com\/fr\/wp-json\/wp\/v2\/media?parent=8142"}],"wp:term":[{"taxonomy":"brand","embeddable":true,"href":"https:\/\/paradiseproductscr.com\/fr\/wp-json\/wp\/v2\/etheme_brands?post=8142"},{"taxonomy":"product_brand","embeddable":true,"href":"https:\/\/paradiseproductscr.com\/fr\/wp-json\/wp\/v2\/product_brand?post=8142"},{"taxonomy":"product_cat","embeddable":true,"href":"https:\/\/paradiseproductscr.com\/fr\/wp-json\/wp\/v2\/product_cat?post=8142"},{"taxonomy":"product_tag","embeddable":true,"href":"https:\/\/paradiseproductscr.com\/fr\/wp-json\/wp\/v2\/product_tag?post=8142"}],"curies":[{"name":"wp","href":"https:\/\/api.w.org\/{rel}","templated":true}]}}