{"id":8143,"date":"2022-05-28T17:41:54","date_gmt":"2022-05-28T23:41:54","guid":{"rendered":"https:\/\/paradiseproductscr.com\/product\/leo-et-lea\/"},"modified":"2022-05-28T17:41:54","modified_gmt":"2022-05-28T11:41:54","slug":"leo-et-lea","status":"publish","type":"product","link":"https:\/\/paradiseproductscr.com\/fr\/produit\/leo-et-lea\/","title":{"rendered":"Leo et Lea"},"content":{"rendered":"<p>De notre collection scolaire, pour les gar\u00e7ons et les filles en premi\u00e8re ann\u00e9e d\u2019\u00e9cole.<\/p>\n<p><strong>\u00e2ge :<\/strong> 6-7 ans<\/p>\n<p><strong>Niveau:<\/strong> Premier<\/p>\n<p><strong>Pages:<\/strong> 70<\/p>\n<p><strong>Finition:<\/strong> rustique coll\u00e9, papier couch\u00e9<\/p>\n<p><strong>Auteurs:<\/strong> Anah\u00ed y Norma Barboza<\/p>\n<p><strong>Ilustrateur:<\/strong> H\u00e9ctor Gamboa<\/p>\n<p>Un premier livre de lecture magnifiquement illustr\u00e9. Convient aux enfants avec diff\u00e9rents profils d\u2019apprentissage car il utilise une variante de la m\u00e9thode \u00e9clectique. C\u2019est un livre parfait pour les nouveaux lecteurs<\/p>\n","protected":false},"excerpt":{"rendered":"<p>Un premier livre de lecture magnifiquement illustr\u00e9. Convient aux enfants avec diff\u00e9rents profils d\u2019apprentissage car il utilise une variante de la m\u00e9thode \u00e9clectique. C\u2019est un livre parfait pour les nouveaux lecteurs<\/p>\n","protected":false},"featured_media":9509,"comment_status":"closed","ping_status":"closed","template":"","meta":[],"etheme_brands":[],"product_brand":[],"product_cat":[593],"product_tag":[594,595,603,602,597,599,598,600,601,596],"class_list":{"0":"post-8143","1":"product","2":"type-product","3":"status-publish","4":"has-post-thumbnail","6":"product_cat-medias-et-musique","7":"product_tag-apprentissage","8":"product_tag-contes","9":"product_tag-enfants","10":"product_tag-filles","11":"product_tag-histoires","12":"product_tag-la-girafe-et-moi","13":"product_tag-langues","14":"product_tag-lecture","15":"product_tag-livres","16":"product_tag-scolaire","18":"first","19":"instock","20":"taxable","21":"shipping-taxable","22":"purchasable","23":"product-type-simple"},"exclude_global_add_ons":[],"addons":[],"_links":{"self":[{"href":"https:\/\/paradiseproductscr.com\/fr\/wp-json\/wp\/v2\/product\/8143","targetHints":{"allow":["GET"]}}],"collection":[{"href":"https:\/\/paradiseproductscr.com\/fr\/wp-json\/wp\/v2\/product"}],"about":[{"href":"https:\/\/paradiseproductscr.com\/fr\/wp-json\/wp\/v2\/types\/product"}],"replies":[{"embeddable":true,"href":"https:\/\/paradiseproductscr.com\/fr\/wp-json\/wp\/v2\/comments?post=8143"}],"version-history":[{"count":0,"href":"https:\/\/paradiseproductscr.com\/fr\/wp-json\/wp\/v2\/product\/8143\/revisions"}],"wp:featuredmedia":[{"embeddable":true,"href":"https:\/\/paradiseproductscr.com\/fr\/wp-json\/wp\/v2\/media\/9509"}],"wp:attachment":[{"href":"https:\/\/paradiseproductscr.com\/fr\/wp-json\/wp\/v2\/media?parent=8143"}],"wp:term":[{"taxonomy":"brand","embeddable":true,"href":"https:\/\/paradiseproductscr.com\/fr\/wp-json\/wp\/v2\/etheme_brands?post=8143"},{"taxonomy":"product_brand","embeddable":true,"href":"https:\/\/paradiseproductscr.com\/fr\/wp-json\/wp\/v2\/product_brand?post=8143"},{"taxonomy":"product_cat","embeddable":true,"href":"https:\/\/paradiseproductscr.com\/fr\/wp-json\/wp\/v2\/product_cat?post=8143"},{"taxonomy":"product_tag","embeddable":true,"href":"https:\/\/paradiseproductscr.com\/fr\/wp-json\/wp\/v2\/product_tag?post=8143"}],"curies":[{"name":"wp","href":"https:\/\/api.w.org\/{rel}","templated":true}]}}