{"id":8144,"date":"2022-05-28T17:41:54","date_gmt":"2022-05-28T23:41:54","guid":{"rendered":"https:\/\/paradiseproductscr.com\/product\/la-grotte-des-contes-de-fees\/"},"modified":"2022-05-28T17:41:54","modified_gmt":"2022-05-28T11:41:54","slug":"la-grotte-des-contes-de-fees","status":"publish","type":"product","link":"https:\/\/paradiseproductscr.com\/fr\/produit\/la-grotte-des-contes-de-fees\/","title":{"rendered":"La Grotte des Contes de F\u00e9es"},"content":{"rendered":"<p>De notre collection scolaire, pour les gar\u00e7ons et les filles en troisi\u00e8me ann\u00e9e de l\u2019\u00e9cole.<\/p>\n<p class=\"franja\"><strong>\u00c2ge:<\/strong> 8-11 ans<\/p>\n<p><strong>Pages:<\/strong> 250<\/p>\n<p><strong>Finition:<\/strong> rustique encoll\u00e9 et cousu, papier Ledger 90g<\/p>\n<p><strong>Auteurs:<\/strong> Anne Se\u00f1ol (auteure et compilatrice)<\/p>\n<p><strong>Ilustrateurs:<\/strong> Olga Anaskina et H\u00e9ctor Gamboa<\/p>\n<p>&nbsp;<\/p>\n<p>Une collection fascinante d\u2019histoires sur notre pays et le monde. Un livre pour profiter de nos traditions paysannes et voyager en m\u00eame temps dans le monde magique des mille et une nuits.<\/p>\n<p>&nbsp;<\/p>\n","protected":false},"excerpt":{"rendered":"<p>Une collection fascinante d\u2019histoires sur notre pays et le monde. Un livre pour profiter de nos traditions paysannes et voyager en m\u00eame temps dans le monde magique des mille et une nuits.<\/p>\n","protected":false},"featured_media":5720,"comment_status":"closed","ping_status":"closed","template":"","meta":[],"etheme_brands":[],"product_brand":[],"product_cat":[74],"product_tag":[],"class_list":{"0":"post-8144","1":"product","2":"type-product","3":"status-publish","4":"has-post-thumbnail","6":"product_cat-alimentos","8":"first","9":"instock","10":"taxable","11":"shipping-taxable","12":"purchasable","13":"product-type-simple"},"exclude_global_add_ons":[],"addons":[],"_links":{"self":[{"href":"https:\/\/paradiseproductscr.com\/fr\/wp-json\/wp\/v2\/product\/8144","targetHints":{"allow":["GET"]}}],"collection":[{"href":"https:\/\/paradiseproductscr.com\/fr\/wp-json\/wp\/v2\/product"}],"about":[{"href":"https:\/\/paradiseproductscr.com\/fr\/wp-json\/wp\/v2\/types\/product"}],"replies":[{"embeddable":true,"href":"https:\/\/paradiseproductscr.com\/fr\/wp-json\/wp\/v2\/comments?post=8144"}],"version-history":[{"count":0,"href":"https:\/\/paradiseproductscr.com\/fr\/wp-json\/wp\/v2\/product\/8144\/revisions"}],"wp:featuredmedia":[{"embeddable":true,"href":"https:\/\/paradiseproductscr.com\/fr\/wp-json\/wp\/v2\/media\/5720"}],"wp:attachment":[{"href":"https:\/\/paradiseproductscr.com\/fr\/wp-json\/wp\/v2\/media?parent=8144"}],"wp:term":[{"taxonomy":"brand","embeddable":true,"href":"https:\/\/paradiseproductscr.com\/fr\/wp-json\/wp\/v2\/etheme_brands?post=8144"},{"taxonomy":"product_brand","embeddable":true,"href":"https:\/\/paradiseproductscr.com\/fr\/wp-json\/wp\/v2\/product_brand?post=8144"},{"taxonomy":"product_cat","embeddable":true,"href":"https:\/\/paradiseproductscr.com\/fr\/wp-json\/wp\/v2\/product_cat?post=8144"},{"taxonomy":"product_tag","embeddable":true,"href":"https:\/\/paradiseproductscr.com\/fr\/wp-json\/wp\/v2\/product_tag?post=8144"}],"curies":[{"name":"wp","href":"https:\/\/api.w.org\/{rel}","templated":true}]}}