{"id":8145,"date":"2022-05-28T11:41:54","date_gmt":"2022-05-28T17:41:54","guid":{"rendered":"https:\/\/paradiseproductscr.com\/product\/fotos-robadas-y-otros-cuentos-photos-volees-et-autres-histoires\/"},"modified":"2022-05-28T17:41:54","modified_gmt":"2022-05-28T11:41:54","slug":"fotos-robadas-y-otros-cuentos-photos-volees-et-autres-histoires","status":"publish","type":"product","link":"https:\/\/paradiseproductscr.com\/fr\/produit\/fotos-robadas-y-otros-cuentos-photos-volees-et-autres-histoires\/","title":{"rendered":"Fotos Robadas y otros Cuentos (Photos vol\u00e9es et autres histoires)"},"content":{"rendered":"<div id=\"tab-description\" class=\"woocommerce-Tabs-panel woocommerce-Tabs-panel--description panel entry-content wc-tab\" role=\"tabpanel\" aria-labelledby=\"tab-title-description\">\n<p><b>\u00c2ge:<\/b> tous les \u00e2ges<\/p>\n<p><b>Pages: <\/b>44<\/p>\n<p><b>Finition:<\/b>rustique, coll\u00e9, couche mate 150g<\/p>\n<p><b>Auteur:<\/b> H\u00e9ctor Gamboa<\/p>\n<p><b>Ilustrateur: <\/b>H\u00e9ctor Gamboa<\/p>\n<p>Il y eut un temps de t\u00eates pouilleuses et de ventres vides, quand aux villages de Guanacaste les jouets \u00e9taient en bois et en clous et dans les magasins de chaussures on faisait une chaussure redoutable \u00e0 dompter; un fl\u00e9au dans la milpa pouvait \u00eatre une affaire de vie ou de mort; dans l\u2019obscurit\u00e9 qui nous d\u00e9vorait chaque nuit les b\u00eates r\u00f4daient ou dans une bouteille sombre se cachait la fin de tout.<br \/>\nIl fut un temps moins lointain que les galaxies et plus n\u00f4tre que les gratte-ciel ; un temps d\u2019histoires qui se produisaient et nous les racontions.<br \/>\nIl s&rsquo;agit d&rsquo;un livre d&rsquo;H\u00e9ctor Gamboa dans lequel la fantaisie et la r\u00e9alit\u00e9 se rebellent contre l&rsquo;oubli.<\/p>\n<\/div>\n","protected":false},"excerpt":{"rendered":"<p>Il y eut un temps de t\u00eates pouilleuses et de ventres vides, quand aux villages de Guanacaste les jouets \u00e9taient en bois et en clous et dans les magasins de chaussures on faisait une chaussure redoutable \u00e0 dompter; un fl\u00e9au dans la milpa pouvait \u00eatre une affaire de vie ou de mort; dans l\u2019obscurit\u00e9 qui nous d\u00e9vorait chaque nuit les b\u00eates r\u00f4daient ou dans une bouteille sombre se cachait la fin de tout.<br \/>\nIl fut un temps moins lointain que les galaxies et plus n\u00f4tre que les gratte-ciel ; un temps d\u2019histoires qui se produisaient et nous les racontions.<br \/>\nIl s&rsquo;agit d&rsquo;un livre d&rsquo;H\u00e9ctor Gamboa dans lequel la fantaisie et la r\u00e9alit\u00e9 se rebellent contre l&rsquo;oubli.<\/p>\n","protected":false},"featured_media":5722,"comment_status":"closed","ping_status":"closed","template":"","meta":[],"etheme_brands":[],"product_brand":[],"product_cat":[593],"product_tag":[594,595,603,602,597,599,598,600,601,596],"class_list":{"0":"post-8145","1":"product","2":"type-product","3":"status-publish","4":"has-post-thumbnail","6":"product_cat-medias-et-musique","7":"product_tag-apprentissage","8":"product_tag-contes","9":"product_tag-enfants","10":"product_tag-filles","11":"product_tag-histoires","12":"product_tag-la-girafe-et-moi","13":"product_tag-langues","14":"product_tag-lecture","15":"product_tag-livres","16":"product_tag-scolaire","18":"first","19":"instock","20":"taxable","21":"shipping-taxable","22":"purchasable","23":"product-type-simple"},"exclude_global_add_ons":[],"addons":[],"_links":{"self":[{"href":"https:\/\/paradiseproductscr.com\/fr\/wp-json\/wp\/v2\/product\/8145","targetHints":{"allow":["GET"]}}],"collection":[{"href":"https:\/\/paradiseproductscr.com\/fr\/wp-json\/wp\/v2\/product"}],"about":[{"href":"https:\/\/paradiseproductscr.com\/fr\/wp-json\/wp\/v2\/types\/product"}],"replies":[{"embeddable":true,"href":"https:\/\/paradiseproductscr.com\/fr\/wp-json\/wp\/v2\/comments?post=8145"}],"version-history":[{"count":0,"href":"https:\/\/paradiseproductscr.com\/fr\/wp-json\/wp\/v2\/product\/8145\/revisions"}],"wp:featuredmedia":[{"embeddable":true,"href":"https:\/\/paradiseproductscr.com\/fr\/wp-json\/wp\/v2\/media\/5722"}],"wp:attachment":[{"href":"https:\/\/paradiseproductscr.com\/fr\/wp-json\/wp\/v2\/media?parent=8145"}],"wp:term":[{"taxonomy":"brand","embeddable":true,"href":"https:\/\/paradiseproductscr.com\/fr\/wp-json\/wp\/v2\/etheme_brands?post=8145"},{"taxonomy":"product_brand","embeddable":true,"href":"https:\/\/paradiseproductscr.com\/fr\/wp-json\/wp\/v2\/product_brand?post=8145"},{"taxonomy":"product_cat","embeddable":true,"href":"https:\/\/paradiseproductscr.com\/fr\/wp-json\/wp\/v2\/product_cat?post=8145"},{"taxonomy":"product_tag","embeddable":true,"href":"https:\/\/paradiseproductscr.com\/fr\/wp-json\/wp\/v2\/product_tag?post=8145"}],"curies":[{"name":"wp","href":"https:\/\/api.w.org\/{rel}","templated":true}]}}