{"id":8146,"date":"2022-05-28T17:41:54","date_gmt":"2022-05-28T23:41:54","guid":{"rendered":"https:\/\/paradiseproductscr.com\/product\/a-la-recherche-du-grand-tresor-2\/"},"modified":"2022-05-28T17:41:54","modified_gmt":"2022-05-28T11:41:54","slug":"a-la-recherche-du-grand-tresor-2","status":"publish","type":"product","link":"https:\/\/paradiseproductscr.com\/fr\/produit\/a-la-recherche-du-grand-tresor-2\/","title":{"rendered":"\u00c0 la recherche du Grand Tr\u00e9sor"},"content":{"rendered":"<p class=\"franja\"><strong>Age:<\/strong> a partir 10 ans<\/p>\n<p><strong>Pages: <\/strong>203<\/p>\n<p><strong>Finition:<\/strong> rustique cousu et coll\u00e9 papier \u00e9ditorial 90g<\/p>\n<p><strong>Auteur:<\/strong> \u00d3scar N\u00fa\u00f1ez<\/p>\n<p class=\"p1\">Sebastian Camacho et Javier Snieper sont deux \u00e9coliers normaux, en tr\u00e8s bonne sant\u00e9, qui sont soudainement infect\u00e9s par le virus de l&rsquo;\u00eele Cocos. Les deux adolescents, soutenus par une trouvaille fortuite,<span class=\"Apple-converted-space\">  <\/span>Ils n&rsquo;ont pas l&rsquo;esprit tranquille jusqu&rsquo;\u00e0 ce qu&rsquo;ils organisent le long voyage vers l&rsquo;\u00eele. Ils sont en compagnie de la brute de la classe et d&rsquo;une fille <i>ringarde<\/i> qui a r\u00e9ponse \u00e0 presque tout, ainsi que d&rsquo;un professeur ouvert d&rsquo;esprit mais ferme. Ils sont rejoints, de mani\u00e8re suspecte, tr\u00e8s suspecte, par un garde-parcs de mauvaise d\u00e9gustation qui s\u2019av\u00e8re \u00eatre la cl\u00e9 pour comprendre pass\u00e9 et pr\u00e9sent de l\u2019\u00eele et, rebondir, son avenir.<\/p>\n<p class=\"p1\">Avec , <i>En busca del gran tesoro<\/i>, nouvelle de l\u2019\u00e9crivain laur\u00e9at \u00d3scar N\u00fa\u00f1ez Olivas, la maison d\u2019\u00e9dition <b>La Jirafa y Yo<i>&#8211;<\/i><\/b> monte un \u00e9chelon dans son d\u00e9sir d\u2019engager les enfants et les jeunes \u00e0 la lecture.<\/p>\n<p>&nbsp;<\/p>\n<p>&nbsp;<\/p>\n<p>&nbsp;<\/p>\n","protected":false},"excerpt":{"rendered":"<p>Une collection fascinante d\u2019histoires sur notre pays et le monde. Un livre pour profiter de nos traditions paysannes et voyager en m\u00eame temps dans le monde magique des mille et une nuits.<\/p>\n","protected":false},"featured_media":5724,"comment_status":"closed","ping_status":"closed","template":"","meta":[],"etheme_brands":[],"product_brand":[],"product_cat":[74],"product_tag":[],"class_list":{"0":"post-8146","1":"product","2":"type-product","3":"status-publish","4":"has-post-thumbnail","6":"product_cat-alimentos","8":"first","9":"instock","10":"taxable","11":"shipping-taxable","12":"purchasable","13":"product-type-simple"},"exclude_global_add_ons":[],"addons":[],"_links":{"self":[{"href":"https:\/\/paradiseproductscr.com\/fr\/wp-json\/wp\/v2\/product\/8146","targetHints":{"allow":["GET"]}}],"collection":[{"href":"https:\/\/paradiseproductscr.com\/fr\/wp-json\/wp\/v2\/product"}],"about":[{"href":"https:\/\/paradiseproductscr.com\/fr\/wp-json\/wp\/v2\/types\/product"}],"replies":[{"embeddable":true,"href":"https:\/\/paradiseproductscr.com\/fr\/wp-json\/wp\/v2\/comments?post=8146"}],"version-history":[{"count":0,"href":"https:\/\/paradiseproductscr.com\/fr\/wp-json\/wp\/v2\/product\/8146\/revisions"}],"wp:featuredmedia":[{"embeddable":true,"href":"https:\/\/paradiseproductscr.com\/fr\/wp-json\/wp\/v2\/media\/5724"}],"wp:attachment":[{"href":"https:\/\/paradiseproductscr.com\/fr\/wp-json\/wp\/v2\/media?parent=8146"}],"wp:term":[{"taxonomy":"brand","embeddable":true,"href":"https:\/\/paradiseproductscr.com\/fr\/wp-json\/wp\/v2\/etheme_brands?post=8146"},{"taxonomy":"product_brand","embeddable":true,"href":"https:\/\/paradiseproductscr.com\/fr\/wp-json\/wp\/v2\/product_brand?post=8146"},{"taxonomy":"product_cat","embeddable":true,"href":"https:\/\/paradiseproductscr.com\/fr\/wp-json\/wp\/v2\/product_cat?post=8146"},{"taxonomy":"product_tag","embeddable":true,"href":"https:\/\/paradiseproductscr.com\/fr\/wp-json\/wp\/v2\/product_tag?post=8146"}],"curies":[{"name":"wp","href":"https:\/\/api.w.org\/{rel}","templated":true}]}}