{"id":8147,"date":"2022-05-28T11:41:54","date_gmt":"2022-05-28T17:41:54","guid":{"rendered":"https:\/\/paradiseproductscr.com\/product\/de-poco-un-todo\/"},"modified":"2022-05-28T17:41:54","modified_gmt":"2022-05-28T11:41:54","slug":"de-poco-un-todo","status":"publish","type":"product","link":"https:\/\/paradiseproductscr.com\/fr\/produit\/de-poco-un-todo\/","title":{"rendered":"De Poco un Todo"},"content":{"rendered":"<div id=\"tab-description\" class=\"woocommerce-Tabs-panel woocommerce-Tabs-panel--description panel entry-content wc-tab\" role=\"tabpanel\" aria-labelledby=\"tab-title-description\">\n<p class=\"franja\"><strong>\u00c2ge:<\/strong> \u00e0 partir de 9 ans<\/p>\n<p><strong>Pages:<\/strong>108<\/p>\n<p><strong>Dimensions:<\/strong> 20 x 13 cm<\/p>\n<p><strong>Finition:<\/strong> rustique cousu et coll\u00e9 papier \u00e9ditorial 90g<\/p>\n<p><strong>Auteur:<\/strong> Camila Schumacher<\/p>\n<p><strong>Ilustrateur:<\/strong> Adi\u00e1n Gonz\u00e1lez<\/p>\n<p>Ce livre raconte l\u2019histoire d\u2019un enfant&#8230;. petit, mais seulement au d\u00e9but.<br \/>\nAu fur et \u00e0 mesure que les pages passent, le protagoniste et le lecteur s\u2019enfoncent dans la peur, d\u00e9couvrent la musique, les jeux de mots, la magie des arri\u00e8re-grands-m\u00e8res et les nombres, les mensonges et m\u00eame l\u2019endroit pr\u00e9cis du corps o\u00f9 s\u2019ins\u00e8re l'\u00a0\u00bb\u00e2me\u00a0\u00bb<br \/>\nAinsi, le lecteur et le protagoniste grandissent et d\u00e9couvrent que, dans la vie, le secret est d\u2019appr\u00e9cier<em>un peu un Tout<\/em>.<\/p>\n<\/div>\n","protected":false},"excerpt":{"rendered":"<p>Il y eut un temps de t\u00eates pouilleuses et de ventres vides, quand aux villages de Guanacaste les jouets \u00e9taient en bois et en clous et dans les magasins de chaussures on faisait une chaussure redoutable \u00e0 dompter; un fl\u00e9au dans la milpa pouvait \u00eatre une affaire de vie ou de mort; dans l\u2019obscurit\u00e9 qui nous d\u00e9vorait chaque nuit les b\u00eates r\u00f4daient ou dans une bouteille sombre se cachait la fin de tout.<br \/>\nIl fut un temps moins lointain que les galaxies et plus n\u00f4tre que les gratte-ciel ; un temps d\u2019histoires qui se produisaient et nous les racontions.<br \/>\nIl s&rsquo;agit d&rsquo;un livre d&rsquo;H\u00e9ctor Gamboa dans lequel la fantaisie et la r\u00e9alit\u00e9 se rebellent contre l&rsquo;oubli.<\/p>\n","protected":false},"featured_media":5726,"comment_status":"closed","ping_status":"closed","template":"","meta":[],"etheme_brands":[],"product_brand":[],"product_cat":[593],"product_tag":[594,595,603,602,597,599,598,600,601,596],"class_list":{"0":"post-8147","1":"product","2":"type-product","3":"status-publish","4":"has-post-thumbnail","6":"product_cat-medias-et-musique","7":"product_tag-apprentissage","8":"product_tag-contes","9":"product_tag-enfants","10":"product_tag-filles","11":"product_tag-histoires","12":"product_tag-la-girafe-et-moi","13":"product_tag-langues","14":"product_tag-lecture","15":"product_tag-livres","16":"product_tag-scolaire","18":"first","19":"instock","20":"taxable","21":"shipping-taxable","22":"purchasable","23":"product-type-simple"},"exclude_global_add_ons":[],"addons":[],"_links":{"self":[{"href":"https:\/\/paradiseproductscr.com\/fr\/wp-json\/wp\/v2\/product\/8147","targetHints":{"allow":["GET"]}}],"collection":[{"href":"https:\/\/paradiseproductscr.com\/fr\/wp-json\/wp\/v2\/product"}],"about":[{"href":"https:\/\/paradiseproductscr.com\/fr\/wp-json\/wp\/v2\/types\/product"}],"replies":[{"embeddable":true,"href":"https:\/\/paradiseproductscr.com\/fr\/wp-json\/wp\/v2\/comments?post=8147"}],"version-history":[{"count":0,"href":"https:\/\/paradiseproductscr.com\/fr\/wp-json\/wp\/v2\/product\/8147\/revisions"}],"wp:featuredmedia":[{"embeddable":true,"href":"https:\/\/paradiseproductscr.com\/fr\/wp-json\/wp\/v2\/media\/5726"}],"wp:attachment":[{"href":"https:\/\/paradiseproductscr.com\/fr\/wp-json\/wp\/v2\/media?parent=8147"}],"wp:term":[{"taxonomy":"brand","embeddable":true,"href":"https:\/\/paradiseproductscr.com\/fr\/wp-json\/wp\/v2\/etheme_brands?post=8147"},{"taxonomy":"product_brand","embeddable":true,"href":"https:\/\/paradiseproductscr.com\/fr\/wp-json\/wp\/v2\/product_brand?post=8147"},{"taxonomy":"product_cat","embeddable":true,"href":"https:\/\/paradiseproductscr.com\/fr\/wp-json\/wp\/v2\/product_cat?post=8147"},{"taxonomy":"product_tag","embeddable":true,"href":"https:\/\/paradiseproductscr.com\/fr\/wp-json\/wp\/v2\/product_tag?post=8147"}],"curies":[{"name":"wp","href":"https:\/\/api.w.org\/{rel}","templated":true}]}}