{"id":8148,"date":"2022-05-28T17:41:45","date_gmt":"2022-05-28T23:41:45","guid":{"rendered":"https:\/\/paradiseproductscr.com\/product\/planche-a-decouper-ronde\/"},"modified":"2022-05-28T17:41:45","modified_gmt":"2022-05-28T11:41:45","slug":"planche-a-decouper-ronde","status":"publish","type":"product","link":"https:\/\/paradiseproductscr.com\/fr\/produit\/planche-a-decouper-ronde\/","title":{"rendered":"Planche \u00e0 d\u00e9couper ronde"},"content":{"rendered":"<p>Planche \u00e0 d\u00e9couper ronde en bois, fabriqu\u00e9e \u00e0 Sarch\u00ed Costa Rica, berceau de l&rsquo;artisanat national.<\/p>\n","protected":false},"excerpt":{"rendered":"<p>Planche \u00e0 d\u00e9couper ronde en bois, fabriqu\u00e9e \u00e0 Sarch\u00ed Costa Rica, berceau de l&rsquo;artisanat national.<\/p>\n","protected":false},"featured_media":5368,"comment_status":"open","ping_status":"closed","template":"","meta":[],"etheme_brands":[],"product_brand":[],"product_cat":[605,579],"product_tag":[583,584,588,581,585,582,587,589,586,590,591,592],"class_list":{"0":"post-8148","1":"product","2":"type-product","3":"status-publish","4":"has-post-thumbnail","6":"product_cat-cuisine","7":"product_cat-foyer","8":"product_tag-art-traditionnel","9":"product_tag-artisanal-fr","10":"product_tag-bois","11":"product_tag-costa-rica-fr","12":"product_tag-cuisine","13":"product_tag-decoration-fr","14":"product_tag-foyer","15":"product_tag-marque-nationale","16":"product_tag-modeles-traditionnels","17":"product_tag-peint-a-la-main","18":"product_tag-sarchi-fr","19":"product_tag-sarchivirtual-fr","21":"first","22":"instock","23":"taxable","24":"shipping-taxable","25":"purchasable","26":"product-type-simple"},"exclude_global_add_ons":[],"addons":[],"_links":{"self":[{"href":"https:\/\/paradiseproductscr.com\/fr\/wp-json\/wp\/v2\/product\/8148","targetHints":{"allow":["GET"]}}],"collection":[{"href":"https:\/\/paradiseproductscr.com\/fr\/wp-json\/wp\/v2\/product"}],"about":[{"href":"https:\/\/paradiseproductscr.com\/fr\/wp-json\/wp\/v2\/types\/product"}],"replies":[{"embeddable":true,"href":"https:\/\/paradiseproductscr.com\/fr\/wp-json\/wp\/v2\/comments?post=8148"}],"version-history":[{"count":0,"href":"https:\/\/paradiseproductscr.com\/fr\/wp-json\/wp\/v2\/product\/8148\/revisions"}],"wp:featuredmedia":[{"embeddable":true,"href":"https:\/\/paradiseproductscr.com\/fr\/wp-json\/wp\/v2\/media\/5368"}],"wp:attachment":[{"href":"https:\/\/paradiseproductscr.com\/fr\/wp-json\/wp\/v2\/media?parent=8148"}],"wp:term":[{"taxonomy":"brand","embeddable":true,"href":"https:\/\/paradiseproductscr.com\/fr\/wp-json\/wp\/v2\/etheme_brands?post=8148"},{"taxonomy":"product_brand","embeddable":true,"href":"https:\/\/paradiseproductscr.com\/fr\/wp-json\/wp\/v2\/product_brand?post=8148"},{"taxonomy":"product_cat","embeddable":true,"href":"https:\/\/paradiseproductscr.com\/fr\/wp-json\/wp\/v2\/product_cat?post=8148"},{"taxonomy":"product_tag","embeddable":true,"href":"https:\/\/paradiseproductscr.com\/fr\/wp-json\/wp\/v2\/product_tag?post=8148"}],"curies":[{"name":"wp","href":"https:\/\/api.w.org\/{rel}","templated":true}]}}