{"id":8149,"date":"2022-05-28T17:41:45","date_gmt":"2022-05-28T23:41:45","guid":{"rendered":"https:\/\/paradiseproductscr.com\/product\/arcon-de-aventuras-y-ensuenos-coffre-daventures-et-de-reves\/"},"modified":"2022-05-28T17:41:45","modified_gmt":"2022-05-28T11:41:45","slug":"arcon-de-aventuras-y-ensuenos-coffre-daventures-et-de-reves","status":"publish","type":"product","link":"https:\/\/paradiseproductscr.com\/fr\/produit\/arcon-de-aventuras-y-ensuenos-coffre-daventures-et-de-reves\/","title":{"rendered":"Arc\u00f3n de aventuras y ensue\u00f1os (Coffre d\u2019aventures et de r\u00eaves )"},"content":{"rendered":"<p>De notre collection scolaire, pour les gar\u00e7ons et les filles en sixi\u00e8me ann\u00e9e de l\u2019\u00e9cole.<\/p>\n<p class=\"franja\"><strong>\u00c2ge :<\/strong> 11-14 ans<\/p>\n<p><strong>Ann\u00e9e d&rsquo;\u00e9tudes :<\/strong> Sixi\u00e8me<\/p>\n<p><strong>Pages: <\/strong>302<\/p>\n<p><strong>Finition:<\/strong> rustique encoll\u00e9 et cousu, papier Ledger 90g<\/p>\n<p><strong>Auteurs:<\/strong> Anne Se\u00f1ol (auteure et compilatrice)<\/p>\n<p><strong>Illustrations et couverture :<\/strong> Olga Anaskina et H\u00e9ctor Gamboa<\/p>\n<p>Comme dans nos pr\u00e9c\u00e9dents recueils de litt\u00e9rature nationale et internationale pour l\u2019\u00e9cole primaire, Coffre d\u2019aventures et de r\u00eaves nage dans les visions et les r\u00e9cits d\u2019une rivi\u00e8re abondante d\u2019\u00e9crivains nourris d\u2019observations et de fantasmes.<\/p>\n<p><strong>Leo et Lea<\/strong>, <strong>L\u2019arbre imaginaire,<\/strong> <strong>La grotte des conte<\/strong>s, <strong>La mer des \u00e9merveillements<\/strong> et <strong>Enchantements<\/strong> ont pr\u00e9c\u00e9d\u00e9, d\u2019un pas ferme, <strong>le Coffre d\u2019aventures et de r\u00eaves<\/strong>, un v\u00e9ritable coffre de contes, contes et po\u00e8mes, c\u2019est-\u00e0-dire : de joies pour les enfants lecteurs. Tous ces livres ont \u00e9t\u00e9 soigneusement \u00e9dit\u00e9s et illustr\u00e9s car, depuis le premier, nous avons uni qualit\u00e9, beaut\u00e9 et imagination au service des esprits fertiles des \u00e9tudiants de premier cycle.<\/p>\n","protected":false},"excerpt":{"rendered":"<p><strong>Leo et Lea<\/strong>, <strong>L\u2019arbre imaginaire,<\/strong> <strong>La grotte des conte<\/strong>s, <strong>La mer des \u00e9merveillements<\/strong> et <strong>Enchantements<\/strong> ont pr\u00e9c\u00e9d\u00e9, d\u2019un pas ferme, <strong>le Coffre d\u2019aventures et de r\u00eaves<\/strong>, un v\u00e9ritable coffre de contes, contes et po\u00e8mes, c\u2019est-\u00e0-dire : de joies pour les enfants lecteurs. Tous ces livres ont \u00e9t\u00e9 soigneusement \u00e9dit\u00e9s et illustr\u00e9s car, depuis le premier, nous avons uni qualit\u00e9, beaut\u00e9 et imagination au service des esprits fertiles des \u00e9tudiants de premier cycle.<\/p>\n","protected":false},"featured_media":5706,"comment_status":"closed","ping_status":"closed","template":"","meta":[],"etheme_brands":[],"product_brand":[],"product_cat":[74],"product_tag":[],"class_list":{"0":"post-8149","1":"product","2":"type-product","3":"status-publish","4":"has-post-thumbnail","6":"product_cat-alimentos","8":"first","9":"instock","10":"taxable","11":"shipping-taxable","12":"purchasable","13":"product-type-simple"},"exclude_global_add_ons":[],"addons":[],"_links":{"self":[{"href":"https:\/\/paradiseproductscr.com\/fr\/wp-json\/wp\/v2\/product\/8149","targetHints":{"allow":["GET"]}}],"collection":[{"href":"https:\/\/paradiseproductscr.com\/fr\/wp-json\/wp\/v2\/product"}],"about":[{"href":"https:\/\/paradiseproductscr.com\/fr\/wp-json\/wp\/v2\/types\/product"}],"replies":[{"embeddable":true,"href":"https:\/\/paradiseproductscr.com\/fr\/wp-json\/wp\/v2\/comments?post=8149"}],"version-history":[{"count":0,"href":"https:\/\/paradiseproductscr.com\/fr\/wp-json\/wp\/v2\/product\/8149\/revisions"}],"wp:featuredmedia":[{"embeddable":true,"href":"https:\/\/paradiseproductscr.com\/fr\/wp-json\/wp\/v2\/media\/5706"}],"wp:attachment":[{"href":"https:\/\/paradiseproductscr.com\/fr\/wp-json\/wp\/v2\/media?parent=8149"}],"wp:term":[{"taxonomy":"brand","embeddable":true,"href":"https:\/\/paradiseproductscr.com\/fr\/wp-json\/wp\/v2\/etheme_brands?post=8149"},{"taxonomy":"product_brand","embeddable":true,"href":"https:\/\/paradiseproductscr.com\/fr\/wp-json\/wp\/v2\/product_brand?post=8149"},{"taxonomy":"product_cat","embeddable":true,"href":"https:\/\/paradiseproductscr.com\/fr\/wp-json\/wp\/v2\/product_cat?post=8149"},{"taxonomy":"product_tag","embeddable":true,"href":"https:\/\/paradiseproductscr.com\/fr\/wp-json\/wp\/v2\/product_tag?post=8149"}],"curies":[{"name":"wp","href":"https:\/\/api.w.org\/{rel}","templated":true}]}}