{"id":8150,"date":"2022-05-28T11:41:45","date_gmt":"2022-05-28T17:41:45","guid":{"rendered":"https:\/\/paradiseproductscr.com\/product\/entresijos-de-puntarenas\/"},"modified":"2024-01-05T10:24:23","modified_gmt":"2024-01-05T04:24:23","slug":"entresijos-de-puntarenas","status":"publish","type":"product","link":"https:\/\/paradiseproductscr.com\/fr\/produit\/entresijos-de-puntarenas\/","title":{"rendered":"Entresijos de Puntarenas"},"content":{"rendered":"<p>Collection Entresijos<\/p>\n<p class=\"franja\"><strong>\u00c2ge :<\/strong> pour tous les \u00e2ges<\/p>\n<p><strong>Pages:<\/strong>36<\/p>\n<p><strong>Finition:<\/strong> broch\u00e9 et coll\u00e9, papier couch\u00e9 150g<\/p>\n<p><strong>Textes:<\/strong> Anne Se\u00f1ol<\/p>\n<p><strong>Ilustrations:<\/strong> Olga Anaskina<\/p>\n<p>Avec la COlLECTION ENTRESIJOS DE COSTA RICA, l\u2019\u00e9ditorial La Jirafa y Yo veux partager avec nos lecteurs, petits et grands, des d\u00e9tails qui nous unissent, nous distinguent&#8230; et nous font sourire.<\/p>\n<p>Ce deuxi\u00e8me num\u00e9ro de la collection est d\u00e9di\u00e9 \u00e0 Puntarenas, le port attachant du Pacifique, que la plume d\u2019Anne Se\u00f1ol plasma en savoureuses vignettes agr\u00e9ment\u00e9es par la palette cr\u00e9atrice de l\u2019artiste et illustratrice russe Olga Anaskina.<\/p>\n<p>Il y a de l\u2019histoire, de la nostalgie et de la m\u00e9moire dans ces ZONES DE PUNTARENAS qui nous inciteront \u00e0 en savoir plus sur ce que nous sommes et d\u2019o\u00f9 nous venons et peut-\u00eatre nous aideront \u00e0 comprendre o\u00f9 nous allons.<\/p>\n","protected":false},"excerpt":{"rendered":"<p>Collection Entresijos<\/p>\n<p>Histoires cach\u00e9es, nostalgies et m\u00e9moires des sept provinces du Costa Rica. Des dessins color\u00e9s qui refl\u00e8tent la vie de nos peuples en qu\u00eate de bien-\u00eatre et de progr\u00e8s \u00e0 travers le temps.<\/p>\n","protected":false},"featured_media":5708,"comment_status":"closed","ping_status":"closed","template":"","meta":[],"etheme_brands":[],"product_brand":[],"product_cat":[593],"product_tag":[594,595,603,602,597,599,598,600,601,596],"class_list":{"0":"post-8150","1":"product","2":"type-product","3":"status-publish","4":"has-post-thumbnail","6":"product_cat-medias-et-musique","7":"product_tag-apprentissage","8":"product_tag-contes","9":"product_tag-enfants","10":"product_tag-filles","11":"product_tag-histoires","12":"product_tag-la-girafe-et-moi","13":"product_tag-langues","14":"product_tag-lecture","15":"product_tag-livres","16":"product_tag-scolaire","18":"first","19":"instock","20":"taxable","21":"shipping-taxable","22":"purchasable","23":"product-type-simple"},"exclude_global_add_ons":[],"addons":[],"_links":{"self":[{"href":"https:\/\/paradiseproductscr.com\/fr\/wp-json\/wp\/v2\/product\/8150","targetHints":{"allow":["GET"]}}],"collection":[{"href":"https:\/\/paradiseproductscr.com\/fr\/wp-json\/wp\/v2\/product"}],"about":[{"href":"https:\/\/paradiseproductscr.com\/fr\/wp-json\/wp\/v2\/types\/product"}],"replies":[{"embeddable":true,"href":"https:\/\/paradiseproductscr.com\/fr\/wp-json\/wp\/v2\/comments?post=8150"}],"version-history":[{"count":0,"href":"https:\/\/paradiseproductscr.com\/fr\/wp-json\/wp\/v2\/product\/8150\/revisions"}],"wp:featuredmedia":[{"embeddable":true,"href":"https:\/\/paradiseproductscr.com\/fr\/wp-json\/wp\/v2\/media\/5708"}],"wp:attachment":[{"href":"https:\/\/paradiseproductscr.com\/fr\/wp-json\/wp\/v2\/media?parent=8150"}],"wp:term":[{"taxonomy":"brand","embeddable":true,"href":"https:\/\/paradiseproductscr.com\/fr\/wp-json\/wp\/v2\/etheme_brands?post=8150"},{"taxonomy":"product_brand","embeddable":true,"href":"https:\/\/paradiseproductscr.com\/fr\/wp-json\/wp\/v2\/product_brand?post=8150"},{"taxonomy":"product_cat","embeddable":true,"href":"https:\/\/paradiseproductscr.com\/fr\/wp-json\/wp\/v2\/product_cat?post=8150"},{"taxonomy":"product_tag","embeddable":true,"href":"https:\/\/paradiseproductscr.com\/fr\/wp-json\/wp\/v2\/product_tag?post=8150"}],"curies":[{"name":"wp","href":"https:\/\/api.w.org\/{rel}","templated":true}]}}