{"id":8154,"date":"2022-05-28T17:41:45","date_gmt":"2022-05-28T23:41:45","guid":{"rendered":"https:\/\/paradiseproductscr.com\/product\/encanta-mientos\/"},"modified":"2022-05-28T17:41:45","modified_gmt":"2022-05-28T11:41:45","slug":"encanta-mientos","status":"publish","type":"product","link":"https:\/\/paradiseproductscr.com\/fr\/produit\/encanta-mientos\/","title":{"rendered":"Encanta-mientos"},"content":{"rendered":"<p>De notre collection scolaire, pour les gar\u00e7ons et les filles en cinqui\u00e8me ann\u00e9e de l\u2019\u00e9cole.<\/p>\n<p class=\"franja\"><strong>Ages:<\/strong> 9 -12 ans<\/p>\n<p><strong>Ann\u00e9e d&rsquo;\u00e9tudes :<\/strong> cinqui\u00e8me<\/p>\n<p><strong>Pages:<\/strong>244<\/p>\n<p><strong>Finition:<\/strong> rustique encoll\u00e9 et cousu, papier Ledger 90g<\/p>\n<p><strong>Auteurs:<\/strong> Anne Se\u00f1ol (auteure et compilatrice)<\/p>\n<p><strong>Ilustrateurs:<\/strong> Olga Anaskina et H\u00e9ctor Gamboa<\/p>\n<p>C\u2019est magique et c\u2019est un sort. C\u2019est suggestif et fascinant. C\u2019est l\u2019int\u00e9r\u00eat et la fascination. Et il y a 20 autres synonymes. Presque tous s\u2019appliquent au pouvoir de la parole \u00e9crite, le mot cultiv\u00e9 pour semer ou provoquer des images dans nos esprits. Les \u00e9crivains sont des magiciens, des sorciers, des sorciers qui font cuire dans leurs marmites d\u2019encre des histoires qui nous paraissent fausses, et parfois elles le sont, mais nous les aimons !<\/p>\n<p>Comme s\u2019il s\u2019agissait d\u2019une convention internationale d\u2019alchimistes et d\u2019escrocs, nous avons convoqu\u00e9 une pl\u00e9iade d\u2019\u00e9crivains proches et lointains, depuis le Salvadorien Salarru\u00e9, le Nicaraguayen Dario et le Guat\u00e9malt\u00e8que des Asturies, jusqu\u2019\u00e0 l\u2019anglais Kipling, le Russe Turgueniev et le Tch\u00e8que Chapek, et trente autres \u00ab\u00a0menteurs\u00a0\u00bb.<\/p>\n","protected":false},"excerpt":{"rendered":"<p>C\u2019est magique et c\u2019est un sort. C\u2019est suggestif et fascinant. C\u2019est l\u2019int\u00e9r\u00eat et la fascination. Et il y a 20 autres synonymes. Presque tous s\u2019appliquent au pouvoir de la parole \u00e9crite, le mot cultiv\u00e9 pour semer ou provoquer des images dans nos esprits. Les \u00e9crivains sont des magiciens, des sorciers, des sorciers qui font cuire dans leurs marmites d\u2019encre des histoires qui nous paraissent fausses, et parfois elles le sont, mais nous les aimons !<\/p>\n<p>Comme s\u2019il s\u2019agissait d\u2019une convention internationale d\u2019alchimistes et d\u2019escrocs, nous avons convoqu\u00e9 une pl\u00e9iade d\u2019\u00e9crivains proches et lointains, depuis le Salvadorien Salarru\u00e9, le Nicaraguayen Dario et le Guat\u00e9malt\u00e8que des Asturies, jusqu\u2019\u00e0 l\u2019anglais Kipling, le Russe Turgueniev et le Tch\u00e8que Chapek, et trente autres \u00ab\u00a0menteurs\u00a0\u00bb.<\/p>\n","protected":false},"featured_media":5712,"comment_status":"closed","ping_status":"closed","template":"","meta":[],"etheme_brands":[],"product_brand":[],"product_cat":[74],"product_tag":[],"class_list":{"0":"post-8154","1":"product","2":"type-product","3":"status-publish","4":"has-post-thumbnail","6":"product_cat-alimentos","8":"first","9":"instock","10":"taxable","11":"shipping-taxable","12":"purchasable","13":"product-type-simple"},"exclude_global_add_ons":[],"addons":[],"_links":{"self":[{"href":"https:\/\/paradiseproductscr.com\/fr\/wp-json\/wp\/v2\/product\/8154","targetHints":{"allow":["GET"]}}],"collection":[{"href":"https:\/\/paradiseproductscr.com\/fr\/wp-json\/wp\/v2\/product"}],"about":[{"href":"https:\/\/paradiseproductscr.com\/fr\/wp-json\/wp\/v2\/types\/product"}],"replies":[{"embeddable":true,"href":"https:\/\/paradiseproductscr.com\/fr\/wp-json\/wp\/v2\/comments?post=8154"}],"version-history":[{"count":0,"href":"https:\/\/paradiseproductscr.com\/fr\/wp-json\/wp\/v2\/product\/8154\/revisions"}],"wp:featuredmedia":[{"embeddable":true,"href":"https:\/\/paradiseproductscr.com\/fr\/wp-json\/wp\/v2\/media\/5712"}],"wp:attachment":[{"href":"https:\/\/paradiseproductscr.com\/fr\/wp-json\/wp\/v2\/media?parent=8154"}],"wp:term":[{"taxonomy":"brand","embeddable":true,"href":"https:\/\/paradiseproductscr.com\/fr\/wp-json\/wp\/v2\/etheme_brands?post=8154"},{"taxonomy":"product_brand","embeddable":true,"href":"https:\/\/paradiseproductscr.com\/fr\/wp-json\/wp\/v2\/product_brand?post=8154"},{"taxonomy":"product_cat","embeddable":true,"href":"https:\/\/paradiseproductscr.com\/fr\/wp-json\/wp\/v2\/product_cat?post=8154"},{"taxonomy":"product_tag","embeddable":true,"href":"https:\/\/paradiseproductscr.com\/fr\/wp-json\/wp\/v2\/product_tag?post=8154"}],"curies":[{"name":"wp","href":"https:\/\/api.w.org\/{rel}","templated":true}]}}