{"id":8155,"date":"2022-05-28T17:41:40","date_gmt":"2022-05-28T23:41:40","guid":{"rendered":"https:\/\/paradiseproductscr.com\/product\/fauteuil-a-bascule-de-textalina\/"},"modified":"2022-05-28T17:41:40","modified_gmt":"2022-05-28T11:41:40","slug":"fauteuil-a-bascule-de-textalina","status":"publish","type":"product","link":"https:\/\/paradiseproductscr.com\/fr\/produit\/fauteuil-a-bascule-de-textalina\/","title":{"rendered":"Fauteuil \u00e0 bascule de Textalina"},"content":{"rendered":"<p>Rocking-chair en bois et Textalina, faite \u00e0 Sarch\u00ed Costa Rica berceau de l\u2019artisanat national.<\/p>\n","protected":false},"excerpt":{"rendered":"<p>Rocking-chair en bois et Textalina, faite \u00e0 Sarch\u00ed Costa Rica berceau de l\u2019artisanat national.<\/p>\n","protected":false},"featured_media":5280,"comment_status":"open","ping_status":"closed","template":"","meta":[],"etheme_brands":[],"product_brand":[],"product_cat":[579],"product_tag":[583,584,588,581,585,582,587,589,586,590,591,592],"class_list":{"0":"post-8155","1":"product","2":"type-product","3":"status-publish","4":"has-post-thumbnail","6":"product_cat-foyer","7":"product_tag-art-traditionnel","8":"product_tag-artisanal-fr","9":"product_tag-bois","10":"product_tag-costa-rica-fr","11":"product_tag-cuisine","12":"product_tag-decoration-fr","13":"product_tag-foyer","14":"product_tag-marque-nationale","15":"product_tag-modeles-traditionnels","16":"product_tag-peint-a-la-main","17":"product_tag-sarchi-fr","18":"product_tag-sarchivirtual-fr","20":"first","21":"instock","22":"taxable","23":"shipping-taxable","24":"purchasable","25":"product-type-simple"},"exclude_global_add_ons":[],"addons":[],"_links":{"self":[{"href":"https:\/\/paradiseproductscr.com\/fr\/wp-json\/wp\/v2\/product\/8155","targetHints":{"allow":["GET"]}}],"collection":[{"href":"https:\/\/paradiseproductscr.com\/fr\/wp-json\/wp\/v2\/product"}],"about":[{"href":"https:\/\/paradiseproductscr.com\/fr\/wp-json\/wp\/v2\/types\/product"}],"replies":[{"embeddable":true,"href":"https:\/\/paradiseproductscr.com\/fr\/wp-json\/wp\/v2\/comments?post=8155"}],"version-history":[{"count":0,"href":"https:\/\/paradiseproductscr.com\/fr\/wp-json\/wp\/v2\/product\/8155\/revisions"}],"wp:featuredmedia":[{"embeddable":true,"href":"https:\/\/paradiseproductscr.com\/fr\/wp-json\/wp\/v2\/media\/5280"}],"wp:attachment":[{"href":"https:\/\/paradiseproductscr.com\/fr\/wp-json\/wp\/v2\/media?parent=8155"}],"wp:term":[{"taxonomy":"brand","embeddable":true,"href":"https:\/\/paradiseproductscr.com\/fr\/wp-json\/wp\/v2\/etheme_brands?post=8155"},{"taxonomy":"product_brand","embeddable":true,"href":"https:\/\/paradiseproductscr.com\/fr\/wp-json\/wp\/v2\/product_brand?post=8155"},{"taxonomy":"product_cat","embeddable":true,"href":"https:\/\/paradiseproductscr.com\/fr\/wp-json\/wp\/v2\/product_cat?post=8155"},{"taxonomy":"product_tag","embeddable":true,"href":"https:\/\/paradiseproductscr.com\/fr\/wp-json\/wp\/v2\/product_tag?post=8155"}],"curies":[{"name":"wp","href":"https:\/\/api.w.org\/{rel}","templated":true}]}}