{"id":8157,"date":"2022-05-28T17:41:26","date_gmt":"2022-05-28T11:41:26","guid":{"rendered":"https:\/\/paradiseproductscr.com\/product\/carebarro-paresseux-grand-sac-a-dos\/"},"modified":"2022-05-28T17:41:26","modified_gmt":"2022-05-28T11:41:26","slug":"carebarro-paresseux-grand-sac-a-dos","status":"publish","type":"product","link":"https:\/\/paradiseproductscr.com\/fr\/produit\/carebarro-paresseux-grand-sac-a-dos\/","title":{"rendered":"Carebarro Paresseux Grand Sac \u00e0 dos"},"content":{"rendered":"<p>Los carebarros sont des poup\u00e9es artistiques, r\u00e9interpr\u00e9tations des vieilles poup\u00e9es de porcelaine, avec fonction de sac \u00e0 dos.<\/p>\n<p>En utilisant de la c\u00e9ramique pour le visage et faire le reste du corps de tissu super doux. Ces carebarro ont une fonction de sac \u00e0 dos.<\/p>\n<p>Fabriqu\u00e9 au Costa Rica avec de l\u2019amour et de l\u2019argile.<\/p>\n<p>&nbsp;<\/p>\n","protected":false},"excerpt":{"rendered":"<p>Carebarro Monsturito. Sac \u00e0 dos cr\u00e9\u00e9 par l\u2019artiste plastique Raquel Rodriguez.<\/p>\n<p>Mat\u00e9riaux:<\/p>\n<ul>\n<li>argile<\/li>\n<li>Tissu et remplissage<\/li>\n<li>Style Sac \u00e0 dos<\/li>\n<\/ul>\n","protected":false},"featured_media":4266,"comment_status":"closed","ping_status":"closed","template":"","meta":[],"etheme_brands":[],"product_brand":[],"product_cat":[358,579],"product_tag":[],"class_list":{"0":"post-8157","1":"product","2":"type-product","3":"status-publish","4":"has-post-thumbnail","6":"product_cat-art-fr","7":"product_cat-foyer","9":"first","10":"outofstock","11":"taxable","12":"shipping-taxable","13":"purchasable","14":"product-type-variable","15":"has-default-attributes"},"exclude_global_add_ons":[],"addons":[],"_links":{"self":[{"href":"https:\/\/paradiseproductscr.com\/fr\/wp-json\/wp\/v2\/product\/8157","targetHints":{"allow":["GET"]}}],"collection":[{"href":"https:\/\/paradiseproductscr.com\/fr\/wp-json\/wp\/v2\/product"}],"about":[{"href":"https:\/\/paradiseproductscr.com\/fr\/wp-json\/wp\/v2\/types\/product"}],"replies":[{"embeddable":true,"href":"https:\/\/paradiseproductscr.com\/fr\/wp-json\/wp\/v2\/comments?post=8157"}],"version-history":[{"count":0,"href":"https:\/\/paradiseproductscr.com\/fr\/wp-json\/wp\/v2\/product\/8157\/revisions"}],"wp:featuredmedia":[{"embeddable":true,"href":"https:\/\/paradiseproductscr.com\/fr\/wp-json\/wp\/v2\/media\/4266"}],"wp:attachment":[{"href":"https:\/\/paradiseproductscr.com\/fr\/wp-json\/wp\/v2\/media?parent=8157"}],"wp:term":[{"taxonomy":"brand","embeddable":true,"href":"https:\/\/paradiseproductscr.com\/fr\/wp-json\/wp\/v2\/etheme_brands?post=8157"},{"taxonomy":"product_brand","embeddable":true,"href":"https:\/\/paradiseproductscr.com\/fr\/wp-json\/wp\/v2\/product_brand?post=8157"},{"taxonomy":"product_cat","embeddable":true,"href":"https:\/\/paradiseproductscr.com\/fr\/wp-json\/wp\/v2\/product_cat?post=8157"},{"taxonomy":"product_tag","embeddable":true,"href":"https:\/\/paradiseproductscr.com\/fr\/wp-json\/wp\/v2\/product_tag?post=8157"}],"curies":[{"name":"wp","href":"https:\/\/api.w.org\/{rel}","templated":true}]}}